{"id":53510,"date":"2022-06-22T11:28:04","date_gmt":"2022-06-22T09:28:04","guid":{"rendered":"https:\/\/secureus.se\/produkt\/radiomottagare-sel2641r433-xpl-4\/"},"modified":"2026-04-08T16:56:36","modified_gmt":"2026-04-08T14:56:36","slug":"radiomottagare-sel2641r433-xpl-4","status":"publish","type":"product","link":"https:\/\/secureus.se\/pl\/radiomottagare-sel2641r433-xpl-4\/","title":{"rendered":"Odbiornik radiowy Sel2641R433-Xpl"},"content":{"rendered":"<p>Bezprzewodowy odbiornik radiowy z zasilaniem 230V i miejscem na 500 nadajnik\u00f3w. Doskona\u0142y do sterowania bramami, furtkami, o\u015bwietleniem, alarmami itp. Wyj\u015bcie przeka\u017anikowe o mocy 3,5 kW programowalne jako impulsowe, przemienne, sterowane czasowo lub z funkcj\u0105 w\u0142\u0105czania\/wy\u0142\u0105czania. Odbiornik radiowy posiada pod\u015bwietlany wy\u015bwietlacz LCD u\u0142atwiaj\u0105cy programowanie. Istnieje mo\u017cliwo\u015b\u0107 wsadowego \u0142adowania nadajnik\u00f3w w kolejno\u015bci numer\u00f3w seryjnych i tworzenia kopii zapasowych w pami\u0119ci (MXPL) oraz mo\u017cliwo\u015b\u0107 zwi\u0119kszenia zasi\u0119gu za pomoc\u0105 anteny zewn\u0119trznej (SEA433). Szyfrowanie: kod zmienny KeeLoq\u00ae. Cz\u0119stotliwo\u015b\u0107: 433,92 MHz.<\/p>","protected":false},"excerpt":{"rendered":"<p>Bezprzewodowy odbiornik radiowy z zasilaniem 230V i miejscem na 500 nadajnik\u00f3w. Doskona\u0142y do sterowania bramami, furtkami, o\u015bwietleniem, alarmami itp. Wyj\u015bcie przeka\u017anikowe o mocy 3,5 kW programowalne jako funkcja impulsowa, naprzemienna, czasowa lub w\u0142.\/wy\u0142.<\/p>","protected":false},"featured_media":143864,"template":"","meta":{"_acf_changed":false},"product_brand":[],"product_cat":[1616],"product_tag":[2272],"class_list":{"0":"post-53510","1":"product","2":"type-product","3":"status-publish","4":"has-post-thumbnail","6":"product_cat-radiosandare-mottagare","7":"product_tag-radio-mottagare-erone","8":"product_shipping_class-tunga-paket","9":"tm-no-options","11":"first","12":"outofstock","13":"sale","14":"taxable","15":"shipping-taxable","16":"purchasable","17":"product-type-simple"},"acf":[],"_links":{"self":[{"href":"https:\/\/secureus.se\/pl\/wp-json\/wp\/v2\/product\/53510","targetHints":{"allow":["GET"]}}],"collection":[{"href":"https:\/\/secureus.se\/pl\/wp-json\/wp\/v2\/product"}],"about":[{"href":"https:\/\/secureus.se\/pl\/wp-json\/wp\/v2\/types\/product"}],"wp:featuredmedia":[{"embeddable":true,"href":"https:\/\/secureus.se\/pl\/wp-json\/wp\/v2\/media\/143864"}],"wp:attachment":[{"href":"https:\/\/secureus.se\/pl\/wp-json\/wp\/v2\/media?parent=53510"}],"wp:term":[{"taxonomy":"product_brand","embeddable":true,"href":"https:\/\/secureus.se\/pl\/wp-json\/wp\/v2\/product_brand?post=53510"},{"taxonomy":"product_cat","embeddable":true,"href":"https:\/\/secureus.se\/pl\/wp-json\/wp\/v2\/product_cat?post=53510"},{"taxonomy":"product_tag","embeddable":true,"href":"https:\/\/secureus.se\/pl\/wp-json\/wp\/v2\/product_tag?post=53510"}],"curies":[{"name":"wp","href":"https:\/\/api.w.org\/{rel}","templated":true}]}}