{"id":53519,"date":"2022-06-22T11:23:25","date_gmt":"2022-06-22T09:23:25","guid":{"rendered":"https:\/\/secureus.se\/produkt\/tradlost-kodlas-galeo-r\/"},"modified":"2026-04-23T11:59:19","modified_gmt":"2026-04-23T09:59:19","slug":"tradlost-kodlas-galeo-r","status":"publish","type":"product","link":"https:\/\/secureus.se\/pl\/tradlost-kodlas-galeo-r\/","title":{"rendered":"Bezprzewodowy zamek szyfrowy Galeo R"},"content":{"rendered":"<h1>Bezprzewodowy zamek szyfrowy Galeo R<\/h1>\n<p>GALEO R to odporny na akty wandalizmu bezprzewodowy zamek szyfrowy z 22 opcjonalnymi cztero- lub pi\u0119ciocyfrowymi kodami u\u017cytkownika.<\/p>\n<p>Ca\u0142e programowanie odbywa si\u0119 za pomoc\u0105 klawiatury.<\/p>\n<p>Mo\u017cna sterowa\u0107 dwoma drzwiami\/funkcjami.<\/p>\n<p>Zamek szyfrowy wykonany z odlewu aluminiowego.<\/p>\n<p>Pod\u015bwietlane przyciski, \u015bwiec\u0105ce przez 5 sekund po ostatnim naci\u015bni\u0119ciu.<\/p>\n<p>Pasuje do wszystkich odbiornik\u00f3w radiowych CDVI pracuj\u0105cych na tej samej cz\u0119stotliwo\u015bci (433,92 MHz).<\/p>\n<p>Doskonale nadaje si\u0119 do sterowania automatyk\u0105 drzwi, zamkami, systemami kontroli dost\u0119pu itp.<\/p>\n<p>Stopie\u0144 ochrony obudowy: IP64 (mo\u017cna montowa\u0107 bez zabezpieczenia przed warunkami atmosferycznymi)<\/p>","protected":false},"excerpt":{"rendered":"<p>GALEO R to odporny na akty wandalizmu bezprzewodowy zamek szyfrowy z 22 opcjonalnymi cztero- lub pi\u0119ciocyfrowymi kodami u\u017cytkownika.<\/p>","protected":false},"featured_media":144326,"template":"","meta":{"_acf_changed":false},"product_brand":[],"product_cat":[1481],"product_tag":[],"class_list":{"0":"post-53519","1":"product","2":"type-product","3":"status-publish","4":"has-post-thumbnail","6":"product_cat-kodlas-kodlas","7":"product_shipping_class-tunga-paket","8":"pa_farg-gra","9":"tm-no-options","11":"first","12":"outofstock","13":"sale","14":"taxable","15":"shipping-taxable","16":"purchasable","17":"product-type-simple"},"acf":[],"_links":{"self":[{"href":"https:\/\/secureus.se\/pl\/wp-json\/wp\/v2\/product\/53519","targetHints":{"allow":["GET"]}}],"collection":[{"href":"https:\/\/secureus.se\/pl\/wp-json\/wp\/v2\/product"}],"about":[{"href":"https:\/\/secureus.se\/pl\/wp-json\/wp\/v2\/types\/product"}],"wp:featuredmedia":[{"embeddable":true,"href":"https:\/\/secureus.se\/pl\/wp-json\/wp\/v2\/media\/144326"}],"wp:attachment":[{"href":"https:\/\/secureus.se\/pl\/wp-json\/wp\/v2\/media?parent=53519"}],"wp:term":[{"taxonomy":"product_brand","embeddable":true,"href":"https:\/\/secureus.se\/pl\/wp-json\/wp\/v2\/product_brand?post=53519"},{"taxonomy":"product_cat","embeddable":true,"href":"https:\/\/secureus.se\/pl\/wp-json\/wp\/v2\/product_cat?post=53519"},{"taxonomy":"product_tag","embeddable":true,"href":"https:\/\/secureus.se\/pl\/wp-json\/wp\/v2\/product_tag?post=53519"}],"curies":[{"name":"wp","href":"https:\/\/api.w.org\/{rel}","templated":true}]}}