{"id":53521,"date":"2022-06-22T11:22:50","date_gmt":"2022-06-22T09:22:50","guid":{"rendered":"https:\/\/secureus.se\/produkt\/radiosandare-setmc433-bd\/"},"modified":"2026-04-23T11:59:31","modified_gmt":"2026-04-23T09:59:31","slug":"radiosandare-setmc433-bd","status":"publish","type":"product","link":"https:\/\/secureus.se\/pl\/radiosandare-setmc433-bd\/","title":{"rendered":"Nadajnik radiowy Setmc433-Bd"},"content":{"rendered":"<p>Nadajnik radiowy do monta\u017cu DIN z czterema kana\u0142ami, mo\u017ce by\u0107 montowany wewn\u0105trz pomieszcze\u0144 i ma du\u017cy zasi\u0119g. Nadajnik radiowy posiada cztery wej\u015bcia dla zewn\u0119trznych przycisk\u00f3w, a si\u0142\u0119 sygna\u0142u mo\u017cna poprawi\u0107 za pomoc\u0105 anteny (SEA433). Pasuje do wszystkich odbiornik\u00f3w radiowych CDVI pracuj\u0105cych na tej samej cz\u0119stotliwo\u015bci (433,92 MHz). Doskona\u0142y do sterowania automatycznymi drzwiami, o\u015bwietleniem, alarmami itp.<\/p>","protected":false},"excerpt":{"rendered":"<p>Radios\u00e4ndare f\u00f6r DIN-montage med fyra kanal, kan monteras inomhus och har l\u00e5ng r\u00e4ckvidd. Radios\u00e4ndaren har fyra stycken ing\u00e5ngar f\u00f6r externa tryckknappar och signalstyrkan kan f\u00f6rb\u00e4ttras med hj\u00e4lp av en antenn<\/p>","protected":false},"featured_media":143519,"template":"","meta":{"_acf_changed":false},"product_brand":[],"product_cat":[1616],"product_tag":[2273],"class_list":{"0":"post-53521","1":"product","2":"type-product","3":"status-publish","4":"has-post-thumbnail","6":"product_cat-radiosandare-mottagare","7":"product_tag-radio-sandare-erone","8":"product_shipping_class-postnord-varubrev","9":"pa_brands-cdvi","10":"tm-no-options","12":"first","13":"outofstock","14":"sale","15":"taxable","16":"shipping-taxable","17":"purchasable","18":"product-type-simple"},"acf":[],"_links":{"self":[{"href":"https:\/\/secureus.se\/pl\/wp-json\/wp\/v2\/product\/53521","targetHints":{"allow":["GET"]}}],"collection":[{"href":"https:\/\/secureus.se\/pl\/wp-json\/wp\/v2\/product"}],"about":[{"href":"https:\/\/secureus.se\/pl\/wp-json\/wp\/v2\/types\/product"}],"wp:featuredmedia":[{"embeddable":true,"href":"https:\/\/secureus.se\/pl\/wp-json\/wp\/v2\/media\/143519"}],"wp:attachment":[{"href":"https:\/\/secureus.se\/pl\/wp-json\/wp\/v2\/media?parent=53521"}],"wp:term":[{"taxonomy":"product_brand","embeddable":true,"href":"https:\/\/secureus.se\/pl\/wp-json\/wp\/v2\/product_brand?post=53521"},{"taxonomy":"product_cat","embeddable":true,"href":"https:\/\/secureus.se\/pl\/wp-json\/wp\/v2\/product_cat?post=53521"},{"taxonomy":"product_tag","embeddable":true,"href":"https:\/\/secureus.se\/pl\/wp-json\/wp\/v2\/product_tag?post=53521"}],"curies":[{"name":"wp","href":"https:\/\/api.w.org\/{rel}","templated":true}]}}