{"id":53522,"date":"2022-06-22T11:21:58","date_gmt":"2022-06-22T09:21:58","guid":{"rendered":"https:\/\/secureus.se\/produkt\/radiosandare-tth2641e1n\/"},"modified":"2026-04-08T16:39:56","modified_gmt":"2026-04-08T14:39:56","slug":"radiosandare-tth2641e1n","status":"publish","type":"product","link":"https:\/\/secureus.se\/pl\/radiosandare-tth2641e1n\/","title":{"rendered":"Nadajnik radiowy Tth2641E1N"},"content":{"rendered":"<p>Na\u015bcienny nadajnik radiowy o stylowym wygl\u0105dzie, jednokana\u0142owy i dotykowy, z mo\u017cliwo\u015bci\u0105 monta\u017cu na zewn\u0105trz (IP55) i du\u017cym zasi\u0119giem. Pasuje do wszystkich odbiornik\u00f3w radiowych CDVI pracuj\u0105cych na tej samej cz\u0119stotliwo\u015bci (433,92 MHz). Doskona\u0142y do sterowania automatycznymi drzwiami, o\u015bwietleniem, alarmami itp. Dost\u0119pny r\u00f3wnie\u017c w kolorze bia\u0142ym.<\/p>","protected":false},"excerpt":{"rendered":"<p>V\u00e4ggmonterad radios\u00e4ndare i snygg design med en kanal och touch funktion, kan monteras utomhus (IP55) och har l\u00e5ng r\u00e4ckvidd. Passar till alla CDVI:s radiomottagare som arbetar p\u00e5 samma frekvens (433.92MHz).<\/p>","protected":false},"featured_media":143918,"template":"","meta":{"_acf_changed":false},"product_brand":[],"product_cat":[1616],"product_tag":[2273],"class_list":{"0":"post-53522","1":"product","2":"type-product","3":"status-publish","4":"has-post-thumbnail","6":"product_cat-radiosandare-mottagare","7":"product_tag-radio-sandare-erone","8":"product_shipping_class-postnord-varubrev","9":"pa_brands-cdvi","10":"tm-no-options","12":"first","13":"outofstock","14":"sale","15":"taxable","16":"shipping-taxable","17":"purchasable","18":"product-type-simple"},"acf":[],"_links":{"self":[{"href":"https:\/\/secureus.se\/pl\/wp-json\/wp\/v2\/product\/53522","targetHints":{"allow":["GET"]}}],"collection":[{"href":"https:\/\/secureus.se\/pl\/wp-json\/wp\/v2\/product"}],"about":[{"href":"https:\/\/secureus.se\/pl\/wp-json\/wp\/v2\/types\/product"}],"wp:featuredmedia":[{"embeddable":true,"href":"https:\/\/secureus.se\/pl\/wp-json\/wp\/v2\/media\/143918"}],"wp:attachment":[{"href":"https:\/\/secureus.se\/pl\/wp-json\/wp\/v2\/media?parent=53522"}],"wp:term":[{"taxonomy":"product_brand","embeddable":true,"href":"https:\/\/secureus.se\/pl\/wp-json\/wp\/v2\/product_brand?post=53522"},{"taxonomy":"product_cat","embeddable":true,"href":"https:\/\/secureus.se\/pl\/wp-json\/wp\/v2\/product_cat?post=53522"},{"taxonomy":"product_tag","embeddable":true,"href":"https:\/\/secureus.se\/pl\/wp-json\/wp\/v2\/product_tag?post=53522"}],"curies":[{"name":"wp","href":"https:\/\/api.w.org\/{rel}","templated":true}]}}