{"id":53526,"date":"2022-06-22T11:20:07","date_gmt":"2022-06-22T09:20:07","guid":{"rendered":"https:\/\/secureus.se\/produkt\/radiosandare-setmc1c9v\/"},"modified":"2026-03-26T12:21:35","modified_gmt":"2026-03-26T11:21:35","slug":"radiosandare-setmc1c9v","status":"publish","type":"product","link":"https:\/\/secureus.se\/pl\/radiosandare-setmc1c9v\/","title":{"rendered":"Nadajnik radiowy Setmc1C9V"},"content":{"rendered":"<p>Ma\u0142y wbudowany nadajnik radiowy, idealny do wbudowania w z\u0142\u0105cza k\u0105towe lub inne urz\u0105dzenia, d\u0142ugi czas pracy na baterii. Pasuje do wszystkich odbiornik\u00f3w radiowych CDVI pracuj\u0105cych na tej samej cz\u0119stotliwo\u015bci (433,92 MHz). Doskona\u0142y do sterowania automatycznymi drzwiami, o\u015bwietleniem, alarmami itp.<\/p>","protected":false},"excerpt":{"rendered":"<p>Liten radios\u00e4ndare f\u00f6r inbyggnad, perfekt f\u00f6r att bygga in i armb\u00e5gskontakter eller andra enheter, l\u00e5ng batteritid. Passar till alla CDVI:s radiomottagare som arbetar p\u00e5 samma frekvens (433.92MHz). Utm\u00e4rkt f\u00f6r att<\/p>","protected":false},"featured_media":144346,"template":"","meta":{"_acf_changed":false},"product_brand":[],"product_cat":[1616],"product_tag":[2273],"class_list":{"0":"post-53526","1":"product","2":"type-product","3":"status-publish","4":"has-post-thumbnail","6":"product_cat-radiosandare-mottagare","7":"product_tag-radio-sandare-erone","8":"product_shipping_class-postnord-varubrev","9":"pa_brands-cdvi","10":"tm-no-options","12":"first","13":"outofstock","14":"sale","15":"taxable","16":"shipping-taxable","17":"purchasable","18":"product-type-simple"},"acf":[],"_links":{"self":[{"href":"https:\/\/secureus.se\/pl\/wp-json\/wp\/v2\/product\/53526","targetHints":{"allow":["GET"]}}],"collection":[{"href":"https:\/\/secureus.se\/pl\/wp-json\/wp\/v2\/product"}],"about":[{"href":"https:\/\/secureus.se\/pl\/wp-json\/wp\/v2\/types\/product"}],"wp:featuredmedia":[{"embeddable":true,"href":"https:\/\/secureus.se\/pl\/wp-json\/wp\/v2\/media\/144346"}],"wp:attachment":[{"href":"https:\/\/secureus.se\/pl\/wp-json\/wp\/v2\/media?parent=53526"}],"wp:term":[{"taxonomy":"product_brand","embeddable":true,"href":"https:\/\/secureus.se\/pl\/wp-json\/wp\/v2\/product_brand?post=53526"},{"taxonomy":"product_cat","embeddable":true,"href":"https:\/\/secureus.se\/pl\/wp-json\/wp\/v2\/product_cat?post=53526"},{"taxonomy":"product_tag","embeddable":true,"href":"https:\/\/secureus.se\/pl\/wp-json\/wp\/v2\/product_tag?post=53526"}],"curies":[{"name":"wp","href":"https:\/\/api.w.org\/{rel}","templated":true}]}}