{"id":53530,"date":"2022-06-21T18:14:22","date_gmt":"2022-06-21T16:14:22","guid":{"rendered":"https:\/\/secureus.se\/produkt\/fargo-hdp-5000-5600-holographic-film-high-secure-orbit-design-500-images\/"},"modified":"2026-04-23T12:41:30","modified_gmt":"2026-04-23T10:41:30","slug":"ribbon-fargo-hdp-5000-5600-holographic-film-high-secure-orbit-design-500-images","status":"publish","type":"product","link":"https:\/\/secureus.se\/pl\/ribbon-fargo-hdp-5000-5600-holographic-film-high-secure-orbit-design-500-images\/","title":{"rendered":"Film holograficzny Fargo \u2013 5000, orbita o wysokim poziomie bezpiecze\u0144stwa (500 obraz\u00f3w)"},"content":{"rendered":"<h1>Holograficzny<br \/>\n  film Fargo \u2013 5000, Wysoka Bezpieczna Orbita (500 obraz\u00f3w)<\/h1>\n<p>Oryginalny tekst produktu zawiera\u0142 jedynie oznaczenie, \u017ce<br \/>\n  Produkt nie powinien by\u0107 u\u017cywany. Przed u\u017cyciem sprawd\u017a informacje o produkcie.<br \/>\n  publikacja.<\/p>\n<ul>\n<li>Projekt orbity dla wi\u0119kszego bezpiecze\u0144stwa<\/li>\n<li>Numer artyku\u0142u: 84501<\/li>\n<\/ul>\n<p><strong>Waga produktu:<\/strong> 0,00 kg<\/p>","protected":false},"excerpt":{"rendered":"<p>Wst\u0105\u017cka kolorowa \u2013 Wst\u0105\u017cka \u2013 Przenie\u015b ponownie do drukarki kart i drukarki kart plastikowych<\/p>","protected":false},"featured_media":143625,"template":"","meta":{"_acf_changed":false},"product_brand":[],"product_cat":[3214],"product_tag":[3201,4863,2924,3069],"class_list":{"0":"post-53530","1":"product","2":"type-product","3":"status-publish","4":"has-post-thumbnail","6":"product_cat-fargo-fargband-retransfer","7":"product_tag-fargo-tillbehor","8":"product_tag-pf","9":"product_tag-ribbon-clearfilm-hologram-ovrigt","10":"product_tag-trade-produkt","11":"product_shipping_class-tunga-paket","12":"pa_brands-fargo","13":"pa_fargband-kortskrivare-fargo","14":"tm-has-options","16":"first","17":"instock","18":"sale","19":"taxable","20":"shipping-taxable","21":"purchasable","22":"product-type-simple"},"acf":[],"_links":{"self":[{"href":"https:\/\/secureus.se\/pl\/wp-json\/wp\/v2\/product\/53530","targetHints":{"allow":["GET"]}}],"collection":[{"href":"https:\/\/secureus.se\/pl\/wp-json\/wp\/v2\/product"}],"about":[{"href":"https:\/\/secureus.se\/pl\/wp-json\/wp\/v2\/types\/product"}],"wp:featuredmedia":[{"embeddable":true,"href":"https:\/\/secureus.se\/pl\/wp-json\/wp\/v2\/media\/143625"}],"wp:attachment":[{"href":"https:\/\/secureus.se\/pl\/wp-json\/wp\/v2\/media?parent=53530"}],"wp:term":[{"taxonomy":"product_brand","embeddable":true,"href":"https:\/\/secureus.se\/pl\/wp-json\/wp\/v2\/product_brand?post=53530"},{"taxonomy":"product_cat","embeddable":true,"href":"https:\/\/secureus.se\/pl\/wp-json\/wp\/v2\/product_cat?post=53530"},{"taxonomy":"product_tag","embeddable":true,"href":"https:\/\/secureus.se\/pl\/wp-json\/wp\/v2\/product_tag?post=53530"}],"curies":[{"name":"wp","href":"https:\/\/api.w.org\/{rel}","templated":true}]}}