{"id":53531,"date":"2022-06-21T18:14:17","date_gmt":"2022-06-21T16:14:17","guid":{"rendered":"https:\/\/secureus.se\/produkt\/fargo-hdp5600-ymckiki-full-color-ribbon-with-two-resin-black-and-inhibitor-panels-400-cards-with-ymcki-on-front-and-ki-on-bac\/"},"modified":"2026-04-08T17:08:47","modified_gmt":"2026-04-08T15:08:47","slug":"ribbon-fargo-hdp5600-ymckiki-full-color-ribbon-with-two-resin-black-and-inhibitor-panels-400-cards-with-ymcki-on-front-and-ki-on-bac","status":"publish","type":"product","link":"https:\/\/secureus.se\/pl\/ribbon-fargo-hdp5600-ymckiki-full-color-ribbon-with-two-resin-black-and-inhibitor-panels-400-cards-with-ymcki-on-front-and-ki-on-bac\/","title":{"rendered":"Ta\u015bma Fargo \u2013 HDP5600, pe\u0142nokolorowa (400 kart)"},"content":{"rendered":"<h1>Wst\u0105\u017cka<br \/>\n  Fargo &#8211; HDP5600, fullf\u00e4rg (400 kort)<\/h1>\n<p>F\u00e4rgband Fargo &#8211; HDP5600, fullf\u00e4rg (400 kort) \u00e4r ett f\u00e4rgband f\u00f6r<br \/>\n  drukowanie kart plastikowych o ostrych kolorach, wyra\u017anym tek\u015bcie i dobrej jako\u015bci<br \/>\n  detalj\u00e5tergivning. Bandtypen YMCK ger r\u00e4tt kombination av f\u00e4rgpaneler f\u00f6r<br \/>\n  profesjonalny druk kart.<\/p>\n<p>Nadaje si\u0119 do dowod\u00f3w osobistych, kart dost\u0119pu, kart cz\u0142onkowskich i innych<br \/>\n  karty plastikowe, gdzie liczy si\u0119 wysoka jako\u015b\u0107 druku i niezawodno\u015b\u0107<br \/>\n  wa\u017cny.<\/p>\n<ul>\n<li>Pojemno\u015b\u0107: do 400 wydruk\u00f3w<\/li>\n<li>Bandtyp: YMCK<\/li>\n<li>Artikelnummer: 84519<\/li>\n<\/ul>\n<p><strong>Waga produktu:<\/strong> 0,20 kg<\/p>","protected":false},"excerpt":{"rendered":"<p>Wst\u0105\u017cka kolorowa \u2013 Wst\u0105\u017cka \u2013 Przenie\u015b ponownie do drukarki kart i drukarki kart plastikowych<\/p>","protected":false},"featured_media":143800,"template":"","meta":{"_acf_changed":false},"product_brand":[],"product_cat":[3214],"product_tag":[3201,4863,2922,2921,3069],"class_list":{"0":"post-53531","1":"product","2":"type-product","3":"status-publish","4":"has-post-thumbnail","6":"product_cat-fargo-fargband-retransfer","7":"product_tag-fargo-tillbehor","8":"product_tag-pf","9":"product_tag-ribbon-svart-black","10":"product_tag-ribbon-ymck-farg","11":"product_tag-trade-produkt","12":"product_shipping_class-tunga-paket","13":"pa_brands-fargo","14":"pa_fargband-kortskrivare-fargo","15":"tm-has-options","17":"first","18":"outofstock","19":"sale","20":"taxable","21":"shipping-taxable","22":"purchasable","23":"product-type-simple"},"acf":[],"_links":{"self":[{"href":"https:\/\/secureus.se\/pl\/wp-json\/wp\/v2\/product\/53531","targetHints":{"allow":["GET"]}}],"collection":[{"href":"https:\/\/secureus.se\/pl\/wp-json\/wp\/v2\/product"}],"about":[{"href":"https:\/\/secureus.se\/pl\/wp-json\/wp\/v2\/types\/product"}],"wp:featuredmedia":[{"embeddable":true,"href":"https:\/\/secureus.se\/pl\/wp-json\/wp\/v2\/media\/143800"}],"wp:attachment":[{"href":"https:\/\/secureus.se\/pl\/wp-json\/wp\/v2\/media?parent=53531"}],"wp:term":[{"taxonomy":"product_brand","embeddable":true,"href":"https:\/\/secureus.se\/pl\/wp-json\/wp\/v2\/product_brand?post=53531"},{"taxonomy":"product_cat","embeddable":true,"href":"https:\/\/secureus.se\/pl\/wp-json\/wp\/v2\/product_cat?post=53531"},{"taxonomy":"product_tag","embeddable":true,"href":"https:\/\/secureus.se\/pl\/wp-json\/wp\/v2\/product_tag?post=53531"}],"curies":[{"name":"wp","href":"https:\/\/api.w.org\/{rel}","templated":true}]}}