{"id":53533,"date":"2022-06-21T18:13:28","date_gmt":"2022-06-21T16:13:28","guid":{"rendered":"https:\/\/secureus.se\/produkt\/magicard-m9007-231-r-0-6-mil-clear-patch-laminate-film-255-patches\/"},"modified":"2026-04-08T17:07:35","modified_gmt":"2026-04-08T15:07:35","slug":"ribbon-magicard-m9007-231-r-0-6-mil-clear-patch-laminate-film-255-patches","status":"publish","type":"product","link":"https:\/\/secureus.se\/pl\/ribbon-magicard-m9007-231-r-0-6-mil-clear-patch-laminate-film-255-patches\/","title":{"rendered":"Folia laminuj\u0105ca Magicard \u2013 M9007-231, przezroczysta"},"content":{"rendered":"<h1>Folia laminuj\u0105ca<br \/>\n  Magicard \u2013 M9007-231, przezroczysta \u0142atka<\/h1>\n<p>Folia laminuj\u0105ca Magicard \u2013 M9007-231, przezroczysta \u0142atka to<br \/>\n  folia laminuj\u0105ca, kt\u00f3ra zapewnia dodatkow\u0105 warstw\u0119 ochrony kart plastikowych i pomaga<br \/>\n  aby zmniejszy\u0107 zarysowania, blakni\u0119cie i normalne zu\u017cycie.<\/p>\n<p>Dobry wyb\u00f3r, gdy chcesz wyd\u0142u\u017cy\u0107 \u017cywotno\u015b\u0107 swoich kart, poprawi\u0107<br \/>\n  trwa\u0142o\u015b\u0107 i uzyskaj bardziej profesjonalny efekt ko\u0144cowy.<\/p>\n<ul>\n<li>Numer artyku\u0142u: M9007-231R<\/li>\n<\/ul>\n<p><strong>Waga produktu:<\/strong> 0,00 kg<\/p>","protected":false},"excerpt":{"rendered":"<p>Wst\u0105\u017cka kolorowa \u2013 Wst\u0105\u017cka \u2013 Przenie\u015b ponownie do drukarki kart i drukarki kart plastikowych<\/p>","protected":false},"featured_media":143643,"template":"","meta":{"_acf_changed":false},"product_brand":[],"product_cat":[3216,4832],"product_tag":[3182,4863,2924,3069],"class_list":{"0":"post-53533","1":"product","2":"type-product","3":"status-publish","4":"has-post-thumbnail","6":"product_cat-magicard-fargband-retransfer","7":"product_cat-magicard-tango-band","8":"product_tag-magicard-tillbehor","9":"product_tag-pf","10":"product_tag-ribbon-clearfilm-hologram-ovrigt","11":"product_tag-trade-produkt","12":"product_shipping_class-tunga-paket","13":"pa_brands-magicard","14":"pa_fargband-kortskrivare-magicard","15":"tm-has-options","17":"first","18":"outofstock","19":"sale","20":"taxable","21":"shipping-taxable","22":"purchasable","23":"product-type-simple"},"acf":[],"_links":{"self":[{"href":"https:\/\/secureus.se\/pl\/wp-json\/wp\/v2\/product\/53533","targetHints":{"allow":["GET"]}}],"collection":[{"href":"https:\/\/secureus.se\/pl\/wp-json\/wp\/v2\/product"}],"about":[{"href":"https:\/\/secureus.se\/pl\/wp-json\/wp\/v2\/types\/product"}],"wp:featuredmedia":[{"embeddable":true,"href":"https:\/\/secureus.se\/pl\/wp-json\/wp\/v2\/media\/143643"}],"wp:attachment":[{"href":"https:\/\/secureus.se\/pl\/wp-json\/wp\/v2\/media?parent=53533"}],"wp:term":[{"taxonomy":"product_brand","embeddable":true,"href":"https:\/\/secureus.se\/pl\/wp-json\/wp\/v2\/product_brand?post=53533"},{"taxonomy":"product_cat","embeddable":true,"href":"https:\/\/secureus.se\/pl\/wp-json\/wp\/v2\/product_cat?post=53533"},{"taxonomy":"product_tag","embeddable":true,"href":"https:\/\/secureus.se\/pl\/wp-json\/wp\/v2\/product_tag?post=53533"}],"curies":[{"name":"wp","href":"https:\/\/api.w.org\/{rel}","templated":true}]}}