{"id":53538,"date":"2022-06-21T17:55:46","date_gmt":"2022-06-21T15:55:46","guid":{"rendered":"https:\/\/secureus.se\/produkt\/zebra-zc300-plastic-card-printer-with-ethernet-dual-sided\/"},"modified":"2026-04-23T12:45:08","modified_gmt":"2026-04-23T10:45:08","slug":"kortskrivare-zebra-zc300-duplex","status":"publish","type":"product","link":"https:\/\/secureus.se\/pl\/kortskrivare-zebra-zc300-duplex\/","title":{"rendered":"Drukarka kart Zebra ZC300 Duplex - drukarka kart identyfikacyjnych z portem Ethernet"},"content":{"rendered":"<p><strong>Proste i wydajne pisanie dowod\u00f3w osobistych za pomoc\u0105 Zebra ZC300 Duplex:<\/strong> Drukarka kart plastikowych Zebra ZC300 zosta\u0142a zaprojektowana tak, aby drukowanie kart identyfikacyjnych by\u0142o \u0142atwe i wydajne. Dzi\u0119ki zaawansowanym funkcjom i intuicyjnemu interfejsowi u\u017cytkownika ta drukarka idealnie nadaje si\u0119 do obs\u0142ugi wszelkich dokument\u00f3w, od dowod\u00f3w osobistych po karty cz\u0142onkowskie.<\/p>\n<p><strong>Funkcje i zalety:<\/strong><\/p>\n<ul>\n<li><strong>Wysoka pojemno\u015b\u0107:<\/strong> ZC300 mo\u017ce drukowa\u0107 do 200 kart na godzin\u0119, dzi\u0119ki czemu idealnie nadaje si\u0119 zar\u00f3wno do ma\u0142ych, jak i du\u017cych nak\u0142ad\u00f3w.<\/li>\n<li><strong>Elastyczno\u015b\u0107:<\/strong> Drukarka obs\u0142uguje drukowanie zar\u00f3wno jednostronne, jak i dwustronne, daj\u0105c u\u017cytkownikom mo\u017cliwo\u015b\u0107 dostosowania drukowania kart do w\u0142asnych potrzeb.<\/li>\n<li><strong>Bezpiecze\u0144stwo:<\/strong> Wyposa\u017cone w zamykane tacki chroni\u0105ce karty i materia\u0142y.<\/li>\n<li><strong>Przyjazny dla u\u017cytkownika:<\/strong> Graficzny ekran LCD i intuicyjne ikony u\u0142atwiaj\u0105 przestrzeganie instrukcji dotycz\u0105cych konserwacji i u\u017cytkowania.<\/li>\n<\/ul>\n<p><strong>Specyfikacja techniczna:<\/strong><\/p>\n<ul>\n<li><strong>Szybko\u015b\u0107 druku:<\/strong> Do 200 kart na godzin\u0119 (druk kolorowy, jednostronny).<\/li>\n<li><strong>Pojemno\u015b\u0107:<\/strong> Dwuwej\u015bciowy podajnik kart na 100 kart.<\/li>\n<li><strong>Typ karty:<\/strong> Format ISO 7810, CR80, rozmiar ID-1, kompatybilny z kartami PVC, PET i PC.<\/li>\n<li><strong>Znajomo\u015bci:<\/strong> USB 2.0 i Ethernet.<\/li>\n<\/ul>\n<p>Dzi\u0119ki solidnej konstrukcji i wszechstronnym funkcjom drukarka Zebra ZC300 Duplex to niezawodne i wydajne rozwi\u0105zanie spe\u0142niaj\u0105ce wszystkie potrzeby w zakresie drukowania kart identyfikacyjnych.<\/p>","protected":false},"excerpt":{"rendered":"<p>Zebra ZC300 to wysokiej klasy drukarka do kart identyfikacyjnych, zaprojektowana z my\u015bl\u0105 o \u0142atwo\u015bci obs\u0142ugi, dost\u0119pna zar\u00f3wno w modu\u0142ach druku jednostronnego, jak i dwustronnego.<\/p>\n<p>Zapewnia wysokiej jako\u015bci wydruki z imponuj\u0105c\u0105 szybko\u015bci\u0105 i mo\u017ce produkowa\u0107 zar\u00f3wno pe\u0142nokolorowe, jak i monochromatyczne karty identyfikacyjne w standardowym rozmiarze CR80.<\/p>\n<p>Dzi\u0119ki dwuletniej gwarancji na drukark\u0119 i g\u0142owic\u0119 drukuj\u0105c\u0105 ZC300 jest idealnym rozwi\u0105zaniem dla Twoich potrzeb zwi\u0105zanych z kartami identyfikacyjnymi.<\/p>","protected":false},"featured_media":144310,"template":"","meta":{"_acf_changed":false},"product_brand":[],"product_cat":[3210],"product_tag":[3172,4863,3069,3185],"class_list":{"0":"post-53538","1":"product","2":"type-product","3":"status-publish","4":"has-post-thumbnail","6":"product_cat-zebra","7":"product_tag-dubbelsidig-dual-side","8":"product_tag-pf","9":"product_tag-trade-produkt","10":"product_tag-zebra","11":"product_shipping_class-tunga-paket","12":"pa_brands-zebra","13":"pa_fabrikat-kortskrivare-zebra","14":"tm-no-options","16":"first","17":"instock","18":"sale","19":"taxable","20":"shipping-taxable","21":"purchasable","22":"product-type-simple"},"acf":[],"_links":{"self":[{"href":"https:\/\/secureus.se\/pl\/wp-json\/wp\/v2\/product\/53538","targetHints":{"allow":["GET"]}}],"collection":[{"href":"https:\/\/secureus.se\/pl\/wp-json\/wp\/v2\/product"}],"about":[{"href":"https:\/\/secureus.se\/pl\/wp-json\/wp\/v2\/types\/product"}],"wp:featuredmedia":[{"embeddable":true,"href":"https:\/\/secureus.se\/pl\/wp-json\/wp\/v2\/media\/144310"}],"wp:attachment":[{"href":"https:\/\/secureus.se\/pl\/wp-json\/wp\/v2\/media?parent=53538"}],"wp:term":[{"taxonomy":"product_brand","embeddable":true,"href":"https:\/\/secureus.se\/pl\/wp-json\/wp\/v2\/product_brand?post=53538"},{"taxonomy":"product_cat","embeddable":true,"href":"https:\/\/secureus.se\/pl\/wp-json\/wp\/v2\/product_cat?post=53538"},{"taxonomy":"product_tag","embeddable":true,"href":"https:\/\/secureus.se\/pl\/wp-json\/wp\/v2\/product_tag?post=53538"}],"curies":[{"name":"wp","href":"https:\/\/api.w.org\/{rel}","templated":true}]}}