{"id":53569,"date":"2022-06-21T18:14:48","date_gmt":"2022-06-21T16:14:48","guid":{"rendered":"https:\/\/secureus.se\/produkt\/magicard-prima-836-retransfer-film-1000-prints\/"},"modified":"2025-10-21T12:23:51","modified_gmt":"2025-10-21T10:23:51","slug":"ribbon-magicard-prima-836-retransfer-film-1000-prints","status":"publish","type":"product","link":"https:\/\/secureus.se\/pl\/ribbon-magicard-prima-836-retransfer-film-1000-prints\/","title":{"rendered":"Folia retransferowa Ribbon Magicard Prima 836 (1000 wydruk\u00f3w)"},"content":{"rendered":"<p>Foli\u0119 retransferow\u0105 Magicard Prima 836 nale\u017cy stosowa\u0107 w drukarce retransferowej Magicard Prima 8. Ta wyj\u0105tkowa folia zapewnia warstw\u0119 ochronn\u0105, kt\u00f3ra zwi\u0119ksza trwa\u0142o\u015b\u0107 karty przed zarysowaniami, blakni\u0119ciem i codziennymi otarciami.<\/p>\n<ul>\n<li>1000 wydruk\u00f3w na rolk\u0119<\/li>\n<li>Film do ponownego przeniesienia<\/li>\n<li>Kompatybilny z drukark\u0105 kart Magicard Prima 8<\/li>\n<\/ul>\n<p>Numer cz\u0119\u015bci producenta: PRIMA836<\/p>\n<p>\n <strong><br \/>\n Waga produktu:<br \/>\n 0,40 kg<br \/>\n <\/strong>\n <\/p>","protected":false},"excerpt":{"rendered":"<p>Wst\u0105\u017cka kolorowa \u2013 Wst\u0105\u017cka \u2013 Przenie\u015b ponownie do drukarki kart i drukarki kart plastikowych<\/p>","protected":false},"featured_media":143768,"template":"","meta":{"_acf_changed":false},"product_brand":[],"product_cat":[3216],"product_tag":[3182,4863,2923,3069],"class_list":{"0":"post-53569","1":"product","2":"type-product","3":"status-publish","4":"has-post-thumbnail","6":"product_cat-magicard-fargband-retransfer","7":"product_tag-magicard-tillbehor","8":"product_tag-pf","9":"product_tag-ribbon-retransfer","10":"product_tag-trade-produkt","11":"product_shipping_class-tunga-paket","12":"pa_brands-magicard","13":"pa_fargband-kortskrivare-magicard","14":"tm-has-options","16":"first","17":"instock","18":"sale","19":"taxable","20":"shipping-taxable","21":"purchasable","22":"product-type-simple"},"acf":[],"_links":{"self":[{"href":"https:\/\/secureus.se\/pl\/wp-json\/wp\/v2\/product\/53569","targetHints":{"allow":["GET"]}}],"collection":[{"href":"https:\/\/secureus.se\/pl\/wp-json\/wp\/v2\/product"}],"about":[{"href":"https:\/\/secureus.se\/pl\/wp-json\/wp\/v2\/types\/product"}],"wp:featuredmedia":[{"embeddable":true,"href":"https:\/\/secureus.se\/pl\/wp-json\/wp\/v2\/media\/143768"}],"wp:attachment":[{"href":"https:\/\/secureus.se\/pl\/wp-json\/wp\/v2\/media?parent=53569"}],"wp:term":[{"taxonomy":"product_brand","embeddable":true,"href":"https:\/\/secureus.se\/pl\/wp-json\/wp\/v2\/product_brand?post=53569"},{"taxonomy":"product_cat","embeddable":true,"href":"https:\/\/secureus.se\/pl\/wp-json\/wp\/v2\/product_cat?post=53569"},{"taxonomy":"product_tag","embeddable":true,"href":"https:\/\/secureus.se\/pl\/wp-json\/wp\/v2\/product_tag?post=53569"}],"curies":[{"name":"wp","href":"https:\/\/api.w.org\/{rel}","templated":true}]}}