{"id":53571,"date":"2022-06-21T18:14:42","date_gmt":"2022-06-21T16:14:42","guid":{"rendered":"https:\/\/secureus.se\/produkt\/magicard-prima-835-ymck-po-peel-off-ribbon-750-prints\/"},"modified":"2026-04-08T16:57:07","modified_gmt":"2026-04-08T14:57:07","slug":"ribbon-magicard-prima-835-ymck-po-peel-off-ribbon-750-prints","status":"publish","type":"product","link":"https:\/\/secureus.se\/pl\/ribbon-magicard-prima-835-ymck-po-peel-off-ribbon-750-prints\/","title":{"rendered":"Ta\u015bma Magicard Prima YMCK \u2013 835 (750 wydruk\u00f3w)"},"content":{"rendered":"<h1>Wst\u0105\u017cka<br \/>\n  Magicard Prima YMCK &#8211; 835 (750 utskrifter)<\/h1>\n<p>F\u00e4rgband Magicard Prima YMCK &#8211; 835 (750 utskrifter) \u00e4r ett<br \/>\n  Ta\u015bma do druku kart plastikowych o ostrych kolorach, wyra\u017anym tek\u015bcie i dobrej jako\u015bci<br \/>\n  reprodukcja szczeg\u00f3\u0142\u00f3w. Ta\u015bma YMCKO zapewnia prawid\u0142ow\u0105 kombinacj\u0119 paneli kolor\u00f3w i<br \/>\n  Pow\u0142oka ochronna do profesjonalnego druku kart.<\/p>\n<p>Nadaje si\u0119 do dowod\u00f3w osobistych, kart dost\u0119pu, kart cz\u0142onkowskich i innych<br \/>\n  karty plastikowe, gdzie liczy si\u0119 wysoka jako\u015b\u0107 druku i niezawodno\u015b\u0107<br \/>\n  wa\u017cny.<\/p>\n<ul>\n<li>Pojemno\u015b\u0107: do 750 wydruk\u00f3w<\/li>\n<li>Typ wst\u0105\u017cki: YMCKO<\/li>\n<li>Artikelnummer: PRIMA835<\/li>\n<\/ul>\n<p><strong>Kompatibel med Magicard Prima<br \/>\n  8.<\/strong><\/p>\n<p><strong>Waga produktu:<\/strong> 0,30 kg<\/p>","protected":false},"excerpt":{"rendered":"<p>Wst\u0105\u017cka kolorowa \u2013 Wst\u0105\u017cka \u2013 Przenie\u015b ponownie do drukarki kart i drukarki kart plastikowych<\/p>","protected":false},"featured_media":143510,"template":"","meta":{"_acf_changed":false},"product_brand":[],"product_cat":[3216,4838],"product_tag":[3182,4863,2921,3069],"class_list":{"0":"post-53571","1":"product","2":"type-product","3":"status-publish","4":"has-post-thumbnail","6":"product_cat-magicard-fargband-retransfer","7":"product_cat-magicard-prima-band","8":"product_tag-magicard-tillbehor","9":"product_tag-pf","10":"product_tag-ribbon-ymck-farg","11":"product_tag-trade-produkt","12":"product_shipping_class-tunga-paket","13":"pa_brands-magicard","14":"pa_fargband-kortskrivare-magicard","15":"tm-has-options","17":"first","18":"outofstock","19":"sale","20":"taxable","21":"shipping-taxable","22":"purchasable","23":"product-type-simple"},"acf":[],"_links":{"self":[{"href":"https:\/\/secureus.se\/pl\/wp-json\/wp\/v2\/product\/53571","targetHints":{"allow":["GET"]}}],"collection":[{"href":"https:\/\/secureus.se\/pl\/wp-json\/wp\/v2\/product"}],"about":[{"href":"https:\/\/secureus.se\/pl\/wp-json\/wp\/v2\/types\/product"}],"wp:featuredmedia":[{"embeddable":true,"href":"https:\/\/secureus.se\/pl\/wp-json\/wp\/v2\/media\/143510"}],"wp:attachment":[{"href":"https:\/\/secureus.se\/pl\/wp-json\/wp\/v2\/media?parent=53571"}],"wp:term":[{"taxonomy":"product_brand","embeddable":true,"href":"https:\/\/secureus.se\/pl\/wp-json\/wp\/v2\/product_brand?post=53571"},{"taxonomy":"product_cat","embeddable":true,"href":"https:\/\/secureus.se\/pl\/wp-json\/wp\/v2\/product_cat?post=53571"},{"taxonomy":"product_tag","embeddable":true,"href":"https:\/\/secureus.se\/pl\/wp-json\/wp\/v2\/product_tag?post=53571"}],"curies":[{"name":"wp","href":"https:\/\/api.w.org\/{rel}","templated":true}]}}