{"id":53583,"date":"2022-06-21T18:13:35","date_gmt":"2022-06-21T16:13:35","guid":{"rendered":"https:\/\/secureus.se\/produkt\/fargo-86203-black-resin-ribbon-300-prints\/"},"modified":"2026-04-08T17:07:22","modified_gmt":"2026-04-08T15:07:22","slug":"ribbon-fargo-86203-black-resin-ribbon-300-prints","status":"publish","type":"product","link":"https:\/\/secureus.se\/pl\/ribbon-fargo-86203-black-resin-ribbon-300-prints\/","title":{"rendered":"Wst\u0105\u017cka Fargo \u2013 86203 (300 wydruk\u00f3w)"},"content":{"rendered":"<h1>Wst\u0105\u017cka<br \/>\n  Fargo \u2013 86203 (300 odbitek)<\/h1>\n<p>Fargo Ribbon \u2013 86203 (300 wydruk\u00f3w) to czarna, monochromatyczna wst\u0105\u017cka<br \/>\n  wst\u0105\u017cki odpowiednie do czytelnego tekstu, prostej grafiki liniowej i<br \/>\n  Kody kreskowe na kartach plastikowych.<\/p>\n<p>Nadaje si\u0119 do dowod\u00f3w osobistych, kart dost\u0119pu, kart cz\u0142onkowskich i innych<br \/>\n  karty plastikowe, gdzie liczy si\u0119 wysoka jako\u015b\u0107 druku i niezawodno\u015b\u0107<br \/>\n  wa\u017cny.<\/p>\n<ul>\n<li>Pojemno\u015b\u0107: do 300 wydruk\u00f3w<\/li>\n<li>Typ opaski: Czarny monochromatyczny<\/li>\n<li>Zawiera rolk\u0119 czyszcz\u0105c\u0105<\/li>\n<li>Numer artyku\u0142u: 86203<\/li>\n<\/ul>\n<p><strong>Kompatybilny z Fargo<br \/>\n  DTC550.<\/strong><\/p>\n<p><strong>Waga produktu:<\/strong> 0,20 kg<\/p>","protected":false},"excerpt":{"rendered":"<p>Wst\u0105\u017cka kolorowa \u2013 Wst\u0105\u017cka \u2013 Przenie\u015b ponownie do drukarki kart i drukarki kart plastikowych<\/p>","protected":false},"featured_media":143830,"template":"","meta":{"_acf_changed":false},"product_brand":[],"product_cat":[3214,4847],"product_tag":[3201,4863,2922,3069],"class_list":{"0":"post-53583","1":"product","2":"type-product","3":"status-publish","4":"has-post-thumbnail","6":"product_cat-fargo-fargband-retransfer","7":"product_cat-dtc5500-band","8":"product_tag-fargo-tillbehor","9":"product_tag-pf","10":"product_tag-ribbon-svart-black","11":"product_tag-trade-produkt","12":"product_shipping_class-tunga-paket","13":"pa_brands-fargo","14":"pa_fargband-kortskrivare-fargo","15":"tm-has-options","17":"first","18":"outofstock","19":"sale","20":"taxable","21":"shipping-taxable","22":"purchasable","23":"product-type-simple"},"acf":[],"_links":{"self":[{"href":"https:\/\/secureus.se\/pl\/wp-json\/wp\/v2\/product\/53583","targetHints":{"allow":["GET"]}}],"collection":[{"href":"https:\/\/secureus.se\/pl\/wp-json\/wp\/v2\/product"}],"about":[{"href":"https:\/\/secureus.se\/pl\/wp-json\/wp\/v2\/types\/product"}],"wp:featuredmedia":[{"embeddable":true,"href":"https:\/\/secureus.se\/pl\/wp-json\/wp\/v2\/media\/143830"}],"wp:attachment":[{"href":"https:\/\/secureus.se\/pl\/wp-json\/wp\/v2\/media?parent=53583"}],"wp:term":[{"taxonomy":"product_brand","embeddable":true,"href":"https:\/\/secureus.se\/pl\/wp-json\/wp\/v2\/product_brand?post=53583"},{"taxonomy":"product_cat","embeddable":true,"href":"https:\/\/secureus.se\/pl\/wp-json\/wp\/v2\/product_cat?post=53583"},{"taxonomy":"product_tag","embeddable":true,"href":"https:\/\/secureus.se\/pl\/wp-json\/wp\/v2\/product_tag?post=53583"}],"curies":[{"name":"wp","href":"https:\/\/api.w.org\/{rel}","templated":true}]}}