{"id":53598,"date":"2022-06-21T18:12:15","date_gmt":"2022-06-21T16:12:15","guid":{"rendered":"https:\/\/secureus.se\/produkt\/evolis-r7h006naa-half-panel-ymcko-colour-ribbon-250-prints\/"},"modified":"2026-04-23T12:44:57","modified_gmt":"2026-04-23T10:44:57","slug":"ribbon-evolis-r7h006naa-half-panel-ymcko-colour-ribbon-250-prints","status":"publish","type":"product","link":"https:\/\/secureus.se\/pl\/ribbon-evolis-r7h006naa-half-panel-ymcko-colour-ribbon-250-prints\/","title":{"rendered":"Wst\u0105\u017cka Evolis YMCKO \u2013 250, p\u00f3\u0142panel (250 wydruk\u00f3w)"},"content":{"rendered":"<h1>Wst\u0105\u017cka<br \/>\n  Evolis YMCKO &#8211; 250, halvpanel (250 utskrifter)<\/h1>\n<p>F\u00e4rgband Evolis YMCKO &#8211; 250, halvpanel (250 utskrifter) \u00e4r ett<br \/>\n  Ta\u015bma do druku kart plastikowych o ostrych kolorach, wyra\u017anym tek\u015bcie i dobrej jako\u015bci<br \/>\n  reprodukcja szczeg\u00f3\u0142\u00f3w. Ta\u015bma YMCKOK zapewnia prawid\u0142ow\u0105 kombinacj\u0119 paneli kolor\u00f3w i<br \/>\n  Pow\u0142oka ochronna do profesjonalnego druku kart.<\/p>\n<p>Nadaje si\u0119 do dowod\u00f3w osobistych, kart dost\u0119pu, kart cz\u0142onkowskich i innych<br \/>\n  karty plastikowe, gdzie liczy si\u0119 wysoka jako\u015b\u0107 druku i niezawodno\u015b\u0107<br \/>\n  wa\u017cny.<\/p>\n<ul>\n<li>Pojemno\u015b\u0107: do 250 wydruk\u00f3w<\/li>\n<li>Typ zespo\u0142u: YMCKOK<\/li>\n<li>Nadaje si\u0119 do dwustronnego druku kart<\/li>\n<li>Artikelnummer: R7H006NAA<\/li>\n<\/ul>\n<p><strong>Waga produktu:<\/strong> 0,20 kg<\/p>","protected":false},"excerpt":{"rendered":"<p>Wst\u0105\u017cka kolorowa \u2013 Wst\u0105\u017cka \u2013 Przenie\u015b ponownie do drukarki kart i drukarki kart plastikowych<\/p>","protected":false},"featured_media":143653,"template":"","meta":{"_acf_changed":false},"product_brand":[],"product_cat":[3213],"product_tag":[3181,4863,2921,3069],"class_list":{"0":"post-53598","1":"product","2":"type-product","3":"status-publish","4":"has-post-thumbnail","6":"product_cat-evolis-fargband-retransfer","7":"product_tag-evolis-tillbehor","8":"product_tag-pf","9":"product_tag-ribbon-ymck-farg","10":"product_tag-trade-produkt","11":"product_shipping_class-tunga-paket","12":"pa_brands-evolis","13":"pa_fargband-kortskrivare-evolis","14":"tm-has-options","16":"first","17":"instock","18":"sale","19":"taxable","20":"shipping-taxable","21":"purchasable","22":"product-type-simple"},"acf":[],"_links":{"self":[{"href":"https:\/\/secureus.se\/pl\/wp-json\/wp\/v2\/product\/53598","targetHints":{"allow":["GET"]}}],"collection":[{"href":"https:\/\/secureus.se\/pl\/wp-json\/wp\/v2\/product"}],"about":[{"href":"https:\/\/secureus.se\/pl\/wp-json\/wp\/v2\/types\/product"}],"wp:featuredmedia":[{"embeddable":true,"href":"https:\/\/secureus.se\/pl\/wp-json\/wp\/v2\/media\/143653"}],"wp:attachment":[{"href":"https:\/\/secureus.se\/pl\/wp-json\/wp\/v2\/media?parent=53598"}],"wp:term":[{"taxonomy":"product_brand","embeddable":true,"href":"https:\/\/secureus.se\/pl\/wp-json\/wp\/v2\/product_brand?post=53598"},{"taxonomy":"product_cat","embeddable":true,"href":"https:\/\/secureus.se\/pl\/wp-json\/wp\/v2\/product_cat?post=53598"},{"taxonomy":"product_tag","embeddable":true,"href":"https:\/\/secureus.se\/pl\/wp-json\/wp\/v2\/product_tag?post=53598"}],"curies":[{"name":"wp","href":"https:\/\/api.w.org\/{rel}","templated":true}]}}