{"id":53601,"date":"2022-06-21T18:12:02","date_gmt":"2022-06-21T16:12:02","guid":{"rendered":"https:\/\/secureus.se\/produkt\/magicard-ma1000k-red-ribbon-1000-prints\/"},"modified":"2026-04-08T17:05:55","modified_gmt":"2026-04-08T15:05:55","slug":"ribbon-magicard-ma1000k-red-ribbon-1000-prints","status":"publish","type":"product","link":"https:\/\/secureus.se\/pl\/ribbon-magicard-ma1000k-red-ribbon-1000-prints\/","title":{"rendered":"Wst\u0105\u017cka Magicard \u2013 MA1000K- (1000 wydruk\u00f3w)"},"content":{"rendered":"<h1>Wst\u0105\u017cka<br \/>\n  Magicard &#8211; MA1000K- (1000 utskrifter)<\/h1>\n<p>F\u00e4rgband Magicard &#8211; MA1000K- (1000 utskrifter) \u00e4r ett<br \/>\n  originaltillbeh\u00f6r f\u00f6r kortskrivare som \u00e4r anpassat f\u00f6r p\u00e5litlig och<br \/>\n  profesjonalna produkcja kart.<\/p>\n<p>Bandet \u00e4r ISEGA-godk\u00e4nt f\u00f6r direkt kontakt med<br \/>\n  livsmedel.<\/p>\n<ul>\n<li>Pojemno\u015b\u0107: do 1000 wydruk\u00f3w<\/li>\n<li>Zawiera rolk\u0119 czyszcz\u0105c\u0105<\/li>\n<li>Zatwierdzone przez ISEGA do bezpo\u015bredniego kontaktu z \u017cywno\u015bci\u0105<\/li>\n<li>Artikelnummer: ENRD<\/li>\n<\/ul>\n<p><strong>Kompatibel med Magicard Rio Pro, Rio Pro 360,<br \/>\n  Enduro, Pronto, Pronto100, Enduro3e, 300 och 600.<\/strong><\/p>\n<p><strong>Waga produktu:<\/strong> 0,08 kg<\/p>","protected":false},"excerpt":{"rendered":"<p>Wst\u0105\u017cka kolorowa \u2013 Wst\u0105\u017cka \u2013 Przenie\u015b ponownie do drukarki kart i drukarki kart plastikowych<\/p>","protected":false},"featured_media":144483,"template":"","meta":{"_acf_changed":false},"product_brand":[],"product_cat":[3216,4829,4830,4836],"product_tag":[3182,4863,2922,3069],"class_list":{"0":"post-53601","1":"product","2":"type-product","3":"status-publish","4":"has-post-thumbnail","6":"product_cat-magicard-fargband-retransfer","7":"product_cat-magicard-300-band","8":"product_cat-magicard-600-band","9":"product_cat-magicard-pronto100-ribbons","10":"product_tag-magicard-tillbehor","11":"product_tag-pf","12":"product_tag-ribbon-svart-black","13":"product_tag-trade-produkt","14":"product_shipping_class-tunga-paket","15":"pa_brands-magicard","16":"pa_fargband-kortskrivare-magicard","17":"tm-has-options","19":"first","20":"outofstock","21":"sale","22":"taxable","23":"shipping-taxable","24":"purchasable","25":"product-type-simple"},"acf":[],"_links":{"self":[{"href":"https:\/\/secureus.se\/pl\/wp-json\/wp\/v2\/product\/53601","targetHints":{"allow":["GET"]}}],"collection":[{"href":"https:\/\/secureus.se\/pl\/wp-json\/wp\/v2\/product"}],"about":[{"href":"https:\/\/secureus.se\/pl\/wp-json\/wp\/v2\/types\/product"}],"wp:featuredmedia":[{"embeddable":true,"href":"https:\/\/secureus.se\/pl\/wp-json\/wp\/v2\/media\/144483"}],"wp:attachment":[{"href":"https:\/\/secureus.se\/pl\/wp-json\/wp\/v2\/media?parent=53601"}],"wp:term":[{"taxonomy":"product_brand","embeddable":true,"href":"https:\/\/secureus.se\/pl\/wp-json\/wp\/v2\/product_brand?post=53601"},{"taxonomy":"product_cat","embeddable":true,"href":"https:\/\/secureus.se\/pl\/wp-json\/wp\/v2\/product_cat?post=53601"},{"taxonomy":"product_tag","embeddable":true,"href":"https:\/\/secureus.se\/pl\/wp-json\/wp\/v2\/product_tag?post=53601"}],"curies":[{"name":"wp","href":"https:\/\/api.w.org\/{rel}","templated":true}]}}