{"id":53603,"date":"2022-06-21T18:11:47","date_gmt":"2022-06-21T16:11:47","guid":{"rendered":"https:\/\/secureus.se\/produkt\/magicard-prima-462-0-6mil-clear-patch-laminate-600-prints\/"},"modified":"2026-04-08T17:06:03","modified_gmt":"2026-04-08T15:06:03","slug":"ribbon-magicard-prima-462-0-6mil-clear-patch-laminate-600-prints","status":"publish","type":"product","link":"https:\/\/secureus.se\/pl\/ribbon-magicard-prima-462-0-6mil-clear-patch-laminate-600-prints\/","title":{"rendered":"Folia laminuj\u0105ca Magicard Prima \u2013 462, transparentna (600 wydruk\u00f3w)"},"content":{"rendered":"<h1>Folia laminuj\u0105ca<br \/>\n  Magicard Prima \u2013 462, przezroczysta \u0142atka (600 nadruk\u00f3w)<\/h1>\n<p>Folia laminuj\u0105ca Magicard Prima \u2013 462, transparentna (600 wydruk\u00f3w)<br \/>\n  jest foli\u0105 laminuj\u0105c\u0105, kt\u00f3ra zapewnia dodatkow\u0105 warstw\u0119 ochrony kart plastikowych i pomaga<br \/>\n  aby zmniejszy\u0107 zarysowania, blakni\u0119cie i normalne zu\u017cycie.<\/p>\n<p>Dobry wyb\u00f3r, gdy chcesz wyd\u0142u\u017cy\u0107 \u017cywotno\u015b\u0107 swoich kart, poprawi\u0107<br \/>\n  trwa\u0142o\u015b\u0107 i uzyskaj bardziej profesjonalny efekt ko\u0144cowy.<\/p>\n<ul>\n<li>Pojemno\u015b\u0107: do 4 wydruk\u00f3w na rolk\u0119<\/li>\n<li>Przezroczysty laminat naszywkowy<\/li>\n<li>grubo\u015b\u0107 0,6 mil<\/li>\n<li>Numer artyku\u0142u: \u2013<\/li>\n<\/ul>\n<p><strong>Kompatybilny z przezroczyst\u0105 nak\u0142adk\u0105 Magicard Prima 462<br \/>\n  Laminat zapewnia dodatkow\u0105 ochron\u0119 wydrukowanym kartom Twojego klienta.<br \/>\n  Laminat ten zwi\u0119ksza trwa\u0142o\u015b\u0107 kart, chroni\u0105c je przed zarysowaniami, blakni\u0119ciem i codziennymi uszkodzeniami.<br \/>\n  zu\u017cycie. Kompatybilny z drukark\u0105 Magicard Prima 4, po na\u0142o\u017ceniu<br \/>\n  dodaje kartom grubo\u015b\u0107 0,6 mil.<\/strong><\/p>\n<p><strong>Waga produktu:<\/strong> 0,29 kg<\/p>","protected":false},"excerpt":{"rendered":"<p>Wst\u0105\u017cka kolorowa \u2013 Wst\u0105\u017cka \u2013 Przenie\u015b ponownie do drukarki kart i drukarki kart plastikowych<\/p>","protected":false},"featured_media":144069,"template":"","meta":{"_acf_changed":false},"product_brand":[],"product_cat":[3216,4838],"product_tag":[3182,4863,2924,3069],"class_list":{"0":"post-53603","1":"product","2":"type-product","3":"status-publish","4":"has-post-thumbnail","6":"product_cat-magicard-fargband-retransfer","7":"product_cat-magicard-prima-band","8":"product_tag-magicard-tillbehor","9":"product_tag-pf","10":"product_tag-ribbon-clearfilm-hologram-ovrigt","11":"product_tag-trade-produkt","12":"product_shipping_class-tunga-paket","13":"pa_brands-magicard","14":"pa_fargband-kortskrivare-magicard","15":"tm-has-options","17":"first","18":"instock","19":"sale","20":"taxable","21":"shipping-taxable","22":"purchasable","23":"product-type-simple"},"acf":[],"_links":{"self":[{"href":"https:\/\/secureus.se\/pl\/wp-json\/wp\/v2\/product\/53603","targetHints":{"allow":["GET"]}}],"collection":[{"href":"https:\/\/secureus.se\/pl\/wp-json\/wp\/v2\/product"}],"about":[{"href":"https:\/\/secureus.se\/pl\/wp-json\/wp\/v2\/types\/product"}],"wp:featuredmedia":[{"embeddable":true,"href":"https:\/\/secureus.se\/pl\/wp-json\/wp\/v2\/media\/144069"}],"wp:attachment":[{"href":"https:\/\/secureus.se\/pl\/wp-json\/wp\/v2\/media?parent=53603"}],"wp:term":[{"taxonomy":"product_brand","embeddable":true,"href":"https:\/\/secureus.se\/pl\/wp-json\/wp\/v2\/product_brand?post=53603"},{"taxonomy":"product_cat","embeddable":true,"href":"https:\/\/secureus.se\/pl\/wp-json\/wp\/v2\/product_cat?post=53603"},{"taxonomy":"product_tag","embeddable":true,"href":"https:\/\/secureus.se\/pl\/wp-json\/wp\/v2\/product_tag?post=53603"}],"curies":[{"name":"wp","href":"https:\/\/api.w.org\/{rel}","templated":true}]}}