{"id":53607,"date":"2022-06-21T18:11:23","date_gmt":"2022-06-21T16:11:23","guid":{"rendered":"https:\/\/secureus.se\/produkt\/fargo-hdp5000-ymckh-ribbon-with-heat-seal-panel-084056-500-prints\/"},"modified":"2026-04-23T12:46:19","modified_gmt":"2026-04-23T10:46:19","slug":"ribbon-fargo-hdp5000-ymckh-ribbon-with-heat-seal-panel-084056-500-prints","status":"publish","type":"product","link":"https:\/\/secureus.se\/pl\/ribbon-fargo-hdp5000-ymckh-ribbon-with-heat-seal-panel-084056-500-prints\/","title":{"rendered":"Ta\u015bma Fargo HDP5000 YMCKH \u2013 HDP5000 (500 wydruk\u00f3w)"},"content":{"rendered":"<h1>Wst\u0105\u017cka<br \/>\n  Fargo HDP5000 YMCKH \u2013 HDP5000 (500 odbitek)<\/h1>\n<p>Ta\u015bma Fargo HDP5000 YMCKH \u2013 HDP5000 (500 wydruk\u00f3w) to<br \/>\n  Ta\u015bma do druku kart plastikowych o ostrych kolorach, wyra\u017anym tek\u015bcie i dobrej jako\u015bci<br \/>\n  Wst\u0105\u017cka typu YMCKH zapewnia odpowiedni\u0105 kombinacj\u0119 paneli kolor\u00f3w dla<br \/>\n  profesjonalny druk kart.<\/p>\n<p>Nadaje si\u0119 do dowod\u00f3w osobistych, kart dost\u0119pu, kart cz\u0142onkowskich i innych<br \/>\n  karty plastikowe, gdzie wa\u017cna jest wysoka jako\u015b\u0107 druku i niezawodno\u015b\u0107.<\/p>\n<ul>\n<li>Pojemno\u015b\u0107: do 500 wydruk\u00f3w<\/li>\n<li>Typ ta\u015bmy: YMCKH<\/li>\n<li>Oryginalny produkt<\/li>\n<li>Numer artyku\u0142u: 84056<\/li>\n<\/ul>\n<p><strong>Kompatybilny z Fargo<br \/>\n  HDP5000.<\/strong><\/p>\n<p><strong>Waga produktu:<\/strong> 0,26 kg<\/p>","protected":false},"excerpt":{"rendered":"<p>Wst\u0105\u017cka kolorowa \u2013 Wst\u0105\u017cka \u2013 Przenie\u015b ponownie do drukarki kart i drukarki kart plastikowych<\/p>","protected":false},"featured_media":143668,"template":"","meta":{"_acf_changed":false},"product_brand":[],"product_cat":[3214,4850],"product_tag":[3201,4863,2921,3069],"class_list":{"0":"post-53607","1":"product","2":"type-product","3":"status-publish","4":"has-post-thumbnail","6":"product_cat-fargo-fargband-retransfer","7":"product_cat-hdp5000-band","8":"product_tag-fargo-tillbehor","9":"product_tag-pf","10":"product_tag-ribbon-ymck-farg","11":"product_tag-trade-produkt","12":"product_shipping_class-tunga-paket","13":"pa_brands-fargo","14":"pa_fargband-kortskrivare-fargo","15":"tm-has-options","17":"first","18":"outofstock","19":"sale","20":"taxable","21":"shipping-taxable","22":"purchasable","23":"product-type-simple"},"acf":[],"_links":{"self":[{"href":"https:\/\/secureus.se\/pl\/wp-json\/wp\/v2\/product\/53607","targetHints":{"allow":["GET"]}}],"collection":[{"href":"https:\/\/secureus.se\/pl\/wp-json\/wp\/v2\/product"}],"about":[{"href":"https:\/\/secureus.se\/pl\/wp-json\/wp\/v2\/types\/product"}],"wp:featuredmedia":[{"embeddable":true,"href":"https:\/\/secureus.se\/pl\/wp-json\/wp\/v2\/media\/143668"}],"wp:attachment":[{"href":"https:\/\/secureus.se\/pl\/wp-json\/wp\/v2\/media?parent=53607"}],"wp:term":[{"taxonomy":"product_brand","embeddable":true,"href":"https:\/\/secureus.se\/pl\/wp-json\/wp\/v2\/product_brand?post=53607"},{"taxonomy":"product_cat","embeddable":true,"href":"https:\/\/secureus.se\/pl\/wp-json\/wp\/v2\/product_cat?post=53607"},{"taxonomy":"product_tag","embeddable":true,"href":"https:\/\/secureus.se\/pl\/wp-json\/wp\/v2\/product_tag?post=53607"}],"curies":[{"name":"wp","href":"https:\/\/api.w.org\/{rel}","templated":true}]}}