{"id":53608,"date":"2022-06-21T18:11:16","date_gmt":"2022-06-21T16:11:16","guid":{"rendered":"https:\/\/secureus.se\/produkt\/fargo-44231-premium-black-ribbon-1000-prints\/"},"modified":"2025-10-21T12:30:02","modified_gmt":"2025-10-21T10:30:02","slug":"ribbon-fargo-44231-premium-black-ribbon-1000-prints","status":"publish","type":"product","link":"https:\/\/secureus.se\/pl\/ribbon-fargo-44231-premium-black-ribbon-1000-prints\/","title":{"rendered":"Czarna wst\u0105\u017cka Fargo 44231 Premium (1000 wydruk\u00f3w)"},"content":{"rendered":"<p>Fargo 44231 Premium Black Ribbon to monochromatyczny barwnik \u017cywiczny, kt\u00f3ry mo\u017cna \u0142atwo umie\u015bci\u0107 w plastikowym wk\u0142adzie wyposa\u017conym w wa\u0142ek czyszcz\u0105cy. Ta jednokolorowa ta\u015bma jest niezb\u0119dna do drukowania wyj\u0105tkowo wyra\u017anych tekst\u00f3w, jednowierszowych grafik i czytelnych kod\u00f3w kreskowych na wst\u0119pnie zadrukowanych lub czystych kolorowych kartach plastikowych klient\u00f3w.<\/p>\n<ul>\n<li>1000 monochromatycznych jednostronnych wydruk\u00f3w<\/li>\n<li>Czarna wst\u0105\u017cka barwi\u0105ca z \u017cywicy<\/li>\n<li>Zawiera wa\u0142ek czyszcz\u0105cy<\/li>\n<\/ul>\n<p>Kompatybilny z drukark\u0105 kart Fargo DTC400<\/p>\n<p>\n <strong><br \/>\n Waga produktu:<br \/>\n 0,23 kg<br \/>\n <\/strong>\n <\/p>","protected":false},"excerpt":{"rendered":"<p>Wst\u0105\u017cka kolorowa \u2013 Wst\u0105\u017cka \u2013 Przenie\u015b ponownie do drukarki kart i drukarki kart plastikowych<\/p>","protected":false},"featured_media":143563,"template":"","meta":{"_acf_changed":false},"product_brand":[],"product_cat":[3214],"product_tag":[3201,4863,2922,3069],"class_list":{"0":"post-53608","1":"product","2":"type-product","3":"status-publish","4":"has-post-thumbnail","6":"product_cat-fargo-fargband-retransfer","7":"product_tag-fargo-tillbehor","8":"product_tag-pf","9":"product_tag-ribbon-svart-black","10":"product_tag-trade-produkt","11":"product_shipping_class-tunga-paket","12":"pa_brands-fargo","13":"pa_fargband-kortskrivare-fargo","14":"tm-has-options","16":"first","17":"instock","18":"sale","19":"taxable","20":"shipping-taxable","21":"purchasable","22":"product-type-simple"},"acf":[],"_links":{"self":[{"href":"https:\/\/secureus.se\/pl\/wp-json\/wp\/v2\/product\/53608","targetHints":{"allow":["GET"]}}],"collection":[{"href":"https:\/\/secureus.se\/pl\/wp-json\/wp\/v2\/product"}],"about":[{"href":"https:\/\/secureus.se\/pl\/wp-json\/wp\/v2\/types\/product"}],"wp:featuredmedia":[{"embeddable":true,"href":"https:\/\/secureus.se\/pl\/wp-json\/wp\/v2\/media\/143563"}],"wp:attachment":[{"href":"https:\/\/secureus.se\/pl\/wp-json\/wp\/v2\/media?parent=53608"}],"wp:term":[{"taxonomy":"product_brand","embeddable":true,"href":"https:\/\/secureus.se\/pl\/wp-json\/wp\/v2\/product_brand?post=53608"},{"taxonomy":"product_cat","embeddable":true,"href":"https:\/\/secureus.se\/pl\/wp-json\/wp\/v2\/product_cat?post=53608"},{"taxonomy":"product_tag","embeddable":true,"href":"https:\/\/secureus.se\/pl\/wp-json\/wp\/v2\/product_tag?post=53608"}],"curies":[{"name":"wp","href":"https:\/\/api.w.org\/{rel}","templated":true}]}}