{"id":53610,"date":"2022-06-21T18:11:06","date_gmt":"2022-06-21T16:11:06","guid":{"rendered":"https:\/\/secureus.se\/produkt\/fargo-hdp5600-ymc-full-color-ribbon-084510-750-images\/"},"modified":"2026-03-26T10:07:28","modified_gmt":"2026-03-26T09:07:28","slug":"ribbon-fargo-hdp5600-ymc-full-color-ribbon-084510-750-images","status":"publish","type":"product","link":"https:\/\/secureus.se\/pl\/ribbon-fargo-hdp5600-ymc-full-color-ribbon-084510-750-images\/","title":{"rendered":"Fargo HDP5600 YMC Wst\u0105\u017cka pe\u0142nokolorowa, 084510 \u2013 750 obraz\u00f3w"},"content":{"rendered":"<p>Wst\u0105\u017cka Fargo HDP5600 084510 YMC Ribbon to tr\u00f3jpanelowy, pe\u0142nokolorowy barwnik odpowiedni do drukarek kart Fargo HDP5600. Ta ta\u015bma gwarantuje dostarczenie zdj\u0119\u0107, logo i wyj\u0105tkowo ostrych wydruk\u00f3w tekstu w wysokiej rozdzielczo\u015bci na wst\u0119pnie zadrukowanych kartach plastikowych lub pustych kolorowych kartonach Twojego klienta.\u00a0<\/p>\n<ul>\n<li>750 pe\u0142nokolorowych jednostronnych wydruk\u00f3w<\/li>\n<li>Ta\u015bma YMC (panele \u017c\u00f3\u0142ty, magenta i cyjan)<\/li>\n<li>Kod producenta: 084510<\/li>\n<\/ul>\n<p>Kompatybilny z drukark\u0105 kart Fargo HDP5600<\/p>\n<p>\n <strong><br \/>\n Waga produktu:<br \/>\n 0,20 kg<br \/>\n <\/strong>\n <\/p>","protected":false},"excerpt":{"rendered":"<p>Wst\u0105\u017cka kolorowa \u2013 Wst\u0105\u017cka \u2013 Przenie\u015b ponownie do drukarki kart i drukarki kart plastikowych<\/p>","protected":false},"featured_media":143676,"template":"","meta":{"_acf_changed":false},"product_brand":[],"product_cat":[3214],"product_tag":[3201,4863,2921,3069],"class_list":{"0":"post-53610","1":"product","2":"type-product","3":"status-publish","4":"has-post-thumbnail","6":"product_cat-fargo-fargband-retransfer","7":"product_tag-fargo-tillbehor","8":"product_tag-pf","9":"product_tag-ribbon-ymck-farg","10":"product_tag-trade-produkt","11":"product_shipping_class-tunga-paket","12":"pa_brands-fargo","13":"pa_fargband-kortskrivare-fargo","14":"tm-has-options","16":"first","17":"instock","18":"sale","19":"taxable","20":"shipping-taxable","21":"purchasable","22":"product-type-simple"},"acf":[],"_links":{"self":[{"href":"https:\/\/secureus.se\/pl\/wp-json\/wp\/v2\/product\/53610","targetHints":{"allow":["GET"]}}],"collection":[{"href":"https:\/\/secureus.se\/pl\/wp-json\/wp\/v2\/product"}],"about":[{"href":"https:\/\/secureus.se\/pl\/wp-json\/wp\/v2\/types\/product"}],"wp:featuredmedia":[{"embeddable":true,"href":"https:\/\/secureus.se\/pl\/wp-json\/wp\/v2\/media\/143676"}],"wp:attachment":[{"href":"https:\/\/secureus.se\/pl\/wp-json\/wp\/v2\/media?parent=53610"}],"wp:term":[{"taxonomy":"product_brand","embeddable":true,"href":"https:\/\/secureus.se\/pl\/wp-json\/wp\/v2\/product_brand?post=53610"},{"taxonomy":"product_cat","embeddable":true,"href":"https:\/\/secureus.se\/pl\/wp-json\/wp\/v2\/product_cat?post=53610"},{"taxonomy":"product_tag","embeddable":true,"href":"https:\/\/secureus.se\/pl\/wp-json\/wp\/v2\/product_tag?post=53610"}],"curies":[{"name":"wp","href":"https:\/\/api.w.org\/{rel}","templated":true}]}}