{"id":53613,"date":"2022-06-21T18:10:49","date_gmt":"2022-06-21T16:10:49","guid":{"rendered":"https:\/\/secureus.se\/produkt\/fargo-45616-black-resin-monochrome-ribbon-3000-prints\/"},"modified":"2026-03-26T10:12:51","modified_gmt":"2026-03-26T09:12:51","slug":"ribbon-fargo-45616-black-resin-monochrome-ribbon-3000-prints","status":"publish","type":"product","link":"https:\/\/secureus.se\/pl\/ribbon-fargo-45616-black-resin-monochrome-ribbon-3000-prints\/","title":{"rendered":"Wst\u0105\u017cka monochromatyczna Fargo 45616 z czarnej \u017cywicy (3000 wydruk\u00f3w)"},"content":{"rendered":"<p>Fargo 45616 to monochromatyczna ta\u015bma z czarnej \u017cywicy, idealna do drukowania podstawowych szczeg\u00f3\u0142\u00f3w kart, takich jak tekst, grafika jednowierszowa i kody kreskowe.<\/p>\n<ul>\n<li>\n<p>3000 wydruk\u00f3w<\/p>\n<\/li>\n<li>\n<p>Monochromatyczna czarna \u017cywica<\/p>\n<\/li>\n<li>\n<p>Kompatybilny z drukark\u0105 kart Fargo DTC1500<\/p>\n<\/li>\n<\/ul>\n<p>\n <strong><br \/>\n Waga produktu:<br \/>\n 0,30 kg<br \/>\n <\/strong>\n <\/p>","protected":false},"excerpt":{"rendered":"<p>Wst\u0105\u017cka kolorowa \u2013 Wst\u0105\u017cka \u2013 Przenie\u015b ponownie do drukarki kart i drukarki kart plastikowych<\/p>","protected":false},"featured_media":143845,"template":"","meta":{"_acf_changed":false},"product_brand":[],"product_cat":[3214,4843],"product_tag":[3201,4863,2922,3069],"class_list":{"0":"post-53613","1":"product","2":"type-product","3":"status-publish","4":"has-post-thumbnail","6":"product_cat-fargo-fargband-retransfer","7":"product_cat-dtc1500-band","8":"product_tag-fargo-tillbehor","9":"product_tag-pf","10":"product_tag-ribbon-svart-black","11":"product_tag-trade-produkt","12":"product_shipping_class-tunga-paket","13":"pa_brands-fargo","14":"pa_fargband-kortskrivare-fargo","15":"tm-has-options","17":"first","18":"outofstock","19":"sale","20":"taxable","21":"shipping-taxable","22":"purchasable","23":"product-type-simple"},"acf":[],"_links":{"self":[{"href":"https:\/\/secureus.se\/pl\/wp-json\/wp\/v2\/product\/53613","targetHints":{"allow":["GET"]}}],"collection":[{"href":"https:\/\/secureus.se\/pl\/wp-json\/wp\/v2\/product"}],"about":[{"href":"https:\/\/secureus.se\/pl\/wp-json\/wp\/v2\/types\/product"}],"wp:featuredmedia":[{"embeddable":true,"href":"https:\/\/secureus.se\/pl\/wp-json\/wp\/v2\/media\/143845"}],"wp:attachment":[{"href":"https:\/\/secureus.se\/pl\/wp-json\/wp\/v2\/media?parent=53613"}],"wp:term":[{"taxonomy":"product_brand","embeddable":true,"href":"https:\/\/secureus.se\/pl\/wp-json\/wp\/v2\/product_brand?post=53613"},{"taxonomy":"product_cat","embeddable":true,"href":"https:\/\/secureus.se\/pl\/wp-json\/wp\/v2\/product_cat?post=53613"},{"taxonomy":"product_tag","embeddable":true,"href":"https:\/\/secureus.se\/pl\/wp-json\/wp\/v2\/product_tag?post=53613"}],"curies":[{"name":"wp","href":"https:\/\/api.w.org\/{rel}","templated":true}]}}