{"id":53624,"date":"2022-06-21T18:09:45","date_gmt":"2022-06-21T16:09:45","guid":{"rendered":"https:\/\/secureus.se\/produkt\/magicard-ma1000k-silver-ribbon-1000-prints\/"},"modified":"2026-03-26T10:19:30","modified_gmt":"2026-03-26T09:19:30","slug":"ribbon-magicard-ma1000k-silver-ribbon-1000-prints","status":"publish","type":"product","link":"https:\/\/secureus.se\/pl\/ribbon-magicard-ma1000k-silver-ribbon-1000-prints\/","title":{"rendered":"Wst\u0105\u017cka Magicard MA1000K-Silver (1000 wydruk\u00f3w)"},"content":{"rendered":"<p>Magicard MA1000K Silver Ribbon to wysokiej jako\u015bci monochromatyczny barwnik \u017cywiczny w srebrnym, metalicznym wyko\u0144czeniu. Ta\u015bma posiada certyfikat ISEGA, co gwarantuje jej bezpiecze\u0144stwo w bezpo\u015brednim kontakcie z \u017cywno\u015bci\u0105. Jest to idealny wyb\u00f3r do drukowania nietoksycznych etykiet i kart ekspozycyjnych dla ka\u017cdej firmy zwi\u0105zanej z \u017cywno\u015bci\u0105.<\/p>\n<ul>\n<li>1000 monochromatycznych jednostronnych wydruk\u00f3w<\/li>\n<li>Metaliczny srebrny barwnik \u017cywiczny<\/li>\n<li>Zawiera: 1x wa\u0142ek czyszcz\u0105cy<\/li>\n<\/ul>\n<p>Kompatybilny z drukarkami kart Magicard Rio Pro, Rio Pro 360, Enduro, Pronto, Pronto100, Enduro3e, 300 i 600<\/p>\n<p><strong>ISEGA ZATWIERDZONY DO BEZPO\u015aREDNIEGO KONTAKTU Z \u017bYWNO\u015aCI\u0104<\/strong><\/p>\n<p>Wst\u0105\u017cka ta uzyska\u0142a certyfikat ISEGA. Potwierdza to, \u017ce materia\u0142y, z kt\u00f3rych sk\u0142ada si\u0119 wst\u0105\u017cka, s\u0105 kompatybilne z produktami spo\u017cywczymi.<\/p>\n<p>\n <strong><br \/>\n Waga produktu:<br \/>\n 0,13 kg<br \/>\n <\/strong>\n <\/p>","protected":false},"excerpt":{"rendered":"<p>Wst\u0105\u017cka kolorowa \u2013 Wst\u0105\u017cka \u2013 Przenie\u015b ponownie do drukarki kart i drukarki kart plastikowych<\/p>","protected":false},"featured_media":143881,"template":"","meta":{"_acf_changed":false},"product_brand":[],"product_cat":[3216,4829,4830,4839,4837,4836,4833,4834],"product_tag":[3182,4863,2922,3069],"class_list":{"0":"post-53624","1":"product","2":"type-product","3":"status-publish","4":"has-post-thumbnail","6":"product_cat-magicard-fargband-retransfer","7":"product_cat-magicard-300-band","8":"product_cat-magicard-600-band","9":"product_cat-magicard-enduro-band","10":"product_cat-magicard-pronto-band","11":"product_cat-magicard-pronto100-ribbons","12":"product_cat-magicard-rio-pro-360-band","13":"product_cat-magicard-rio-pro-ribbons","14":"product_tag-magicard-tillbehor","15":"product_tag-pf","16":"product_tag-ribbon-svart-black","17":"product_tag-trade-produkt","18":"product_shipping_class-tunga-paket","19":"pa_brands-magicard","20":"pa_fargband-kortskrivare-magicard","21":"tm-has-options","23":"first","24":"instock","25":"sale","26":"taxable","27":"shipping-taxable","28":"purchasable","29":"product-type-simple"},"acf":[],"_links":{"self":[{"href":"https:\/\/secureus.se\/pl\/wp-json\/wp\/v2\/product\/53624","targetHints":{"allow":["GET"]}}],"collection":[{"href":"https:\/\/secureus.se\/pl\/wp-json\/wp\/v2\/product"}],"about":[{"href":"https:\/\/secureus.se\/pl\/wp-json\/wp\/v2\/types\/product"}],"wp:featuredmedia":[{"embeddable":true,"href":"https:\/\/secureus.se\/pl\/wp-json\/wp\/v2\/media\/143881"}],"wp:attachment":[{"href":"https:\/\/secureus.se\/pl\/wp-json\/wp\/v2\/media?parent=53624"}],"wp:term":[{"taxonomy":"product_brand","embeddable":true,"href":"https:\/\/secureus.se\/pl\/wp-json\/wp\/v2\/product_brand?post=53624"},{"taxonomy":"product_cat","embeddable":true,"href":"https:\/\/secureus.se\/pl\/wp-json\/wp\/v2\/product_cat?post=53624"},{"taxonomy":"product_tag","embeddable":true,"href":"https:\/\/secureus.se\/pl\/wp-json\/wp\/v2\/product_tag?post=53624"}],"curies":[{"name":"wp","href":"https:\/\/api.w.org\/{rel}","templated":true}]}}