{"id":53628,"date":"2022-06-21T18:09:22","date_gmt":"2022-06-21T16:09:22","guid":{"rendered":"https:\/\/secureus.se\/produkt\/fargo-hdp5600-premium-black-k-ribbon-084518-3000-images\/"},"modified":"2026-04-08T16:51:29","modified_gmt":"2026-04-08T14:51:29","slug":"ribbon-fargo-hdp5600-premium-black-k-ribbon-084518-3000-images","status":"publish","type":"product","link":"https:\/\/secureus.se\/pl\/ribbon-fargo-hdp5600-premium-black-k-ribbon-084518-3000-images\/","title":{"rendered":"Ta\u015bma Fargo K \u2013 HDP5600 (3000 obraz\u00f3w)"},"content":{"rendered":"<h1>Wst\u0105\u017cka<br \/>\n  Fargo K &#8211; HDP5600 (3000 bilder)<\/h1>\n<p>F\u00e4rgband Fargo K &#8211; HDP5600 (3000 bilder) \u00e4r ett svart monokromt<br \/>\n  wst\u0105\u017cki odpowiednie do czytelnego tekstu, prostej grafiki liniowej i<br \/>\n  Kody kreskowe na kartach plastikowych.<\/p>\n<p>Nadaje si\u0119 do dowod\u00f3w osobistych, kart dost\u0119pu, kart cz\u0142onkowskich i innych<br \/>\n  karty plastikowe, gdzie liczy si\u0119 wysoka jako\u015b\u0107 druku i niezawodno\u015b\u0107<br \/>\n  wa\u017cny.<\/p>\n<ul>\n<li>Pojemno\u015b\u0107: do 3000 wydruk\u00f3w<\/li>\n<li>Typ opaski: Czarny monochromatyczny<\/li>\n<li>Artikelnummer: 084518<\/li>\n<\/ul>\n<p><strong>Kompatibel med the.<\/strong><\/p>\n<p><strong>Waga produktu:<\/strong> 0,20 kg<\/p>","protected":false},"excerpt":{"rendered":"<p>Wst\u0105\u017cka kolorowa \u2013 Wst\u0105\u017cka \u2013 Przenie\u015b ponownie do drukarki kart i drukarki kart plastikowych<\/p>","protected":false},"featured_media":144526,"template":"","meta":{"_acf_changed":false},"product_brand":[],"product_cat":[3214],"product_tag":[3201,4863,2922,3069],"class_list":{"0":"post-53628","1":"product","2":"type-product","3":"status-publish","4":"has-post-thumbnail","6":"product_cat-fargo-fargband-retransfer","7":"product_tag-fargo-tillbehor","8":"product_tag-pf","9":"product_tag-ribbon-svart-black","10":"product_tag-trade-produkt","11":"product_shipping_class-tunga-paket","12":"pa_brands-fargo","13":"pa_fargband-kortskrivare-fargo","14":"tm-has-options","16":"first","17":"instock","18":"sale","19":"taxable","20":"shipping-taxable","21":"purchasable","22":"product-type-simple"},"acf":[],"_links":{"self":[{"href":"https:\/\/secureus.se\/pl\/wp-json\/wp\/v2\/product\/53628","targetHints":{"allow":["GET"]}}],"collection":[{"href":"https:\/\/secureus.se\/pl\/wp-json\/wp\/v2\/product"}],"about":[{"href":"https:\/\/secureus.se\/pl\/wp-json\/wp\/v2\/types\/product"}],"wp:featuredmedia":[{"embeddable":true,"href":"https:\/\/secureus.se\/pl\/wp-json\/wp\/v2\/media\/144526"}],"wp:attachment":[{"href":"https:\/\/secureus.se\/pl\/wp-json\/wp\/v2\/media?parent=53628"}],"wp:term":[{"taxonomy":"product_brand","embeddable":true,"href":"https:\/\/secureus.se\/pl\/wp-json\/wp\/v2\/product_brand?post=53628"},{"taxonomy":"product_cat","embeddable":true,"href":"https:\/\/secureus.se\/pl\/wp-json\/wp\/v2\/product_cat?post=53628"},{"taxonomy":"product_tag","embeddable":true,"href":"https:\/\/secureus.se\/pl\/wp-json\/wp\/v2\/product_tag?post=53628"}],"curies":[{"name":"wp","href":"https:\/\/api.w.org\/{rel}","templated":true}]}}