{"id":53629,"date":"2022-06-21T18:09:15","date_gmt":"2022-06-21T16:09:15","guid":{"rendered":"https:\/\/secureus.se\/produkt\/fargo-44201-premium-black-ribbon-1000-prints\/"},"modified":"2025-10-21T12:30:12","modified_gmt":"2025-10-21T10:30:12","slug":"ribbon-fargo-44201-premium-black-ribbon-1000-prints","status":"publish","type":"product","link":"https:\/\/secureus.se\/pl\/ribbon-fargo-44201-premium-black-ribbon-1000-prints\/","title":{"rendered":"Czarna wst\u0105\u017cka Fargo 44201 Premium (1000 wydruk\u00f3w)"},"content":{"rendered":"<p>Czarna wst\u0105\u017cka Fargo 44201 Premium idealnie nadaje si\u0119 do drukowania jednowierszowych grafik, wyra\u017anych wydruk\u00f3w tekstowych i czytelnych kod\u00f3w kreskowych na wst\u0119pnie zadrukowanych kartach plastikowych lub pustych kolorowych kartonach klient\u00f3w. Ten najwy\u017cszej jako\u015bci monochromatyczny barwnik \u017cywiczny jest w stanie wykona\u0107 do 1000 wydruk\u00f3w na jednolitych kartach.<\/p>\n<ul>\n<li>1000 monochromatycznych jednostronnych wydruk\u00f3w<\/li>\n<li>Czarna wst\u0105\u017cka barwi\u0105ca z \u017cywicy<\/li>\n<li>Kaseta z ta\u015bm\u0105 z rolk\u0105 czyszcz\u0105c\u0105<\/li>\n<\/ul>\n<p>Kompatybilny z drukarkami kart Fargo DTC300, C30 i M30<\/p>\n<p>\n <strong><br \/>\n Waga produktu:<br \/>\n 0,23 kg<br \/>\n <\/strong>\n <\/p>","protected":false},"excerpt":{"rendered":"<p>Wst\u0105\u017cka kolorowa \u2013 Wst\u0105\u017cka \u2013 Przenie\u015b ponownie do drukarki kart i drukarki kart plastikowych<\/p>","protected":false},"featured_media":144535,"template":"","meta":{"_acf_changed":false},"product_brand":[],"product_cat":[3214],"product_tag":[3201,4863,2922,3069],"class_list":{"0":"post-53629","1":"product","2":"type-product","3":"status-publish","4":"has-post-thumbnail","6":"product_cat-fargo-fargband-retransfer","7":"product_tag-fargo-tillbehor","8":"product_tag-pf","9":"product_tag-ribbon-svart-black","10":"product_tag-trade-produkt","11":"product_shipping_class-tunga-paket","12":"pa_brands-fargo","13":"pa_fargband-kortskrivare-fargo","14":"tm-has-options","16":"first","17":"instock","18":"sale","19":"taxable","20":"shipping-taxable","21":"purchasable","22":"product-type-simple"},"acf":[],"_links":{"self":[{"href":"https:\/\/secureus.se\/pl\/wp-json\/wp\/v2\/product\/53629","targetHints":{"allow":["GET"]}}],"collection":[{"href":"https:\/\/secureus.se\/pl\/wp-json\/wp\/v2\/product"}],"about":[{"href":"https:\/\/secureus.se\/pl\/wp-json\/wp\/v2\/types\/product"}],"wp:featuredmedia":[{"embeddable":true,"href":"https:\/\/secureus.se\/pl\/wp-json\/wp\/v2\/media\/144535"}],"wp:attachment":[{"href":"https:\/\/secureus.se\/pl\/wp-json\/wp\/v2\/media?parent=53629"}],"wp:term":[{"taxonomy":"product_brand","embeddable":true,"href":"https:\/\/secureus.se\/pl\/wp-json\/wp\/v2\/product_brand?post=53629"},{"taxonomy":"product_cat","embeddable":true,"href":"https:\/\/secureus.se\/pl\/wp-json\/wp\/v2\/product_cat?post=53629"},{"taxonomy":"product_tag","embeddable":true,"href":"https:\/\/secureus.se\/pl\/wp-json\/wp\/v2\/product_tag?post=53629"}],"curies":[{"name":"wp","href":"https:\/\/api.w.org\/{rel}","templated":true}]}}