{"id":53630,"date":"2022-06-21T18:09:09","date_gmt":"2022-06-21T16:09:09","guid":{"rendered":"https:\/\/secureus.se\/produkt\/fargo-hdp8500-ymck-full-colour-ribbon-with-black-resin-panel-500-images-084811-500-images\/"},"modified":"2026-04-08T16:50:59","modified_gmt":"2026-04-08T14:50:59","slug":"ribbon-fargo-hdp8500-ymck-full-colour-ribbon-with-black-resin-panel-500-images-084811-500-images","status":"publish","type":"product","link":"https:\/\/secureus.se\/pl\/ribbon-fargo-hdp8500-ymck-full-colour-ribbon-with-black-resin-panel-500-images-084811-500-images\/","title":{"rendered":"Ta\u015bma Fargo YMCK \u2013 HDP8500, pe\u0142nokolorowa (500 obraz\u00f3w)"},"content":{"rendered":"<h1>Wst\u0105\u017cka<br \/>\n  Fargo YMCK \u2013 HDP8500, pe\u0142nokolorowy (500 obraz\u00f3w)<\/h1>\n<p>Fargo YMCK \u2013 HDP8500, pe\u0142nokolorowa ta\u015bma (500 obraz\u00f3w) to<br \/>\n  Ta\u015bma do druku kart plastikowych o ostrych kolorach, wyra\u017anym tek\u015bcie i dobrej jako\u015bci<br \/>\n  reprodukcja szczeg\u00f3\u0142\u00f3w. Ta\u015bma YMCK zapewnia odpowiedni\u0105 kombinacj\u0119 paneli kolor\u00f3w dla<br \/>\n  profesjonalny druk kart.<\/p>\n<p>Nadaje si\u0119 do dowod\u00f3w osobistych, kart dost\u0119pu, kart cz\u0142onkowskich i innych<br \/>\n  karty plastikowe, gdzie wa\u017cna jest wysoka jako\u015b\u0107 druku i niezawodno\u015b\u0107.<\/p>\n<ul>\n<li>Pojemno\u015b\u0107: do 8500 wydruk\u00f3w<\/li>\n<li>Typ ta\u015bmy: YMCK<\/li>\n<li>Numer artyku\u0142u: 84811<\/li>\n<\/ul>\n<p><strong>Kompatybilny z Fargo<br \/>\n  HDP8500.<\/strong><\/p>\n<p><strong>Waga produktu:<\/strong> 0,22 kg<\/p>","protected":false},"excerpt":{"rendered":"<p>Wst\u0105\u017cka kolorowa \u2013 Wst\u0105\u017cka \u2013 Przenie\u015b ponownie do drukarki kart i drukarki kart plastikowych<\/p>","protected":false},"featured_media":144543,"template":"","meta":{"_acf_changed":false},"product_brand":[],"product_cat":[3214,4853],"product_tag":[3201,4863,2922,2921,3069],"class_list":{"0":"post-53630","1":"product","2":"type-product","3":"status-publish","4":"has-post-thumbnail","6":"product_cat-fargo-fargband-retransfer","7":"product_cat-hdp8500-band","8":"product_tag-fargo-tillbehor","9":"product_tag-pf","10":"product_tag-ribbon-svart-black","11":"product_tag-ribbon-ymck-farg","12":"product_tag-trade-produkt","13":"product_shipping_class-tunga-paket","14":"pa_brands-fargo","15":"pa_fargband-kortskrivare-fargo","16":"tm-has-options","18":"first","19":"instock","20":"sale","21":"taxable","22":"shipping-taxable","23":"purchasable","24":"product-type-simple"},"acf":[],"_links":{"self":[{"href":"https:\/\/secureus.se\/pl\/wp-json\/wp\/v2\/product\/53630","targetHints":{"allow":["GET"]}}],"collection":[{"href":"https:\/\/secureus.se\/pl\/wp-json\/wp\/v2\/product"}],"about":[{"href":"https:\/\/secureus.se\/pl\/wp-json\/wp\/v2\/types\/product"}],"wp:featuredmedia":[{"embeddable":true,"href":"https:\/\/secureus.se\/pl\/wp-json\/wp\/v2\/media\/144543"}],"wp:attachment":[{"href":"https:\/\/secureus.se\/pl\/wp-json\/wp\/v2\/media?parent=53630"}],"wp:term":[{"taxonomy":"product_brand","embeddable":true,"href":"https:\/\/secureus.se\/pl\/wp-json\/wp\/v2\/product_brand?post=53630"},{"taxonomy":"product_cat","embeddable":true,"href":"https:\/\/secureus.se\/pl\/wp-json\/wp\/v2\/product_cat?post=53630"},{"taxonomy":"product_tag","embeddable":true,"href":"https:\/\/secureus.se\/pl\/wp-json\/wp\/v2\/product_tag?post=53630"}],"curies":[{"name":"wp","href":"https:\/\/api.w.org\/{rel}","templated":true}]}}