{"id":53634,"date":"2022-06-21T18:08:49","date_gmt":"2022-06-21T16:08:49","guid":{"rendered":"https:\/\/secureus.se\/produkt\/magicard-prima-433-ymckk-colour-ribbon-750-prints\/"},"modified":"2026-04-23T12:48:29","modified_gmt":"2026-04-23T10:48:29","slug":"ribbon-magicard-prima-433-ymckk-colour-ribbon-750-prints","status":"publish","type":"product","link":"https:\/\/secureus.se\/pl\/ribbon-magicard-prima-433-ymckk-colour-ribbon-750-prints\/","title":{"rendered":"Wst\u0105\u017cka Magicard Prima YMCKK \u2013 433 (750 wydruk\u00f3w)"},"content":{"rendered":"<h1>Wst\u0105\u017cka<br \/>\n  Magicard Prima YMCKK &#8211; 433 (750 utskrifter)<\/h1>\n<p>F\u00e4rgband Magicard Prima YMCKK &#8211; 433 (750 utskrifter) \u00e4r ett<br \/>\n  Kompletny zestaw z ta\u015bm\u0105 barwi\u0105c\u0105 i foli\u0105 retransferow\u0105 do druku kart w wysokiej rozdzielczo\u015bci.<br \/>\n  Po\u0142\u0105czenie to zapewnia ostre kolory, wyra\u017any tekst i warstw\u0119 ochronn\u0105, kt\u00f3ra sprawia, \u017ce<br \/>\n  karty s\u0105 trwalsze w codziennym u\u017cytkowaniu.<\/p>\n<p>Dobry wyb\u00f3r, gdy chcesz wyd\u0142u\u017cy\u0107 \u017cywotno\u015b\u0107 swoich kart, poprawi\u0107<br \/>\n  trwa\u0142o\u015b\u0107 i bardziej profesjonalny efekt ko\u0144cowy. Stosowane razem<br \/>\n  med genuine Magicard retransfer films.<\/p>\n<ul>\n<li>Kapacitet: upp till 750 utskrifter per rulle<\/li>\n<li>Typ wst\u0105\u017cki: YMCKK<\/li>\n<li>Zawiera rolk\u0119 czyszcz\u0105c\u0105<\/li>\n<li>Oryginalny produkt<\/li>\n<\/ul>\n<p><strong>Kompatibel med The Magicard Prima 433 YMCKK Colour<br \/>\n  Ribbon is a five-panel full-colour ribbon with two sets of black resin dye for<br \/>\n  dual-side printing of text, images och readable barcodes. This kit is<br \/>\n  compatible with Magicard Prima 4 plastic card printers och must be used in<br \/>\n  conjunction with genuine Magicard retransfer<br \/>\n  films.<\/strong><\/p>\n<p><strong>Waga produktu:<\/strong> 0,29 kg<\/p>","protected":false},"excerpt":{"rendered":"<p>Wst\u0105\u017cka kolorowa \u2013 Wst\u0105\u017cka \u2013 Przenie\u015b ponownie do drukarki kart i drukarki kart plastikowych<\/p>","protected":false},"featured_media":144138,"template":"","meta":{"_acf_changed":false},"product_brand":[],"product_cat":[3216,4838],"product_tag":[3182,4863,2921,3069],"class_list":{"0":"post-53634","1":"product","2":"type-product","3":"status-publish","4":"has-post-thumbnail","6":"product_cat-magicard-fargband-retransfer","7":"product_cat-magicard-prima-band","8":"product_tag-magicard-tillbehor","9":"product_tag-pf","10":"product_tag-ribbon-ymck-farg","11":"product_tag-trade-produkt","12":"product_shipping_class-tunga-paket","13":"pa_brands-magicard","14":"pa_fargband-kortskrivare-magicard","15":"tm-has-options","17":"first","18":"instock","19":"sale","20":"taxable","21":"shipping-taxable","22":"purchasable","23":"product-type-simple"},"acf":[],"_links":{"self":[{"href":"https:\/\/secureus.se\/pl\/wp-json\/wp\/v2\/product\/53634","targetHints":{"allow":["GET"]}}],"collection":[{"href":"https:\/\/secureus.se\/pl\/wp-json\/wp\/v2\/product"}],"about":[{"href":"https:\/\/secureus.se\/pl\/wp-json\/wp\/v2\/types\/product"}],"wp:featuredmedia":[{"embeddable":true,"href":"https:\/\/secureus.se\/pl\/wp-json\/wp\/v2\/media\/144138"}],"wp:attachment":[{"href":"https:\/\/secureus.se\/pl\/wp-json\/wp\/v2\/media?parent=53634"}],"wp:term":[{"taxonomy":"product_brand","embeddable":true,"href":"https:\/\/secureus.se\/pl\/wp-json\/wp\/v2\/product_brand?post=53634"},{"taxonomy":"product_cat","embeddable":true,"href":"https:\/\/secureus.se\/pl\/wp-json\/wp\/v2\/product_cat?post=53634"},{"taxonomy":"product_tag","embeddable":true,"href":"https:\/\/secureus.se\/pl\/wp-json\/wp\/v2\/product_tag?post=53634"}],"curies":[{"name":"wp","href":"https:\/\/api.w.org\/{rel}","templated":true}]}}