{"id":53636,"date":"2022-06-21T18:08:36","date_gmt":"2022-06-21T16:08:36","guid":{"rendered":"https:\/\/secureus.se\/produkt\/magicard-ma1000k-gold-ribbon-1000-prints\/"},"modified":"2026-04-08T17:03:46","modified_gmt":"2026-04-08T15:03:46","slug":"ribbon-magicard-ma1000k-gold-ribbon-1000-prints","status":"publish","type":"product","link":"https:\/\/secureus.se\/pl\/ribbon-magicard-ma1000k-gold-ribbon-1000-prints\/","title":{"rendered":"Wst\u0105\u017cka Magicard \u2013 MA1000K- (1000 wydruk\u00f3w)"},"content":{"rendered":"<h1>Wst\u0105\u017cka<br \/>\n  Magicard &#8211; MA1000K- (1000 utskrifter)<\/h1>\n<p>F\u00e4rgband Magicard &#8211; MA1000K- (1000 utskrifter) \u00e4r ett<br \/>\n  originaltillbeh\u00f6r f\u00f6r kortskrivare som \u00e4r anpassat f\u00f6r p\u00e5litlig och<br \/>\n  professionell kortproduktion.<\/p>\n<p>Bandet \u00e4r ISEGA-godk\u00e4nt f\u00f6r direkt kontakt med<br \/>\n  livsmedel.<\/p>\n<ul>\n<li>Kapacitet: upp till 1 000 utskrifter<\/li>\n<li>Inkluderar reng\u00f6ringsrulle<\/li>\n<li>ISEGA-godk\u00e4nd f\u00f6r direkt kontakt med livsmedel<\/li>\n<li>Artikelnummer: ENGD<\/li>\n<\/ul>\n<p><strong>Kompatibel med Magicard 300, 600, Rio Pro, Rio Pro<br \/>\n  360, Enduro3E, Pronto100 och Pronto.<\/strong><\/p>\n<p><strong>Waga produktu:<\/strong> 0,13 kg<\/p>","protected":false},"excerpt":{"rendered":"<p>Wst\u0105\u017cka kolorowa \u2013 Wst\u0105\u017cka \u2013 Przenie\u015b ponownie do drukarki kart i drukarki kart plastikowych<\/p>","protected":false},"featured_media":143729,"template":"","meta":{"_acf_changed":false},"product_brand":[],"product_cat":[3216,4829,4830,4839,4837,4836,4833,4834],"product_tag":[3182,4863,2922,3069],"class_list":{"0":"post-53636","1":"product","2":"type-product","3":"status-publish","4":"has-post-thumbnail","6":"product_cat-magicard-fargband-retransfer","7":"product_cat-magicard-300-band","8":"product_cat-magicard-600-band","9":"product_cat-magicard-enduro-band","10":"product_cat-magicard-pronto-band","11":"product_cat-magicard-pronto100-ribbons","12":"product_cat-magicard-rio-pro-360-band","13":"product_cat-magicard-rio-pro-ribbons","14":"product_tag-magicard-tillbehor","15":"product_tag-pf","16":"product_tag-ribbon-svart-black","17":"product_tag-trade-produkt","18":"product_shipping_class-tunga-paket","19":"pa_brands-magicard","20":"pa_fargband-kortskrivare-magicard","21":"tm-has-options","23":"first","24":"instock","25":"sale","26":"taxable","27":"shipping-taxable","28":"purchasable","29":"product-type-simple"},"acf":[],"_links":{"self":[{"href":"https:\/\/secureus.se\/pl\/wp-json\/wp\/v2\/product\/53636","targetHints":{"allow":["GET"]}}],"collection":[{"href":"https:\/\/secureus.se\/pl\/wp-json\/wp\/v2\/product"}],"about":[{"href":"https:\/\/secureus.se\/pl\/wp-json\/wp\/v2\/types\/product"}],"wp:featuredmedia":[{"embeddable":true,"href":"https:\/\/secureus.se\/pl\/wp-json\/wp\/v2\/media\/143729"}],"wp:attachment":[{"href":"https:\/\/secureus.se\/pl\/wp-json\/wp\/v2\/media?parent=53636"}],"wp:term":[{"taxonomy":"product_brand","embeddable":true,"href":"https:\/\/secureus.se\/pl\/wp-json\/wp\/v2\/product_brand?post=53636"},{"taxonomy":"product_cat","embeddable":true,"href":"https:\/\/secureus.se\/pl\/wp-json\/wp\/v2\/product_cat?post=53636"},{"taxonomy":"product_tag","embeddable":true,"href":"https:\/\/secureus.se\/pl\/wp-json\/wp\/v2\/product_tag?post=53636"}],"curies":[{"name":"wp","href":"https:\/\/api.w.org\/{rel}","templated":true}]}}