{"id":53639,"date":"2022-06-21T18:08:11","date_gmt":"2022-06-21T16:08:11","guid":{"rendered":"https:\/\/secureus.se\/produkt\/fargo-hdp-thermal-transfer-overlaminate-high-secure-orbit-universal-orientation-082618-500-prints\/"},"modified":"2026-04-08T17:03:05","modified_gmt":"2026-04-08T15:03:05","slug":"ribbon-fargo-hdp-thermal-transfer-overlaminate-high-secure-orbit-universal-orientation-082618-500-prints","status":"publish","type":"product","link":"https:\/\/secureus.se\/pl\/ribbon-fargo-hdp-thermal-transfer-overlaminate-high-secure-orbit-universal-orientation-082618-500-prints\/","title":{"rendered":"Folia laminuj\u0105ca Fargo - 082618, High Secure Orbit (500 wydruk\u00f3w)"},"content":{"rendered":"<h1>Folia laminuj\u0105ca<br \/>\n  Fargo &#8211; 082618, High Secure Orbit (500 utskrifter)<\/h1>\n<p>Folia laminuj\u0105ca Fargo - 082618, High Secure Orbit (500 wydruk\u00f3w)<br \/>\n  \u00e4r en holografisk lamineringsfilm som kombinerar slitageskydd med extra<br \/>\n  s\u00e4kerhet mot manipulering och f\u00f6rfalskning.<\/p>\n<p>Dobry wyb\u00f3r, gdy chcesz wyd\u0142u\u017cy\u0107 \u017cywotno\u015b\u0107 swoich kart, poprawi\u0107<br \/>\n  trwa\u0142o\u015b\u0107 i uzyskaj bardziej profesjonalny efekt ko\u0144cowy.<\/p>\n<ul>\n<li>Kapacitet: upp till 500 utskrifter per rulle<\/li>\n<li>Zapewnia dodatkowe bezpiecze\u0144stwo wizualne dzi\u0119ki efektowi holograficznemu<\/li>\n<li>Projekt orbity dla wi\u0119kszego bezpiecze\u0144stwa<\/li>\n<li>Artikelnummer: 82618<\/li>\n<\/ul>\n<p><strong>Kompatibel med Fargo HDP4500, HDP5000 och HDP8500<br \/>\n  card (For use with Single-Side Lamination Module<br \/>\n  endast).<\/strong><\/p>\n<p><strong>Waga produktu:<\/strong> 0,26 kg<\/p>","protected":false},"excerpt":{"rendered":"<p>Wst\u0105\u017cka kolorowa \u2013 Wst\u0105\u017cka \u2013 Przenie\u015b ponownie do drukarki kart i drukarki kart plastikowych<\/p>","protected":false},"featured_media":144163,"template":"","meta":{"_acf_changed":false},"product_brand":[],"product_cat":[3214,4846,4850,4851],"product_tag":[3201,4863,2924,3069],"class_list":{"0":"post-53639","1":"product","2":"type-product","3":"status-publish","4":"has-post-thumbnail","6":"product_cat-fargo-fargband-retransfer","7":"product_cat-dtc4500-band","8":"product_cat-hdp5000-band","9":"product_cat-hdp5000e-band","10":"product_tag-fargo-tillbehor","11":"product_tag-pf","12":"product_tag-ribbon-clearfilm-hologram-ovrigt","13":"product_tag-trade-produkt","14":"product_shipping_class-tunga-paket","15":"pa_brands-fargo","16":"pa_fargband-kortskrivare-fargo","17":"tm-has-options","19":"first","20":"instock","21":"sale","22":"taxable","23":"shipping-taxable","24":"purchasable","25":"product-type-simple"},"acf":[],"_links":{"self":[{"href":"https:\/\/secureus.se\/pl\/wp-json\/wp\/v2\/product\/53639","targetHints":{"allow":["GET"]}}],"collection":[{"href":"https:\/\/secureus.se\/pl\/wp-json\/wp\/v2\/product"}],"about":[{"href":"https:\/\/secureus.se\/pl\/wp-json\/wp\/v2\/types\/product"}],"wp:featuredmedia":[{"embeddable":true,"href":"https:\/\/secureus.se\/pl\/wp-json\/wp\/v2\/media\/144163"}],"wp:attachment":[{"href":"https:\/\/secureus.se\/pl\/wp-json\/wp\/v2\/media?parent=53639"}],"wp:term":[{"taxonomy":"product_brand","embeddable":true,"href":"https:\/\/secureus.se\/pl\/wp-json\/wp\/v2\/product_brand?post=53639"},{"taxonomy":"product_cat","embeddable":true,"href":"https:\/\/secureus.se\/pl\/wp-json\/wp\/v2\/product_cat?post=53639"},{"taxonomy":"product_tag","embeddable":true,"href":"https:\/\/secureus.se\/pl\/wp-json\/wp\/v2\/product_tag?post=53639"}],"curies":[{"name":"wp","href":"https:\/\/api.w.org\/{rel}","templated":true}]}}