{"id":53642,"date":"2022-06-21T18:07:53","date_gmt":"2022-06-21T16:07:53","guid":{"rendered":"https:\/\/secureus.se\/produkt\/fargo-hdp5600-ymckk-full-color-ribbon-with-two-resin-black-panels-084512-500-images\/"},"modified":"2026-03-26T10:20:34","modified_gmt":"2026-03-26T09:20:34","slug":"ribbon-fargo-hdp5600-ymckk-full-color-ribbon-with-two-resin-black-panels-084512-500-images","status":"publish","type":"product","link":"https:\/\/secureus.se\/pl\/ribbon-fargo-hdp5600-ymckk-full-color-ribbon-with-two-resin-black-panels-084512-500-images\/","title":{"rendered":"Kolorowa wst\u0105\u017cka Fargo HDP5600 YMCKK Pe\u0142nokolorowa wst\u0105\u017cka z dwoma czarnymi panelami z \u017cywicy, 084512 \u2013 500 obraz\u00f3w"},"content":{"rendered":"<p>Wst\u0105\u017cka Fargo HDP5600 084512 YMCKK to pi\u0119ciopanelowy pe\u0142nokolorowy barwnik z dwoma zestawami czarnej \u017cywicy, odpowiedni do stosowania w drukarkach kart Fargo HDP5600. Ta ta\u015bma gwarantuje dostarczenie czytelnych kod\u00f3w kreskowych, zdj\u0119\u0107 w wysokiej rozdzielczo\u015bci i wyra\u017anych wydruk\u00f3w tekstu na wst\u0119pnie zadrukowanych kartach plastikowych lub pustych kolorowych kartonach.\u00a0<\/p>\n<ul>\n<li>500 pe\u0142nokolorowych jednostronnych wydruk\u00f3w<\/li>\n<li>Wst\u0105\u017cka YMCKK (panele \u017c\u00f3\u0142ty, magenta, cyjan, czarny i czarny)<\/li>\n<li>Kod producenta: 084512<\/li>\n<\/ul>\n<p>Kompatybilny z drukark\u0105 kart Fargo HDP5600<\/p>\n<p>\n <strong><br \/>\n Waga produktu:<br \/>\n 0,20 kg<br \/>\n <\/strong>\n <\/p>","protected":false},"excerpt":{"rendered":"<p>Wst\u0105\u017cka kolorowa \u2013 Wst\u0105\u017cka \u2013 Przenie\u015b ponownie do drukarki kart i drukarki kart plastikowych<\/p>","protected":false},"featured_media":143908,"template":"","meta":{"_acf_changed":false},"product_brand":[],"product_cat":[3214,4851],"product_tag":[3201,4863,2922,2921,3069],"class_list":{"0":"post-53642","1":"product","2":"type-product","3":"status-publish","4":"has-post-thumbnail","6":"product_cat-fargo-fargband-retransfer","7":"product_cat-hdp5000e-band","8":"product_tag-fargo-tillbehor","9":"product_tag-pf","10":"product_tag-ribbon-svart-black","11":"product_tag-ribbon-ymck-farg","12":"product_tag-trade-produkt","13":"product_shipping_class-tunga-paket","14":"pa_brands-fargo","15":"pa_fargband-kortskrivare-fargo","16":"tm-has-options","18":"first","19":"instock","20":"sale","21":"taxable","22":"shipping-taxable","23":"purchasable","24":"product-type-simple"},"acf":[],"_links":{"self":[{"href":"https:\/\/secureus.se\/pl\/wp-json\/wp\/v2\/product\/53642","targetHints":{"allow":["GET"]}}],"collection":[{"href":"https:\/\/secureus.se\/pl\/wp-json\/wp\/v2\/product"}],"about":[{"href":"https:\/\/secureus.se\/pl\/wp-json\/wp\/v2\/types\/product"}],"wp:featuredmedia":[{"embeddable":true,"href":"https:\/\/secureus.se\/pl\/wp-json\/wp\/v2\/media\/143908"}],"wp:attachment":[{"href":"https:\/\/secureus.se\/pl\/wp-json\/wp\/v2\/media?parent=53642"}],"wp:term":[{"taxonomy":"product_brand","embeddable":true,"href":"https:\/\/secureus.se\/pl\/wp-json\/wp\/v2\/product_brand?post=53642"},{"taxonomy":"product_cat","embeddable":true,"href":"https:\/\/secureus.se\/pl\/wp-json\/wp\/v2\/product_cat?post=53642"},{"taxonomy":"product_tag","embeddable":true,"href":"https:\/\/secureus.se\/pl\/wp-json\/wp\/v2\/product_tag?post=53642"}],"curies":[{"name":"wp","href":"https:\/\/api.w.org\/{rel}","templated":true}]}}