{"id":53645,"date":"2022-06-21T18:07:35","date_gmt":"2022-06-21T16:07:35","guid":{"rendered":"https:\/\/secureus.se\/produkt\/fargo-44210-ymckok-colour-ribbon-200-prints\/"},"modified":"2026-04-08T16:59:14","modified_gmt":"2026-04-08T14:59:14","slug":"ribbon-fargo-44210-ymckok-colour-ribbon-200-prints","status":"publish","type":"product","link":"https:\/\/secureus.se\/pl\/ribbon-fargo-44210-ymckok-colour-ribbon-200-prints\/","title":{"rendered":"F\u00e4rgband Fargo YMCKOK &#8211; 44210 (200 utskrifter)"},"content":{"rendered":"<h1>Wst\u0105\u017cka<br \/>\n  Fargo YMCKOK &#8211; 44210 (200 utskrifter)<\/h1>\n<p>F\u00e4rgband Fargo YMCKOK &#8211; 44210 (200 utskrifter) \u00e4r ett f\u00e4rgband f\u00f6r<br \/>\n  utskrift av plastkort med skarpa f\u00e4rger, tydlig text och bra<br \/>\n  detalj\u00e5tergivning. Bandtypen YMCKOK ger r\u00e4tt kombination av f\u00e4rgpaneler och<br \/>\n  skyddande overlay f\u00f6r professionella kortutskrifter.<\/p>\n<p>Nadaje si\u0119 do dowod\u00f3w osobistych, kart dost\u0119pu, kart cz\u0142onkowskich i innych<br \/>\n  karty plastikowe, gdzie liczy si\u0119 wysoka jako\u015b\u0107 druku i niezawodno\u015b\u0107<br \/>\n  wa\u017cny.<\/p>\n<ul>\n<li>Kapacitet: upp till 200 utskrifter<\/li>\n<li>Bandtyp: YMCKOK<\/li>\n<li>Inkluderar reng\u00f6ringsrulle<\/li>\n<li>L\u00e4mpligt f\u00f6r dubbelsidig kortutskrift<\/li>\n<\/ul>\n<p><strong>Kompatibel med Fargo DTC300 och<br \/>\n  C30.<\/strong><\/p>\n<p><strong>Waga produktu:<\/strong> 0,20 kg<\/p>","protected":false},"excerpt":{"rendered":"<p>Wst\u0105\u017cka kolorowa \u2013 Wst\u0105\u017cka \u2013 Przenie\u015b ponownie do drukarki kart i drukarki kart plastikowych<\/p>","protected":false},"featured_media":144567,"template":"","meta":{"_acf_changed":false},"product_brand":[],"product_cat":[3214,4848],"product_tag":[3201,4863,2921,3069],"class_list":{"0":"post-53645","1":"product","2":"type-product","3":"status-publish","4":"has-post-thumbnail","6":"product_cat-fargo-fargband-retransfer","7":"product_cat-c30-band","8":"product_tag-fargo-tillbehor","9":"product_tag-pf","10":"product_tag-ribbon-ymck-farg","11":"product_tag-trade-produkt","12":"product_shipping_class-tunga-paket","13":"pa_brands-fargo","14":"pa_fargband-kortskrivare-fargo","15":"tm-has-options","17":"first","18":"outofstock","19":"sale","20":"taxable","21":"shipping-taxable","22":"purchasable","23":"product-type-simple"},"acf":[],"_links":{"self":[{"href":"https:\/\/secureus.se\/pl\/wp-json\/wp\/v2\/product\/53645","targetHints":{"allow":["GET"]}}],"collection":[{"href":"https:\/\/secureus.se\/pl\/wp-json\/wp\/v2\/product"}],"about":[{"href":"https:\/\/secureus.se\/pl\/wp-json\/wp\/v2\/types\/product"}],"wp:featuredmedia":[{"embeddable":true,"href":"https:\/\/secureus.se\/pl\/wp-json\/wp\/v2\/media\/144567"}],"wp:attachment":[{"href":"https:\/\/secureus.se\/pl\/wp-json\/wp\/v2\/media?parent=53645"}],"wp:term":[{"taxonomy":"product_brand","embeddable":true,"href":"https:\/\/secureus.se\/pl\/wp-json\/wp\/v2\/product_brand?post=53645"},{"taxonomy":"product_cat","embeddable":true,"href":"https:\/\/secureus.se\/pl\/wp-json\/wp\/v2\/product_cat?post=53645"},{"taxonomy":"product_tag","embeddable":true,"href":"https:\/\/secureus.se\/pl\/wp-json\/wp\/v2\/product_tag?post=53645"}],"curies":[{"name":"wp","href":"https:\/\/api.w.org\/{rel}","templated":true}]}}