{"id":53646,"date":"2022-06-21T18:07:28","date_gmt":"2022-06-21T16:07:28","guid":{"rendered":"https:\/\/secureus.se\/produkt\/fargo-hdp5000-polyguards-0-6mm-clear-overlaminate-250-print\/"},"modified":"2026-04-08T16:59:29","modified_gmt":"2026-04-08T14:59:29","slug":"ribbon-fargo-hdp5000-polyguards-0-6mm-clear-overlaminate-250-print","status":"publish","type":"product","link":"https:\/\/secureus.se\/pl\/ribbon-fargo-hdp5000-polyguards-0-6mm-clear-overlaminate-250-print\/","title":{"rendered":"Folia laminuj\u0105ca Fargo HDP5000 - HDP5000 (250 wydruk\u00f3w)"},"content":{"rendered":"<h1>Folia laminuj\u0105ca<br \/>\n  Fargo HDP5000 \u2013 HDP5000 (250 odbitek)<\/h1>\n<p>Folia laminuj\u0105ca Fargo HDP5000 \u2013 HDP5000 (250 wydruk\u00f3w) to<br \/>\n  folia laminuj\u0105ca, kt\u00f3ra zapewnia dodatkow\u0105 warstw\u0119 ochrony kart plastikowych i pomaga<br \/>\n  aby zmniejszy\u0107 zarysowania, blakni\u0119cie i normalne zu\u017cycie.<\/p>\n<p>Dobry wyb\u00f3r, gdy chcesz wyd\u0142u\u017cy\u0107 \u017cywotno\u015b\u0107 swoich kart, poprawi\u0107<br \/>\n  trwa\u0142o\u015b\u0107 i uzyskaj bardziej profesjonalny efekt ko\u0144cowy.<\/p>\n<ul>\n<li>Wydajno\u015b\u0107: do 250 wydruk\u00f3w na rolk\u0119<\/li>\n<li>Numer artyku\u0142u: 82600<\/li>\n<\/ul>\n<p><strong>Kompatybilny z Fargo HDP500, HDP8500 i<br \/>\n  DTC4500.<\/strong><\/p>\n<p><strong>Waga produktu:<\/strong> 0,26 kg<\/p>","protected":false},"excerpt":{"rendered":"<p>Wst\u0105\u017cka kolorowa \u2013 Wst\u0105\u017cka \u2013 Przenie\u015b ponownie do drukarki kart i drukarki kart plastikowych<\/p>","protected":false},"featured_media":143626,"template":"","meta":{"_acf_changed":false},"product_brand":[],"product_cat":[3214,4846,4850,4851,4853],"product_tag":[3201,4863,2924,3069],"class_list":{"0":"post-53646","1":"product","2":"type-product","3":"status-publish","4":"has-post-thumbnail","6":"product_cat-fargo-fargband-retransfer","7":"product_cat-dtc4500-band","8":"product_cat-hdp5000-band","9":"product_cat-hdp5000e-band","10":"product_cat-hdp8500-band","11":"product_tag-fargo-tillbehor","12":"product_tag-pf","13":"product_tag-ribbon-clearfilm-hologram-ovrigt","14":"product_tag-trade-produkt","15":"product_shipping_class-tunga-paket","16":"pa_brands-fargo","17":"pa_fargband-kortskrivare-fargo","18":"tm-has-options","20":"first","21":"instock","22":"sale","23":"taxable","24":"shipping-taxable","25":"purchasable","26":"product-type-simple"},"acf":[],"_links":{"self":[{"href":"https:\/\/secureus.se\/pl\/wp-json\/wp\/v2\/product\/53646","targetHints":{"allow":["GET"]}}],"collection":[{"href":"https:\/\/secureus.se\/pl\/wp-json\/wp\/v2\/product"}],"about":[{"href":"https:\/\/secureus.se\/pl\/wp-json\/wp\/v2\/types\/product"}],"wp:featuredmedia":[{"embeddable":true,"href":"https:\/\/secureus.se\/pl\/wp-json\/wp\/v2\/media\/143626"}],"wp:attachment":[{"href":"https:\/\/secureus.se\/pl\/wp-json\/wp\/v2\/media?parent=53646"}],"wp:term":[{"taxonomy":"product_brand","embeddable":true,"href":"https:\/\/secureus.se\/pl\/wp-json\/wp\/v2\/product_brand?post=53646"},{"taxonomy":"product_cat","embeddable":true,"href":"https:\/\/secureus.se\/pl\/wp-json\/wp\/v2\/product_cat?post=53646"},{"taxonomy":"product_tag","embeddable":true,"href":"https:\/\/secureus.se\/pl\/wp-json\/wp\/v2\/product_tag?post=53646"}],"curies":[{"name":"wp","href":"https:\/\/api.w.org\/{rel}","templated":true}]}}