{"id":53649,"date":"2022-06-21T18:07:10","date_gmt":"2022-06-21T16:07:10","guid":{"rendered":"https:\/\/secureus.se\/produkt\/evolis-r3013-ymcko-colour-ribbon-400-prints\/"},"modified":"2026-04-23T12:51:32","modified_gmt":"2026-04-23T10:51:32","slug":"ribbon-evolis-r3013-ymcko-colour-ribbon-400-prints","status":"publish","type":"product","link":"https:\/\/secureus.se\/pl\/ribbon-evolis-r3013-ymcko-colour-ribbon-400-prints\/","title":{"rendered":"Wst\u0105\u017cka Evolis YMCKO \u2013 R3013 (400 wydruk\u00f3w)"},"content":{"rendered":"<h1>Wst\u0105\u017cka<br \/>\n  Evolis YMCKO \u2013 R3013 (400 wydruk\u00f3w)<\/h1>\n<p>Ta\u015bma barwi\u0105ca Evolis YMCKO \u2013 R3013 (400 wydruk\u00f3w) to ta\u015bma barwi\u0105ca do<br \/>\n  drukowanie kart plastikowych o ostrych kolorach, wyra\u017anym tek\u015bcie i dobrej jako\u015bci<br \/>\n  reprodukcja szczeg\u00f3\u0142\u00f3w. Ta\u015bma YMCKO zapewnia prawid\u0142ow\u0105 kombinacj\u0119 paneli kolor\u00f3w i<br \/>\n  Pow\u0142oka ochronna do profesjonalnego druku kart.<\/p>\n<p>Nadaje si\u0119 do dowod\u00f3w osobistych, kart dost\u0119pu, kart cz\u0142onkowskich i innych<br \/>\n  karty plastikowe, gdzie wa\u017cna jest wysoka jako\u015b\u0107 druku i niezawodno\u015b\u0107.<\/p>\n<ul>\n<li>Pojemno\u015b\u0107: do 400 wydruk\u00f3w<\/li>\n<li>Typ wst\u0105\u017cki: YMCKO<\/li>\n<li>Numer artyku\u0142u: R3013<\/li>\n<\/ul>\n<p><strong>Kompatybilny z Evolis Pebble, Dualys, Securion,<br \/>\n  Quantum i Quantum 2.<\/strong><\/p>\n<p><strong>Waga produktu:<\/strong> 0,20 kg<\/p>","protected":false},"excerpt":{"rendered":"<p>Wst\u0105\u017cka kolorowa \u2013 Wst\u0105\u017cka \u2013 Przenie\u015b ponownie do drukarki kart i drukarki kart plastikowych<\/p>","protected":false},"featured_media":144175,"template":"","meta":{"_acf_changed":false},"product_brand":[],"product_cat":[3213,1324,4857,4860],"product_tag":[3181,4863,2921,3069],"class_list":{"0":"post-53649","1":"product","2":"type-product","3":"status-publish","4":"has-post-thumbnail","6":"product_cat-evolis-fargband-retransfer","7":"product_cat-outlet","8":"product_cat-pebble","9":"product_cat-quantum","10":"product_tag-evolis-tillbehor","11":"product_tag-pf","12":"product_tag-ribbon-ymck-farg","13":"product_tag-trade-produkt","14":"product_shipping_class-tunga-paket","15":"pa_brands-evolis","16":"pa_fargband-kortskrivare-evolis","17":"tm-has-options","19":"first","20":"instock","21":"sale","22":"taxable","23":"shipping-taxable","24":"purchasable","25":"product-type-simple"},"acf":[],"_links":{"self":[{"href":"https:\/\/secureus.se\/pl\/wp-json\/wp\/v2\/product\/53649","targetHints":{"allow":["GET"]}}],"collection":[{"href":"https:\/\/secureus.se\/pl\/wp-json\/wp\/v2\/product"}],"about":[{"href":"https:\/\/secureus.se\/pl\/wp-json\/wp\/v2\/types\/product"}],"wp:featuredmedia":[{"embeddable":true,"href":"https:\/\/secureus.se\/pl\/wp-json\/wp\/v2\/media\/144175"}],"wp:attachment":[{"href":"https:\/\/secureus.se\/pl\/wp-json\/wp\/v2\/media?parent=53649"}],"wp:term":[{"taxonomy":"product_brand","embeddable":true,"href":"https:\/\/secureus.se\/pl\/wp-json\/wp\/v2\/product_brand?post=53649"},{"taxonomy":"product_cat","embeddable":true,"href":"https:\/\/secureus.se\/pl\/wp-json\/wp\/v2\/product_cat?post=53649"},{"taxonomy":"product_tag","embeddable":true,"href":"https:\/\/secureus.se\/pl\/wp-json\/wp\/v2\/product_tag?post=53649"}],"curies":[{"name":"wp","href":"https:\/\/api.w.org\/{rel}","templated":true}]}}