{"id":53652,"date":"2022-06-21T18:06:53","date_gmt":"2022-06-21T16:06:53","guid":{"rendered":"https:\/\/secureus.se\/produkt\/evolis-r2121-black-monochrome-ribbon-5000-prints\/"},"modified":"2025-08-15T22:52:42","modified_gmt":"2025-08-15T20:52:42","slug":"ribbon-evolis-r2121-black-monochrome-ribbon-5000-prints","status":"publish","type":"product","link":"https:\/\/secureus.se\/pl\/ribbon-evolis-r2121-black-monochrome-ribbon-5000-prints\/","title":{"rendered":"Kolorowa wst\u0105\u017cka Evolis R2121 Czarna wst\u0105\u017cka monochromatyczna (5000 wydruk\u00f3w)"},"content":{"rendered":"<p>Czarna wst\u0105\u017cka monochromatyczna Evolis R2121 to jednokolorowy barwnik \u017cywiczny kompatybilny z drukarkami kart Evolis Quantum. Ta ekonomiczna ta\u015bma jest niezb\u0119dna do drukowania du\u017cych partii wst\u0119pnie zadrukowanych lub czystych kart plastikowych, kt\u00f3re wymagaj\u0105 czytelnych kod\u00f3w kreskowych, wyj\u0105tkowo wyra\u017anych wydruk\u00f3w tekstu i grafiki jednowierszowej.<\/p>\n<ul>\n<li>5000 wydruk\u00f3w monochromatycznych<\/li>\n<li>Czarny monochromatyczny barwnik \u017cywiczny<\/li>\n<li>Kod producenta: R2121<\/li>\n<\/ul>\n<p><strong>Kompatybilny z drukark\u0105 kart Evolis Quantum.<\/strong><\/p>\n<p>\n <strong><br \/>\n Waga produktu:<br \/>\n 0,29 kg<br \/>\n <\/strong>\n <\/p>","protected":false},"excerpt":{"rendered":"<p>Wst\u0105\u017cka kolorowa \u2013 Wst\u0105\u017cka \u2013 Przenie\u015b ponownie do drukarki kart i drukarki kart plastikowych<\/p>","protected":false},"featured_media":143926,"template":"","meta":{"_acf_changed":false},"product_brand":[],"product_cat":[3213],"product_tag":[3181,2922,3069],"class_list":{"0":"post-53652","1":"product","2":"type-product","3":"status-publish","4":"has-post-thumbnail","6":"product_cat-evolis-fargband-retransfer","7":"product_tag-evolis-tillbehor","8":"product_tag-ribbon-svart-black","9":"product_tag-trade-produkt","10":"product_shipping_class-tunga-paket","11":"pa_brands-evolis","12":"pa_fargband-kortskrivare-evolis","13":"tm-has-options","15":"first","16":"instock","17":"sale","18":"taxable","19":"shipping-taxable","20":"purchasable","21":"product-type-simple"},"acf":[],"_links":{"self":[{"href":"https:\/\/secureus.se\/pl\/wp-json\/wp\/v2\/product\/53652","targetHints":{"allow":["GET"]}}],"collection":[{"href":"https:\/\/secureus.se\/pl\/wp-json\/wp\/v2\/product"}],"about":[{"href":"https:\/\/secureus.se\/pl\/wp-json\/wp\/v2\/types\/product"}],"wp:featuredmedia":[{"embeddable":true,"href":"https:\/\/secureus.se\/pl\/wp-json\/wp\/v2\/media\/143926"}],"wp:attachment":[{"href":"https:\/\/secureus.se\/pl\/wp-json\/wp\/v2\/media?parent=53652"}],"wp:term":[{"taxonomy":"product_brand","embeddable":true,"href":"https:\/\/secureus.se\/pl\/wp-json\/wp\/v2\/product_brand?post=53652"},{"taxonomy":"product_cat","embeddable":true,"href":"https:\/\/secureus.se\/pl\/wp-json\/wp\/v2\/product_cat?post=53652"},{"taxonomy":"product_tag","embeddable":true,"href":"https:\/\/secureus.se\/pl\/wp-json\/wp\/v2\/product_tag?post=53652"}],"curies":[{"name":"wp","href":"https:\/\/api.w.org\/{rel}","templated":true}]}}