{"id":53675,"date":"2022-06-21T18:04:32","date_gmt":"2022-06-21T16:04:32","guid":{"rendered":"https:\/\/secureus.se\/produkt\/fargo-45102-standard-black-ribbon-1000-prints\/"},"modified":"2026-04-08T16:48:24","modified_gmt":"2026-04-08T14:48:24","slug":"ribbon-fargo-45102-standard-black-ribbon-1000-prints","status":"publish","type":"product","link":"https:\/\/secureus.se\/pl\/ribbon-fargo-45102-standard-black-ribbon-1000-prints\/","title":{"rendered":"Wst\u0105\u017cka Fargo \u2013 45102 (1000 wydruk\u00f3w)"},"content":{"rendered":"<h1>Wst\u0105\u017cka<br \/>\n  Fargo \u2013 45102 (1000 odbitek)<\/h1>\n<p>Fargo Ribbon \u2013 45102 (1000 wydruk\u00f3w) to czarna, monochromatyczna wst\u0105\u017cka<br \/>\n  wst\u0105\u017cki odpowiednie do czytelnego tekstu, prostej grafiki liniowej i<br \/>\n  Kody kreskowe na kartach plastikowych.<\/p>\n<p>Nadaje si\u0119 do dowod\u00f3w osobistych, kart dost\u0119pu, kart cz\u0142onkowskich i innych<br \/>\n  karty plastikowe, gdzie liczy si\u0119 wysoka jako\u015b\u0107 druku i niezawodno\u015b\u0107<br \/>\n  wa\u017cny.<\/p>\n<ul>\n<li>Pojemno\u015b\u0107: do 1000 wydruk\u00f3w<\/li>\n<li>Typ opaski: Czarny monochromatyczny<\/li>\n<li>Zawiera rolk\u0119 czyszcz\u0105c\u0105<\/li>\n<li>Numer artyku\u0142u: 45102<\/li>\n<\/ul>\n<p><strong>Kompatybilny z Fargo C50, DTC1000, DTC1250, DTC4000<br \/>\n  i DTC4250.<\/strong><\/p>\n<p><strong>Waga produktu:<\/strong> 0,19 kg<\/p>","protected":false},"excerpt":{"rendered":"<p>Wst\u0105\u017cka kolorowa \u2013 Wst\u0105\u017cka \u2013 Przenie\u015b ponownie do drukarki kart i drukarki kart plastikowych<\/p>","protected":false},"featured_media":143972,"template":"","meta":{"_acf_changed":false},"product_brand":[],"product_cat":[3214,4849,4842,4844,4845],"product_tag":[3201,4863,2922,3069],"class_list":{"0":"post-53675","1":"product","2":"type-product","3":"status-publish","4":"has-post-thumbnail","6":"product_cat-fargo-fargband-retransfer","7":"product_cat-c50-band","8":"product_cat-dtc1250-band","9":"product_cat-dtc4000-band","10":"product_cat-dtc4250-band","11":"product_tag-fargo-tillbehor","12":"product_tag-pf","13":"product_tag-ribbon-svart-black","14":"product_tag-trade-produkt","15":"product_shipping_class-tunga-paket","16":"pa_brands-fargo","17":"pa_fargband-kortskrivare-fargo","18":"tm-has-options","20":"first","21":"instock","22":"sale","23":"taxable","24":"shipping-taxable","25":"purchasable","26":"product-type-simple"},"acf":[],"_links":{"self":[{"href":"https:\/\/secureus.se\/pl\/wp-json\/wp\/v2\/product\/53675","targetHints":{"allow":["GET"]}}],"collection":[{"href":"https:\/\/secureus.se\/pl\/wp-json\/wp\/v2\/product"}],"about":[{"href":"https:\/\/secureus.se\/pl\/wp-json\/wp\/v2\/types\/product"}],"wp:featuredmedia":[{"embeddable":true,"href":"https:\/\/secureus.se\/pl\/wp-json\/wp\/v2\/media\/143972"}],"wp:attachment":[{"href":"https:\/\/secureus.se\/pl\/wp-json\/wp\/v2\/media?parent=53675"}],"wp:term":[{"taxonomy":"product_brand","embeddable":true,"href":"https:\/\/secureus.se\/pl\/wp-json\/wp\/v2\/product_brand?post=53675"},{"taxonomy":"product_cat","embeddable":true,"href":"https:\/\/secureus.se\/pl\/wp-json\/wp\/v2\/product_cat?post=53675"},{"taxonomy":"product_tag","embeddable":true,"href":"https:\/\/secureus.se\/pl\/wp-json\/wp\/v2\/product_tag?post=53675"}],"curies":[{"name":"wp","href":"https:\/\/api.w.org\/{rel}","templated":true}]}}