{"id":53677,"date":"2022-06-21T18:04:24","date_gmt":"2022-06-21T16:04:24","guid":{"rendered":"https:\/\/secureus.se\/produkt\/evolis-r2011-black-monochrome-ribbon-1000-prints\/"},"modified":"2026-04-08T16:50:28","modified_gmt":"2026-04-08T14:50:28","slug":"ribbon-evolis-r2011-black-monochrome-ribbon-1000-prints","status":"publish","type":"product","link":"https:\/\/secureus.se\/pl\/ribbon-evolis-r2011-black-monochrome-ribbon-1000-prints\/","title":{"rendered":"Ta\u015bma Evolis \u2013 R2011, czarna monochromatyczna (1000 wydruk\u00f3w)"},"content":{"rendered":"<h1>Wst\u0105\u017cka<br \/>\n  Evolis \u2013 R2011, czarny monochromatyczny (1000 odbitek)<\/h1>\n<p>Ta\u015bma Evolis \u2013 R2011, czarna monochromatyczna (1000 wydruk\u00f3w) to<br \/>\n  czarna monochromatyczna wst\u0105\u017cka odpowiednia do czytelnego tekstu, prostej grafiki liniowej i<br \/>\n  czytelne kody kreskowe na kartach plastikowych.<\/p>\n<p>Nadaje si\u0119 do dowod\u00f3w osobistych, kart dost\u0119pu, kart cz\u0142onkowskich i innych<br \/>\n  karty plastikowe, gdzie liczy si\u0119 wysoka jako\u015b\u0107 druku i niezawodno\u015b\u0107<br \/>\n  wa\u017cny.<\/p>\n<ul>\n<li>Pojemno\u015b\u0107: do 1000 wydruk\u00f3w<\/li>\n<li>Typ opaski: Czarny monochromatyczny<\/li>\n<li>Nadaje si\u0119 do dwustronnego druku kart<\/li>\n<li>Numer artyku\u0142u: R2011<\/li>\n<\/ul>\n<p><strong>Kompatybilny z Evolis Pebble, Dualys, Quantum i<br \/>\n  Bezpiecze\u0144stwo.<\/strong><\/p>\n<p><strong>Waga produktu:<\/strong> 0,10 kg<\/p>","protected":false},"excerpt":{"rendered":"<p>Wst\u0105\u017cka kolorowa \u2013 Wst\u0105\u017cka \u2013 Przenie\u015b ponownie do drukarki kart i drukarki kart plastikowych<\/p>","protected":false},"featured_media":144001,"template":"","meta":{"_acf_changed":false},"product_brand":[],"product_cat":[3213,4861],"product_tag":[3181,4863,2922,3069],"class_list":{"0":"post-53677","1":"product","2":"type-product","3":"status-publish","4":"has-post-thumbnail","6":"product_cat-evolis-fargband-retransfer","7":"product_cat-tattoo","8":"product_tag-evolis-tillbehor","9":"product_tag-pf","10":"product_tag-ribbon-svart-black","11":"product_tag-trade-produkt","12":"product_shipping_class-tunga-paket","13":"pa_brands-evolis","14":"pa_fargband-kortskrivare-evolis","15":"tm-has-options","17":"first","18":"instock","19":"sale","20":"taxable","21":"shipping-taxable","22":"purchasable","23":"product-type-simple"},"acf":[],"_links":{"self":[{"href":"https:\/\/secureus.se\/pl\/wp-json\/wp\/v2\/product\/53677","targetHints":{"allow":["GET"]}}],"collection":[{"href":"https:\/\/secureus.se\/pl\/wp-json\/wp\/v2\/product"}],"about":[{"href":"https:\/\/secureus.se\/pl\/wp-json\/wp\/v2\/types\/product"}],"wp:featuredmedia":[{"embeddable":true,"href":"https:\/\/secureus.se\/pl\/wp-json\/wp\/v2\/media\/144001"}],"wp:attachment":[{"href":"https:\/\/secureus.se\/pl\/wp-json\/wp\/v2\/media?parent=53677"}],"wp:term":[{"taxonomy":"product_brand","embeddable":true,"href":"https:\/\/secureus.se\/pl\/wp-json\/wp\/v2\/product_brand?post=53677"},{"taxonomy":"product_cat","embeddable":true,"href":"https:\/\/secureus.se\/pl\/wp-json\/wp\/v2\/product_cat?post=53677"},{"taxonomy":"product_tag","embeddable":true,"href":"https:\/\/secureus.se\/pl\/wp-json\/wp\/v2\/product_tag?post=53677"}],"curies":[{"name":"wp","href":"https:\/\/api.w.org\/{rel}","templated":true}]}}