{"id":53679,"date":"2022-06-21T18:04:17","date_gmt":"2022-06-21T16:04:17","guid":{"rendered":"https:\/\/secureus.se\/produkt\/magicard-ma600ko-black-ribbon-600-prints\/"},"modified":"2026-03-26T10:15:17","modified_gmt":"2026-03-26T09:15:17","slug":"ribbon-magicard-ma600ko-black-ribbon-600-prints","status":"publish","type":"product","link":"https:\/\/secureus.se\/pl\/ribbon-magicard-ma600ko-black-ribbon-600-prints\/","title":{"rendered":"Czarna wst\u0105\u017cka Magicard MA600KO (600 wydruk\u00f3w)"},"content":{"rendered":"<p>Magicard MA600KO Black Ribbon to monochromatyczny czarny barwnik \u017cywiczny z ochronnym laminatem. Ta\u015bma ta jest r\u00f3wnie\u017c znana na rynku jako \u201eEN6\u201d. Jest niezb\u0119dny do tworzenia czytelnych kod\u00f3w kreskowych, jednowierszowych obraz\u00f3w w skali szaro\u015bci i \u017cywych tekst\u00f3w drukowanych na identyfikatorach klient\u00f3w.<\/p>\n<ul>\n<li>600 monochromatycznych wydruk\u00f3w jednostronnych<\/li>\n<li>Wst\u0105\u017cka KO (panele czarne i nak\u0142adane)<\/li>\n<li>Znana r\u00f3wnie\u017c jako wst\u0105\u017cka \u201eEN6\u201d.<\/li>\n<\/ul>\n<p>Kompatybilny z drukarkami kart Magicard Enduro, Magicard Pronto, Magicard Rio Pro i Magicard Rio Pro 360<\/p>\n<p>\n <strong><br \/>\n Waga produktu:<br \/>\n 0,16 kg<br \/>\n <\/strong>\n <\/p>","protected":false},"excerpt":{"rendered":"<p>Wst\u0105\u017cka kolorowa \u2013 Wst\u0105\u017cka \u2013 Przenie\u015b ponownie do drukarki kart i drukarki kart plastikowych<\/p>","protected":false},"featured_media":144624,"template":"","meta":{"_acf_changed":false},"product_brand":[],"product_cat":[3216,4839,4837,4833,4834],"product_tag":[3182,4863,2922,3069],"class_list":{"0":"post-53679","1":"product","2":"type-product","3":"status-publish","4":"has-post-thumbnail","6":"product_cat-magicard-fargband-retransfer","7":"product_cat-magicard-enduro-band","8":"product_cat-magicard-pronto-band","9":"product_cat-magicard-rio-pro-360-band","10":"product_cat-magicard-rio-pro-ribbons","11":"product_tag-magicard-tillbehor","12":"product_tag-pf","13":"product_tag-ribbon-svart-black","14":"product_tag-trade-produkt","15":"product_shipping_class-tunga-paket","16":"pa_brands-magicard","17":"pa_fargband-kortskrivare-magicard","18":"tm-has-options","20":"first","21":"instock","22":"sale","23":"taxable","24":"shipping-taxable","25":"purchasable","26":"product-type-simple"},"acf":[],"_links":{"self":[{"href":"https:\/\/secureus.se\/pl\/wp-json\/wp\/v2\/product\/53679","targetHints":{"allow":["GET"]}}],"collection":[{"href":"https:\/\/secureus.se\/pl\/wp-json\/wp\/v2\/product"}],"about":[{"href":"https:\/\/secureus.se\/pl\/wp-json\/wp\/v2\/types\/product"}],"wp:featuredmedia":[{"embeddable":true,"href":"https:\/\/secureus.se\/pl\/wp-json\/wp\/v2\/media\/144624"}],"wp:attachment":[{"href":"https:\/\/secureus.se\/pl\/wp-json\/wp\/v2\/media?parent=53679"}],"wp:term":[{"taxonomy":"product_brand","embeddable":true,"href":"https:\/\/secureus.se\/pl\/wp-json\/wp\/v2\/product_brand?post=53679"},{"taxonomy":"product_cat","embeddable":true,"href":"https:\/\/secureus.se\/pl\/wp-json\/wp\/v2\/product_cat?post=53679"},{"taxonomy":"product_tag","embeddable":true,"href":"https:\/\/secureus.se\/pl\/wp-json\/wp\/v2\/product_tag?post=53679"}],"curies":[{"name":"wp","href":"https:\/\/api.w.org\/{rel}","templated":true}]}}