{"id":53683,"date":"2022-06-21T18:04:02","date_gmt":"2022-06-21T16:04:02","guid":{"rendered":"https:\/\/secureus.se\/produkt\/zebra-800033-801-black-ribbon-1000-prints\/"},"modified":"2026-04-23T12:53:25","modified_gmt":"2026-04-23T10:53:25","slug":"ribbon-zebra-800033-801-black-ribbon-1000-prints","status":"publish","type":"product","link":"https:\/\/secureus.se\/pl\/ribbon-zebra-800033-801-black-ribbon-1000-prints\/","title":{"rendered":"Wst\u0105\u017cka zebry \u2013 800033-801 (1000 wydruk\u00f3w)"},"content":{"rendered":"<h1>Wst\u0105\u017cka<br \/>\n  Zebra \u2013 800033-801 (1000 odbitek)<\/h1>\n<p>Wst\u0105\u017cka Zebra \u2013 800033-801 (1000 wydruk\u00f3w) jest w kolorze czarnym<br \/>\n  monochromatyczna wst\u0105\u017cka przeznaczona do czytelnego tekstu, prostej grafiki liniowej i<br \/>\n  czytelne kody kreskowe na kartach plastikowych.<\/p>\n<p>Nadaje si\u0119 do dowod\u00f3w osobistych, kart dost\u0119pu, kart cz\u0142onkowskich i innych<br \/>\n  karty plastikowe, gdzie liczy si\u0119 wysoka jako\u015b\u0107 druku i niezawodno\u015b\u0107<br \/>\n  wa\u017cny.<\/p>\n<ul>\n<li>Pojemno\u015b\u0107: do 1000 wydruk\u00f3w<\/li>\n<li>Typ opaski: Czarny monochromatyczny<\/li>\n<li>Zawiera rolk\u0119 czyszcz\u0105c\u0105<\/li>\n<li>Numer artyku\u0142u: 800033-801<\/li>\n<\/ul>\n<p><strong>Kompatybilny z seri\u0105 Zebra ZXP<br \/>\n  3.<\/strong><\/p>\n<p><strong>Waga produktu:<\/strong> 0,20 kg<\/p>","protected":false},"excerpt":{"rendered":"<p>Wst\u0105\u017cka kolorowa \u2013 Wst\u0105\u017cka \u2013 Przenie\u015b ponownie do drukarki kart i drukarki kart plastikowych<\/p>","protected":false},"featured_media":144637,"template":"","meta":{"_acf_changed":false},"product_brand":[],"product_cat":[3218],"product_tag":[4863,2922,3069,3186],"class_list":{"0":"post-53683","1":"product","2":"type-product","3":"status-publish","4":"has-post-thumbnail","6":"product_cat-zebra-fargband-retransfer","7":"product_tag-pf","8":"product_tag-ribbon-svart-black","9":"product_tag-trade-produkt","10":"product_tag-zebra-tillbehor","11":"product_shipping_class-tunga-paket","12":"pa_brands-zebra","13":"pa_fargband-kortskrivare-zebra","14":"tm-has-options","16":"first","17":"instock","18":"sale","19":"taxable","20":"shipping-taxable","21":"purchasable","22":"product-type-simple"},"acf":[],"_links":{"self":[{"href":"https:\/\/secureus.se\/pl\/wp-json\/wp\/v2\/product\/53683","targetHints":{"allow":["GET"]}}],"collection":[{"href":"https:\/\/secureus.se\/pl\/wp-json\/wp\/v2\/product"}],"about":[{"href":"https:\/\/secureus.se\/pl\/wp-json\/wp\/v2\/types\/product"}],"wp:featuredmedia":[{"embeddable":true,"href":"https:\/\/secureus.se\/pl\/wp-json\/wp\/v2\/media\/144637"}],"wp:attachment":[{"href":"https:\/\/secureus.se\/pl\/wp-json\/wp\/v2\/media?parent=53683"}],"wp:term":[{"taxonomy":"product_brand","embeddable":true,"href":"https:\/\/secureus.se\/pl\/wp-json\/wp\/v2\/product_brand?post=53683"},{"taxonomy":"product_cat","embeddable":true,"href":"https:\/\/secureus.se\/pl\/wp-json\/wp\/v2\/product_cat?post=53683"},{"taxonomy":"product_tag","embeddable":true,"href":"https:\/\/secureus.se\/pl\/wp-json\/wp\/v2\/product_tag?post=53683"}],"curies":[{"name":"wp","href":"https:\/\/api.w.org\/{rel}","templated":true}]}}