{"id":53685,"date":"2022-06-21T18:03:51","date_gmt":"2022-06-21T16:03:51","guid":{"rendered":"https:\/\/secureus.se\/produkt\/magicard-ma1000k-white-ribbon-1000-prints\/"},"modified":"2026-04-08T16:53:06","modified_gmt":"2026-04-08T14:53:06","slug":"ribbon-magicard-ma1000k-white-ribbon-1000-prints","status":"publish","type":"product","link":"https:\/\/secureus.se\/pl\/ribbon-magicard-ma1000k-white-ribbon-1000-prints\/","title":{"rendered":"Wst\u0105\u017cka Magicard \u2013 MA1000K- (1000 wydruk\u00f3w)"},"content":{"rendered":"<h1>Wst\u0105\u017cka<br \/>\n  Magicard \u2013 MA1000K- (1000 wydruk\u00f3w)<\/h1>\n<p>F\u00e4rgband Magicard &#8211; MA1000K- (1000 utskrifter) \u00e4r ett vitt<br \/>\n  monokromt f\u00e4rgband som l\u00e4mpar sig f\u00f6r tydliga utskrifter p\u00e5 m\u00f6rka eller<br \/>\n  specialanpassade kort, till exempel displaykort och etiketter.<\/p>\n<p>Nadaje si\u0119 do dowod\u00f3w osobistych, kart dost\u0119pu, kart cz\u0142onkowskich i innych<br \/>\n  Karty plastikowe, gdzie wa\u017cna jest wysoka jako\u015b\u0107 druku i niezawodno\u015b\u0107. Ta\u015bma<br \/>\n  posiada certyfikat ISEGA dopuszczaj\u0105cy do bezpo\u015bredniego kontaktu z \u017cywno\u015bci\u0105.<\/p>\n<ul>\n<li>Pojemno\u015b\u0107: do 1000 wydruk\u00f3w<\/li>\n<li>Typ opaski: Bia\u0142y monochromatyczny<\/li>\n<li>Zatwierdzone przez ISEGA do bezpo\u015bredniego kontaktu z \u017cywno\u015bci\u0105<\/li>\n<li>Artikelnummer: ENWH<\/li>\n<\/ul>\n<p><strong>Kompatibel med Magicard Rio Pro, Rio Pro 360, Enduro<br \/>\n  och Pronto.<\/strong><\/p>\n<p><strong>Waga produktu:<\/strong> 0,13 kg<\/p>","protected":false},"excerpt":{"rendered":"<p>Wst\u0105\u017cka kolorowa \u2013 Wst\u0105\u017cka \u2013 Przenie\u015b ponownie do drukarki kart i drukarki kart plastikowych<\/p>","protected":false},"featured_media":144236,"template":"","meta":{"_acf_changed":false},"product_brand":[],"product_cat":[3216,4829,4830,4839,4837,4836,4833,4834],"product_tag":[3182,4863,2921,3069],"class_list":{"0":"post-53685","1":"product","2":"type-product","3":"status-publish","4":"has-post-thumbnail","6":"product_cat-magicard-fargband-retransfer","7":"product_cat-magicard-300-band","8":"product_cat-magicard-600-band","9":"product_cat-magicard-enduro-band","10":"product_cat-magicard-pronto-band","11":"product_cat-magicard-pronto100-ribbons","12":"product_cat-magicard-rio-pro-360-band","13":"product_cat-magicard-rio-pro-ribbons","14":"product_tag-magicard-tillbehor","15":"product_tag-pf","16":"product_tag-ribbon-ymck-farg","17":"product_tag-trade-produkt","18":"product_shipping_class-tunga-paket","19":"pa_brands-magicard","20":"pa_fargband-kortskrivare-magicard","21":"tm-has-options","23":"first","24":"instock","25":"sale","26":"taxable","27":"shipping-taxable","28":"purchasable","29":"product-type-simple"},"acf":[],"_links":{"self":[{"href":"https:\/\/secureus.se\/pl\/wp-json\/wp\/v2\/product\/53685","targetHints":{"allow":["GET"]}}],"collection":[{"href":"https:\/\/secureus.se\/pl\/wp-json\/wp\/v2\/product"}],"about":[{"href":"https:\/\/secureus.se\/pl\/wp-json\/wp\/v2\/types\/product"}],"wp:featuredmedia":[{"embeddable":true,"href":"https:\/\/secureus.se\/pl\/wp-json\/wp\/v2\/media\/144236"}],"wp:attachment":[{"href":"https:\/\/secureus.se\/pl\/wp-json\/wp\/v2\/media?parent=53685"}],"wp:term":[{"taxonomy":"product_brand","embeddable":true,"href":"https:\/\/secureus.se\/pl\/wp-json\/wp\/v2\/product_brand?post=53685"},{"taxonomy":"product_cat","embeddable":true,"href":"https:\/\/secureus.se\/pl\/wp-json\/wp\/v2\/product_cat?post=53685"},{"taxonomy":"product_tag","embeddable":true,"href":"https:\/\/secureus.se\/pl\/wp-json\/wp\/v2\/product_tag?post=53685"}],"curies":[{"name":"wp","href":"https:\/\/api.w.org\/{rel}","templated":true}]}}