{"id":53686,"date":"2022-06-21T18:03:45","date_gmt":"2022-06-21T16:03:45","guid":{"rendered":"https:\/\/secureus.se\/produkt\/fargo-84061-ymcfk-colour-ribbon-500-prints\/"},"modified":"2025-10-21T12:30:30","modified_gmt":"2025-10-21T10:30:30","slug":"ribbon-fargo-84061-ymcfk-colour-ribbon-500-prints","status":"publish","type":"product","link":"https:\/\/secureus.se\/pl\/ribbon-fargo-84061-ymcfk-colour-ribbon-500-prints\/","title":{"rendered":"Wst\u0105\u017cka kolorowa Fargo 84061 YMCFK (500 wydruk\u00f3w)"},"content":{"rendered":"<p>Wst\u0105\u017cka kolorowa Fargo 84061 YMCFK to pe\u0142nokolorowa wst\u0105\u017cka z czarnym panelem z \u017cywicy i barwnikiem fluorescencyjnym, kt\u00f3ry staje si\u0119 widoczny dopiero po wystawieniu karty na dzia\u0142anie \u015bwiat\u0142a ultrafioletowego. Zestaw ten stanowi skuteczny i ekonomiczny spos\u00f3b na zwi\u0119kszenie poziomu bezpiecze\u0144stwa kart dla Twoich klient\u00f3w.<\/p>\n<ul>\n<li>500 pe\u0142nokolorowych jednostronnych wydruk\u00f3w<\/li>\n<li>Wst\u0105\u017cka YMCFK (panele \u017c\u00f3\u0142ty, magenta, cyjan, fluorescencyjny i czarny)<\/li>\n<li>Do stosowania w po\u0142\u0105czeniu z foli\u0105 Fargo 84053 HDP<\/li>\n<\/ul>\n<p>Kompatybilny z drukark\u0105 kart Fargo HDP5000<\/p>\n<p>\n <strong><br \/>\n Waga produktu:<br \/>\n 0,26 kg<br \/>\n <\/strong>\n <\/p>","protected":false},"excerpt":{"rendered":"<p>Wst\u0105\u017cka kolorowa \u2013 Wst\u0105\u017cka \u2013 Przenie\u015b ponownie do drukarki kart i drukarki kart plastikowych<\/p>","protected":false},"featured_media":144247,"template":"","meta":{"_acf_changed":false},"product_brand":[],"product_cat":[3214],"product_tag":[3201,4863,2921,3069],"class_list":{"0":"post-53686","1":"product","2":"type-product","3":"status-publish","4":"has-post-thumbnail","6":"product_cat-fargo-fargband-retransfer","7":"product_tag-fargo-tillbehor","8":"product_tag-pf","9":"product_tag-ribbon-ymck-farg","10":"product_tag-trade-produkt","11":"product_shipping_class-tunga-paket","12":"pa_brands-fargo","13":"pa_fargband-kortskrivare-fargo","14":"tm-has-options","16":"first","17":"outofstock","18":"sale","19":"taxable","20":"shipping-taxable","21":"purchasable","22":"product-type-simple"},"acf":[],"_links":{"self":[{"href":"https:\/\/secureus.se\/pl\/wp-json\/wp\/v2\/product\/53686","targetHints":{"allow":["GET"]}}],"collection":[{"href":"https:\/\/secureus.se\/pl\/wp-json\/wp\/v2\/product"}],"about":[{"href":"https:\/\/secureus.se\/pl\/wp-json\/wp\/v2\/types\/product"}],"wp:featuredmedia":[{"embeddable":true,"href":"https:\/\/secureus.se\/pl\/wp-json\/wp\/v2\/media\/144247"}],"wp:attachment":[{"href":"https:\/\/secureus.se\/pl\/wp-json\/wp\/v2\/media?parent=53686"}],"wp:term":[{"taxonomy":"product_brand","embeddable":true,"href":"https:\/\/secureus.se\/pl\/wp-json\/wp\/v2\/product_brand?post=53686"},{"taxonomy":"product_cat","embeddable":true,"href":"https:\/\/secureus.se\/pl\/wp-json\/wp\/v2\/product_cat?post=53686"},{"taxonomy":"product_tag","embeddable":true,"href":"https:\/\/secureus.se\/pl\/wp-json\/wp\/v2\/product_tag?post=53686"}],"curies":[{"name":"wp","href":"https:\/\/api.w.org\/{rel}","templated":true}]}}