{"id":53696,"date":"2022-06-21T18:02:54","date_gmt":"2022-06-21T16:02:54","guid":{"rendered":"https:\/\/secureus.se\/produkt\/evolis-r6f003eaa-ymckok-colour-ribbon-200-prints\/"},"modified":"2026-04-08T16:55:42","modified_gmt":"2026-04-08T14:55:42","slug":"ribbon-evolis-r6f003eaa-ymckok-colour-ribbon-200-prints","status":"publish","type":"product","link":"https:\/\/secureus.se\/pl\/ribbon-evolis-r6f003eaa-ymckok-colour-ribbon-200-prints\/","title":{"rendered":"Wst\u0105\u017cka Evolis YMCKOK \u2013 200 (200 wydruk\u00f3w)"},"content":{"rendered":"<h1>Wst\u0105\u017cka<br \/>\n  Evolis YMCKOK \u2013 200 (200 odbitek)<\/h1>\n<p>Ta\u015bma Evolis YMCKOK \u2013 200 (200 wydruk\u00f3w) to ta\u015bma barwi\u0105ca do<br \/>\n  drukowanie kart plastikowych o ostrych kolorach, wyra\u017anym tek\u015bcie i dobrej jako\u015bci<br \/>\n  reprodukcja szczeg\u00f3\u0142\u00f3w. Ta\u015bma YMCKOK zapewnia prawid\u0142ow\u0105 kombinacj\u0119 paneli kolor\u00f3w i<br \/>\n  Pow\u0142oka ochronna do profesjonalnego druku kart.<\/p>\n<p>Nadaje si\u0119 do dowod\u00f3w osobistych, kart dost\u0119pu, kart cz\u0142onkowskich i innych<br \/>\n  karty plastikowe, gdzie wa\u017cna jest wysoka jako\u015b\u0107 druku i niezawodno\u015b\u0107.<\/p>\n<ul>\n<li>Pojemno\u015b\u0107: do 200 wydruk\u00f3w<\/li>\n<li>Typ zespo\u0142u: YMCKOK<\/li>\n<li>Nadaje si\u0119 do dwustronnego druku kart<\/li>\n<li>Numer artyku\u0142u: R6F003EAA<\/li>\n<\/ul>\n<p><strong>Kompatybilny z Evolis Primacy<br \/>\n  tylko.<\/strong><\/p>\n<p><strong>Waga produktu:<\/strong> 0,26 kg<\/p>","protected":false},"excerpt":{"rendered":"<p>Wst\u0105\u017cka kolorowa \u2013 Wst\u0105\u017cka \u2013 Przenie\u015b ponownie do drukarki kart i drukarki kart plastikowych<\/p>","protected":false},"featured_media":144256,"template":"","meta":{"_acf_changed":false},"product_brand":[],"product_cat":[3213,4858],"product_tag":[3181,4863,2921,3069],"class_list":{"0":"post-53696","1":"product","2":"type-product","3":"status-publish","4":"has-post-thumbnail","6":"product_cat-evolis-fargband-retransfer","7":"product_cat-primacy","8":"product_tag-evolis-tillbehor","9":"product_tag-pf","10":"product_tag-ribbon-ymck-farg","11":"product_tag-trade-produkt","12":"product_shipping_class-tunga-paket","13":"pa_brands-evolis","14":"pa_fargband-kortskrivare-evolis","15":"tm-has-options","17":"first","18":"instock","19":"sale","20":"taxable","21":"shipping-taxable","22":"purchasable","23":"product-type-simple"},"acf":[],"_links":{"self":[{"href":"https:\/\/secureus.se\/pl\/wp-json\/wp\/v2\/product\/53696","targetHints":{"allow":["GET"]}}],"collection":[{"href":"https:\/\/secureus.se\/pl\/wp-json\/wp\/v2\/product"}],"about":[{"href":"https:\/\/secureus.se\/pl\/wp-json\/wp\/v2\/types\/product"}],"wp:featuredmedia":[{"embeddable":true,"href":"https:\/\/secureus.se\/pl\/wp-json\/wp\/v2\/media\/144256"}],"wp:attachment":[{"href":"https:\/\/secureus.se\/pl\/wp-json\/wp\/v2\/media?parent=53696"}],"wp:term":[{"taxonomy":"product_brand","embeddable":true,"href":"https:\/\/secureus.se\/pl\/wp-json\/wp\/v2\/product_brand?post=53696"},{"taxonomy":"product_cat","embeddable":true,"href":"https:\/\/secureus.se\/pl\/wp-json\/wp\/v2\/product_cat?post=53696"},{"taxonomy":"product_tag","embeddable":true,"href":"https:\/\/secureus.se\/pl\/wp-json\/wp\/v2\/product_tag?post=53696"}],"curies":[{"name":"wp","href":"https:\/\/api.w.org\/{rel}","templated":true}]}}