{"id":53698,"date":"2022-06-21T18:02:44","date_gmt":"2022-06-21T16:02:44","guid":{"rendered":"https:\/\/secureus.se\/produkt\/fargo-dtc4250-ymcko-full-colour-ribbon-045100-250-images\/"},"modified":"2026-04-08T16:48:31","modified_gmt":"2026-04-08T14:48:31","slug":"ribbon-fargo-dtc4250-ymcko-full-colour-ribbon-045100-250-images","status":"publish","type":"product","link":"https:\/\/secureus.se\/pl\/ribbon-fargo-dtc4250-ymcko-full-colour-ribbon-045100-250-images\/","title":{"rendered":"Ta\u015bma Fargo YMCKO \u2013 DTC4250, pe\u0142nokolorowa (250 obraz\u00f3w)"},"content":{"rendered":"<h1>Wst\u0105\u017cka<br \/>\n  Fargo YMCKO - DTC4250, pe\u0142ny kolor (250 obraz\u00f3w)<\/h1>\n<p>Ta\u015bma Fargo YMCKO \u2013 DTC4250, pe\u0142nokolorowa (250 obraz\u00f3w) to<br \/>\n  Ta\u015bma do druku kart plastikowych o ostrych kolorach, wyra\u017anym tek\u015bcie i dobrej jako\u015bci<br \/>\n  reprodukcja szczeg\u00f3\u0142\u00f3w. Ta\u015bma YMCKO zapewnia prawid\u0142ow\u0105 kombinacj\u0119 paneli kolor\u00f3w i<br \/>\n  Pow\u0142oka ochronna do profesjonalnego druku kart.<\/p>\n<p>Nadaje si\u0119 do dowod\u00f3w osobistych, kart dost\u0119pu, kart cz\u0142onkowskich i innych<br \/>\n  karty plastikowe, gdzie liczy si\u0119 wysoka jako\u015b\u0107 druku i niezawodno\u015b\u0107<br \/>\n  wa\u017cny.<\/p>\n<ul>\n<li>Pojemno\u015b\u0107: do 250 wydruk\u00f3w<\/li>\n<li>Typ wst\u0105\u017cki: YMCKO<\/li>\n<li>Numer artyku\u0142u: 45100<\/li>\n<\/ul>\n<p><strong>Kompatybilny z Fargo<br \/>\n  DTC4000.<\/strong><\/p>\n<p><strong>Waga produktu:<\/strong> 0,22 kg<\/p>","protected":false},"excerpt":{"rendered":"<p>Wst\u0105\u017cka kolorowa \u2013 Wst\u0105\u017cka \u2013 Przenie\u015b ponownie do drukarki kart i drukarki kart plastikowych<\/p>","protected":false},"featured_media":144029,"template":"","meta":{"_acf_changed":false},"product_brand":[],"product_cat":[3214,4845],"product_tag":[3201,4863,2921,3069],"class_list":{"0":"post-53698","1":"product","2":"type-product","3":"status-publish","4":"has-post-thumbnail","6":"product_cat-fargo-fargband-retransfer","7":"product_cat-dtc4250-band","8":"product_tag-fargo-tillbehor","9":"product_tag-pf","10":"product_tag-ribbon-ymck-farg","11":"product_tag-trade-produkt","12":"product_shipping_class-tunga-paket","13":"pa_brands-fargo","14":"pa_fargband-kortskrivare-fargo","15":"tm-has-options","17":"first","18":"instock","19":"sale","20":"taxable","21":"shipping-taxable","22":"purchasable","23":"product-type-simple"},"acf":[],"_links":{"self":[{"href":"https:\/\/secureus.se\/pl\/wp-json\/wp\/v2\/product\/53698","targetHints":{"allow":["GET"]}}],"collection":[{"href":"https:\/\/secureus.se\/pl\/wp-json\/wp\/v2\/product"}],"about":[{"href":"https:\/\/secureus.se\/pl\/wp-json\/wp\/v2\/types\/product"}],"wp:featuredmedia":[{"embeddable":true,"href":"https:\/\/secureus.se\/pl\/wp-json\/wp\/v2\/media\/144029"}],"wp:attachment":[{"href":"https:\/\/secureus.se\/pl\/wp-json\/wp\/v2\/media?parent=53698"}],"wp:term":[{"taxonomy":"product_brand","embeddable":true,"href":"https:\/\/secureus.se\/pl\/wp-json\/wp\/v2\/product_brand?post=53698"},{"taxonomy":"product_cat","embeddable":true,"href":"https:\/\/secureus.se\/pl\/wp-json\/wp\/v2\/product_cat?post=53698"},{"taxonomy":"product_tag","embeddable":true,"href":"https:\/\/secureus.se\/pl\/wp-json\/wp\/v2\/product_tag?post=53698"}],"curies":[{"name":"wp","href":"https:\/\/api.w.org\/{rel}","templated":true}]}}