{"id":53699,"date":"2022-06-21T18:02:38","date_gmt":"2022-06-21T16:02:38","guid":{"rendered":"https:\/\/secureus.se\/produkt\/magicard-m9005-751-ymcko-colour-ribbon-350-prints\/"},"modified":"2026-04-21T15:24:46","modified_gmt":"2026-04-21T13:24:46","slug":"ribbon-magicard-m9005-751-ymcko-colour-ribbon-350-prints","status":"publish","type":"product","link":"https:\/\/secureus.se\/pl\/ribbon-magicard-m9005-751-ymcko-colour-ribbon-350-prints\/","title":{"rendered":"Ta\u015bma Magicard YMCKO \u2013 M9005-751 (350 wydruk\u00f3w)"},"content":{"rendered":"<h1>Wst\u0105\u017cka<br \/>\n  Magicard YMCKO &#8211; M9005-751 (350 utskrifter)<\/h1>\n<p>F\u00e4rgband Magicard YMCKO &#8211; M9005-751 (350 utskrifter) \u00e4r ett<br \/>\n  Ta\u015bma do druku kart plastikowych o ostrych kolorach, wyra\u017anym tek\u015bcie i dobrej jako\u015bci<br \/>\n  reprodukcja szczeg\u00f3\u0142\u00f3w. Ta\u015bma YMCKO zapewnia prawid\u0142ow\u0105 kombinacj\u0119 paneli kolor\u00f3w i<br \/>\n  Pow\u0142oka ochronna do profesjonalnego druku kart.<\/p>\n<p>Nadaje si\u0119 do dowod\u00f3w osobistych, kart dost\u0119pu, kart cz\u0142onkowskich i innych<br \/>\n  karty plastikowe, gdzie liczy si\u0119 wysoka jako\u015b\u0107 druku i niezawodno\u015b\u0107<br \/>\n  wa\u017cny.<\/p>\n<ul>\n<li>Kapacitet: upp till 350 utskrifter<\/li>\n<li>Typ wst\u0105\u017cki: YMCKO<\/li>\n<li>Artikelnummer: M9005-751<\/li>\n<\/ul>\n<p><strong>Kompatibel med Magicard Rio, Magicard Rio 2,<br \/>\n  Magicard Rio 2e, Magicard Tango, Magicard Tango 2, Magicard Tango 2e,<br \/>\n  Magicard Avalon, och Magicard Avalon Duo.<\/strong><\/p>\n<p><strong>Waga produktu:<\/strong> 0,19 kg<\/p>","protected":false},"excerpt":{"rendered":"<p>Wst\u0105\u017cka kolorowa \u2013 Wst\u0105\u017cka \u2013 Przenie\u015b ponownie do drukarki kart i drukarki kart plastikowych<\/p>","protected":false},"featured_media":143854,"template":"","meta":{"_acf_changed":false},"product_brand":[],"product_cat":[3216,4835,4832],"product_tag":[3182,4863,2921,3069],"class_list":{"0":"post-53699","1":"product","2":"type-product","3":"status-publish","4":"has-post-thumbnail","6":"product_cat-magicard-fargband-retransfer","7":"product_cat-magicard-rio-band","8":"product_cat-magicard-tango-band","9":"product_tag-magicard-tillbehor","10":"product_tag-pf","11":"product_tag-ribbon-ymck-farg","12":"product_tag-trade-produkt","13":"product_shipping_class-tunga-paket","14":"pa_brands-magicard","15":"pa_fargband-kortskrivare-magicard","16":"tm-has-options","18":"first","19":"instock","20":"sale","21":"taxable","22":"shipping-taxable","23":"purchasable","24":"product-type-simple"},"acf":[],"_links":{"self":[{"href":"https:\/\/secureus.se\/pl\/wp-json\/wp\/v2\/product\/53699","targetHints":{"allow":["GET"]}}],"collection":[{"href":"https:\/\/secureus.se\/pl\/wp-json\/wp\/v2\/product"}],"about":[{"href":"https:\/\/secureus.se\/pl\/wp-json\/wp\/v2\/types\/product"}],"wp:featuredmedia":[{"embeddable":true,"href":"https:\/\/secureus.se\/pl\/wp-json\/wp\/v2\/media\/143854"}],"wp:attachment":[{"href":"https:\/\/secureus.se\/pl\/wp-json\/wp\/v2\/media?parent=53699"}],"wp:term":[{"taxonomy":"product_brand","embeddable":true,"href":"https:\/\/secureus.se\/pl\/wp-json\/wp\/v2\/product_brand?post=53699"},{"taxonomy":"product_cat","embeddable":true,"href":"https:\/\/secureus.se\/pl\/wp-json\/wp\/v2\/product_cat?post=53699"},{"taxonomy":"product_tag","embeddable":true,"href":"https:\/\/secureus.se\/pl\/wp-json\/wp\/v2\/product_tag?post=53699"}],"curies":[{"name":"wp","href":"https:\/\/api.w.org\/{rel}","templated":true}]}}