{"id":53703,"date":"2022-06-21T18:02:17","date_gmt":"2022-06-21T16:02:17","guid":{"rendered":"https:\/\/secureus.se\/produkt\/evolis-r5f002eaa-ymcko-colour-ribbon-200-prints\/"},"modified":"2026-04-01T14:38:36","modified_gmt":"2026-04-01T12:38:36","slug":"ribbon-evolis-r5f002eaa-ymcko-colour-ribbon-200-prints","status":"publish","type":"product","link":"https:\/\/secureus.se\/pl\/ribbon-evolis-r5f002eaa-ymcko-colour-ribbon-200-prints\/","title":{"rendered":"Wst\u0105\u017cka kolorowa Evolis R5F002EAA Wst\u0105\u017cka kolorowa YMCKO (200 wydruk\u00f3w)"},"content":{"rendered":"<p>Kolorowa wst\u0105\u017cka YMCKO Evolis Zenius 5 \u2013 200 obraz\u00f3w<\/p>\n<p>Wst\u0105\u017cka kolorowa Evolis R5F002EAA YMCKO to pi\u0119ciopanelowa, pe\u0142nokolorowa wst\u0105\u017cka z nak\u0142adkowym laminatem zapewniaj\u0105cym dodatkow\u0105 ochron\u0119 i trwa\u0142o\u015b\u0107. Mo\u017ce dostarczy\u0107 klientom do 200 ostrych obraz\u00f3w, wyra\u017anych wydruk\u00f3w tekstowych i czytelnych kod\u00f3w kreskowych.<\/p>\n<ul>\n<li>200 pe\u0142nokolorowych wydruk\u00f3w<\/li>\n<li>Wst\u0105\u017cka YMCKO (panel \u017c\u00f3\u0142ty, magenta, cyjan, czarny i nak\u0142adkowy)<\/li>\n<li>Kod producenta: R5F002EAA<\/li>\n<\/ul>\n<p><strong>Kompatybilny z drukark\u0105 kart Evolis Zenius.<\/strong><\/p>\n<p><strong><br \/>\nWaga produktu:<br \/>\n0,25 kg<br \/>\n<\/strong><\/p>","protected":false},"excerpt":{"rendered":"<p>Wst\u0105\u017cka kolorowa \u2013 Wst\u0105\u017cka \u2013 Przenie\u015b ponownie do drukarki kart i drukarki kart plastikowych<\/p>","protected":false},"featured_media":144263,"template":"","meta":{"_acf_changed":false},"product_brand":[],"product_cat":[3213,4862],"product_tag":[3181,4863,2921,3069],"class_list":{"0":"post-53703","1":"product","2":"type-product","3":"status-publish","4":"has-post-thumbnail","6":"product_cat-evolis-fargband-retransfer","7":"product_cat-zenius","8":"product_tag-evolis-tillbehor","9":"product_tag-pf","10":"product_tag-ribbon-ymck-farg","11":"product_tag-trade-produkt","12":"product_shipping_class-tunga-paket","13":"pa_brands-evolis","14":"pa_fargband-kortskrivare-evolis","15":"tm-has-options","17":"first","18":"instock","19":"sale","20":"taxable","21":"shipping-taxable","22":"purchasable","23":"product-type-simple"},"acf":[],"_links":{"self":[{"href":"https:\/\/secureus.se\/pl\/wp-json\/wp\/v2\/product\/53703","targetHints":{"allow":["GET"]}}],"collection":[{"href":"https:\/\/secureus.se\/pl\/wp-json\/wp\/v2\/product"}],"about":[{"href":"https:\/\/secureus.se\/pl\/wp-json\/wp\/v2\/types\/product"}],"wp:featuredmedia":[{"embeddable":true,"href":"https:\/\/secureus.se\/pl\/wp-json\/wp\/v2\/media\/144263"}],"wp:attachment":[{"href":"https:\/\/secureus.se\/pl\/wp-json\/wp\/v2\/media?parent=53703"}],"wp:term":[{"taxonomy":"product_brand","embeddable":true,"href":"https:\/\/secureus.se\/pl\/wp-json\/wp\/v2\/product_brand?post=53703"},{"taxonomy":"product_cat","embeddable":true,"href":"https:\/\/secureus.se\/pl\/wp-json\/wp\/v2\/product_cat?post=53703"},{"taxonomy":"product_tag","embeddable":true,"href":"https:\/\/secureus.se\/pl\/wp-json\/wp\/v2\/product_tag?post=53703"}],"curies":[{"name":"wp","href":"https:\/\/api.w.org\/{rel}","templated":true}]}}