{"id":53715,"date":"2022-06-21T17:59:05","date_gmt":"2022-06-21T15:59:05","guid":{"rendered":"https:\/\/secureus.se\/produkt\/evolis-primacy-2-duplex-expert-id-card-printer-printer-dual-sided\/"},"modified":"2026-04-27T16:02:27","modified_gmt":"2026-04-27T14:02:27","slug":"kortskrivare-evolis-primacy-2-duplex-expert","status":"publish","type":"product","link":"https:\/\/secureus.se\/pl\/kortskrivare-evolis-primacy-2-duplex-expert\/","title":{"rendered":"Drukarka kart Evolis Primacy 2 Duplex Expert USB\/Ethernet \u2013 (dwustronna)"},"content":{"rendered":"<p data-start=\"1101\" data-end=\"1433\"><strong data-start=\"1101\" data-end=\"1161\">Evolis Primacy 2 Duplex Expert USB\/Ethernet (PM2-0025-E)<\/strong> to wydajna i przysz\u0142o\u015bciowa drukarka kart opracowana z my\u015bl\u0105 o szybkiej produkcji profesjonalnych kart plastikowych. Model jest wyposa\u017cony w <strong data-start=\"1292\" data-end=\"1327\">automatyczne drukowanie dwustronne<\/strong>, co czyni j\u0105 idealnym rozwi\u0105zaniem, gdy informacje, projekt lub dane dotycz\u0105ce bezpiecze\u0144stwa musz\u0105 zosta\u0107 wydrukowane po obu stronach karty.<\/p>\n<p data-start=\"1435\" data-end=\"1478\">Primacy 2 doskonale nadaje si\u0119 do produkcji:<\/p>\n<ul data-start=\"1480\" data-end=\"1602\">\n<li data-section-id=\"1xne5d6\" data-start=\"1480\" data-end=\"1491\">Dow\u00f3d osobisty<\/li>\n<li data-section-id=\"1h53p7w\" data-start=\"1492\" data-end=\"1506\">Karta dost\u0119pu<\/li>\n<li data-section-id=\"15h7qs1\" data-start=\"1507\" data-end=\"1522\">Karta cz\u0142onkowska<\/li>\n<li data-section-id=\"1dxq73m\" data-start=\"1523\" data-end=\"1539\">Karta pracownicza<\/li>\n<li data-section-id=\"10ernwj\" data-start=\"1540\" data-end=\"1555\">Karta studencka<\/li>\n<li data-section-id=\"1077mn5\" data-start=\"1556\" data-end=\"1571\">Karty podarunkowe<\/li>\n<li data-section-id=\"1b8gaeo\" data-start=\"1572\" data-end=\"1586\">Wizyt\u00f3wka<\/li>\n<li data-section-id=\"1dknp0r\" data-start=\"1587\" data-end=\"1602\">Karta bezpiecze\u0144stwa<\/li>\n<\/ul>\n<p data-start=\"1604\" data-end=\"1901\">Drukarka \u0142\u0105czy w sobie wysok\u0105 pr\u0119dko\u015b\u0107 z bardzo dobr\u0105 jako\u015bci\u0105 wydruku i mo\u017ce obs\u0142u\u017cy\u0107 do <strong data-start=\"1692\" data-end=\"1730\">280 kart kolorowych na godzin\u0119, jednostronnie<\/strong> Lub <strong data-start=\"1737\" data-end=\"1776\">170 dwustronnych kartek kolorowych na godzin\u0119<\/strong>. Du\u017ca pojemno\u015b\u0107 sprawia, \u017ce karty te doskonale sprawdzaj\u0105 si\u0119 w przedsi\u0119biorstwach, szko\u0142ach, samorz\u0105dach, si\u0142owniach i organizacjach, kt\u00f3re regularnie je drukuj\u0105.<\/p>\n<p data-start=\"1903\" data-end=\"2042\">Z <strong data-start=\"1907\" data-end=\"1927\">USB i Ethernet<\/strong> Drukarka mo\u017ce by\u0107 u\u017cywana zar\u00f3wno lokalnie, jak i w sieci. Model Expert oferuje r\u00f3wnie\u017c obs\u0142ug\u0119 przysz\u0142ych opcji, takich jak:<\/p>\n<ul data-start=\"2044\" data-end=\"2130\">\n<li data-section-id=\"1d4mpc1\" data-start=\"2044\" data-end=\"2068\">Koder paska magnetycznego<\/li>\n<li data-section-id=\"12uqnei\" data-start=\"2069\" data-end=\"2084\">Chip kontaktowy<\/li>\n<li data-section-id=\"17k14j2\" data-start=\"2085\" data-end=\"2108\">RFID \/ MIFARE \/ NFC<\/li>\n<li data-section-id=\"v5xb5o\" data-start=\"2109\" data-end=\"2130\">Rozwi\u0105zania kart inteligentnych<\/li>\n<\/ul>\n<p data-start=\"2132\" data-end=\"2243\">Primacy 2 wykorzystuje ta\u015bmy Evolis High Trust i obs\u0142uguje zar\u00f3wno ta\u015bmy kolorowe, czarno-bia\u0142e, kolory specjalne, jak i ta\u015bmy zabezpieczaj\u0105ce.<\/p>\n<p data-start=\"2245\" data-end=\"2360\">Dla zapewnienia dodatkowej trwa\u0142o\u015bci i bezpiecze\u0144stwa drukark\u0119 mo\u017cna r\u00f3wnie\u017c stosowa\u0107 z <strong data-start=\"2311\" data-end=\"2331\">modu\u0142 laminuj\u0105cy<\/strong> (opcjonalnie), co umo\u017cliwia:<\/p>\n<ul data-start=\"2362\" data-end=\"2473\">\n<li data-section-id=\"h1jzql\" data-start=\"2362\" data-end=\"2385\">Przezroczysty laminat \u0142atkowy<\/li>\n<li data-section-id=\"lq90rr\" data-start=\"2386\" data-end=\"2406\">Laminat holograficzny<\/li>\n<li data-section-id=\"jk0fp9\" data-start=\"2407\" data-end=\"2426\">\u0141atka Smart Cut<\/li>\n<li data-section-id=\"40slyx\" data-start=\"2427\" data-end=\"2453\">Naszywka z paskiem magnetycznym<\/li>\n<li data-section-id=\"1nup2h5\" data-start=\"2454\" data-end=\"2473\">Warstwa ochronna UV<\/li>\n<\/ul>\n<p data-start=\"2475\" data-end=\"2551\">Jest to idealne rozwi\u0105zanie w przypadku kart u\u017cywanych codziennie, kt\u00f3re wymagaj\u0105 d\u0142u\u017cszej \u017cywotno\u015bci.<\/p>\n<h3 data-section-id=\"1q2oa7r\" data-start=\"825\" data-end=\"863\">Bezpieczna inwestycja z d\u0142ug\u0105 gwarancj\u0105<\/h3>\n<p data-start=\"865\" data-end=\"1184\">Evolis Primacy 2 jest przeznaczony do codziennego u\u017cytku profesjonalnego i jest wyposa\u017cony w: <strong data-start=\"945\" data-end=\"975\">3-letnia gwarancja na drukark\u0119<\/strong>. Oryginalna g\u0142owica drukuj\u0105ca jest r\u00f3wnie\u017c obj\u0119ta warunkami gwarancji producenta w przypadku stosowania zalecanych materia\u0142\u00f3w eksploatacyjnych. Zapewnia to dodatkowy spok\u00f3j ducha firmom i organizacjom planuj\u0105cym d\u0142ugoterminow\u0105 inwestycj\u0119.<\/p>\n<h3 data-section-id=\"17iwr2j\" data-start=\"2553\" data-end=\"2569\">Obejmuje to:<\/h3>\n<ul data-start=\"2571\" data-end=\"2753\">\n<li data-section-id=\"mtsbn4\" data-start=\"2571\" data-end=\"2614\">Drukarka Evolis Primacy 2 Duplex Expert<\/li>\n<li data-section-id=\"10hnbp3\" data-start=\"2615\" data-end=\"2645\">Oprogramowanie CardPresso XXS<\/li>\n<li data-section-id=\"5oyvs0\" data-start=\"2646\" data-end=\"2659\">Kabel USB<\/li>\n<li data-section-id=\"h8aub5\" data-start=\"2660\" data-end=\"2676\">Zasilacz<\/li>\n<li data-section-id=\"32z7gn\" data-start=\"2677\" data-end=\"2691\">Kabel zasilaj\u0105cy<\/li>\n<li data-section-id=\"1nsqkmb\" data-start=\"2692\" data-end=\"2710\">Tacka wyj\u015bciowa<\/li>\n<li data-section-id=\"1dayqsa\" data-start=\"2711\" data-end=\"2734\">Zestaw do czyszczenia startowego<\/li>\n<li data-section-id=\"f6ydi5\" data-start=\"2735\" data-end=\"2753\">Skr\u00f3cona instrukcja obs\u0142ugi<\/li>\n<li data-section-id=\"f6ydi5\" data-start=\"2735\" data-end=\"2753\">3-letnia gwarancja<\/li>\n<\/ul>\n<h3 data-section-id=\"r5xq56\" data-start=\"2755\" data-end=\"2796\">Dlaczego warto wybra\u0107 Primacy 2 Duplex Expert?<\/h3>\n<p data-start=\"2798\" data-end=\"2972\">Je\u015bli szukasz szybkiej, niezawodnej i profesjonalnej drukarki kart dwustronnych z mo\u017cliwo\u015bci\u0105 pracy w sieci, du\u017c\u0105 wydajno\u015bci\u0105 i mo\u017cliwo\u015bci\u0105 rozbudowy funkcji, to jest to bardzo dobry wyb\u00f3r.<\/p>","protected":false},"excerpt":{"rendered":"<p data-start=\"188\" data-end=\"456\"><strong data-start=\"188\" data-end=\"235\">Evolis Primacy 2 Duplex Expert (PM2-0025-E)<\/strong> to szybka i profesjonalna dwustronna drukarka kart identyfikacyjnych, kart dost\u0119pu i kart cz\u0142onkowskich. Dzi\u0119ki USB, Ethernetowi, du\u017cej pojemno\u015bci i obs\u0142udze przysz\u0142ych opcji, idealnie nadaje si\u0119 dla firm i organizacji o wy\u017cszych wymaganiach.<\/p>\n<ul data-start=\"458\" data-end=\"738\">\n<li data-section-id=\"1o8dnau\" data-start=\"458\" data-end=\"493\">Automatyczne drukowanie dwustronne<\/li>\n<li data-section-id=\"142d0jd\" data-start=\"494\" data-end=\"514\">USB i Ethernet<\/li>\n<li data-section-id=\"ni5882\" data-start=\"515\" data-end=\"554\">Do 280 kart\/godzin\u0119 jednostronnie<\/li>\n<li data-section-id=\"1wvq07x\" data-start=\"555\" data-end=\"599\">Do 170 dwustronnych kart kolorowych na godzin\u0119<\/li>\n<li data-section-id=\"3f6sja\" data-start=\"600\" data-end=\"652\">Opcjonalna obs\u0142uga paska magnetycznego, chipa i RFID<\/li>\n<li data-section-id=\"1fe6spb\" data-start=\"653\" data-end=\"674\">Oprogramowanie w zestawie<\/li>\n<li data-section-id=\"jxxmu1\" data-start=\"675\" data-end=\"696\">3-letnia gwarancja<\/li>\n<li data-section-id=\"1unq91f\" data-start=\"697\" data-end=\"738\">Numer cz\u0119\u015bci producenta: PM2-0025-E<\/li>\n<\/ul>","protected":false},"featured_media":144703,"template":"","meta":{"_acf_changed":false},"product_brand":[],"product_cat":[3205],"product_tag":[2830,3172,3176,4863,3069],"class_list":{"0":"post-53715","1":"product","2":"type-product","3":"status-publish","4":"has-post-thumbnail","6":"product_cat-evolis","7":"product_tag-kortprinter-direct-to-card","8":"product_tag-dubbelsidig-dual-side","9":"product_tag-evolis","10":"product_tag-pf","11":"product_tag-trade-produkt","12":"product_shipping_class-tunga-paket","13":"tm-no-options","15":"first","16":"instock","17":"sale","18":"taxable","19":"shipping-taxable","20":"purchasable","21":"product-type-simple"},"acf":[],"_links":{"self":[{"href":"https:\/\/secureus.se\/pl\/wp-json\/wp\/v2\/product\/53715","targetHints":{"allow":["GET"]}}],"collection":[{"href":"https:\/\/secureus.se\/pl\/wp-json\/wp\/v2\/product"}],"about":[{"href":"https:\/\/secureus.se\/pl\/wp-json\/wp\/v2\/types\/product"}],"wp:featuredmedia":[{"embeddable":true,"href":"https:\/\/secureus.se\/pl\/wp-json\/wp\/v2\/media\/144703"}],"wp:attachment":[{"href":"https:\/\/secureus.se\/pl\/wp-json\/wp\/v2\/media?parent=53715"}],"wp:term":[{"taxonomy":"product_brand","embeddable":true,"href":"https:\/\/secureus.se\/pl\/wp-json\/wp\/v2\/product_brand?post=53715"},{"taxonomy":"product_cat","embeddable":true,"href":"https:\/\/secureus.se\/pl\/wp-json\/wp\/v2\/product_cat?post=53715"},{"taxonomy":"product_tag","embeddable":true,"href":"https:\/\/secureus.se\/pl\/wp-json\/wp\/v2\/product_tag?post=53715"}],"curies":[{"name":"wp","href":"https:\/\/api.w.org\/{rel}","templated":true}]}}