{"id":53718,"date":"2022-06-21T16:58:46","date_gmt":"2022-06-21T14:58:46","guid":{"rendered":"https:\/\/secureus.se\/produkt\/magicard-pronto100-id-card-printer-single-sided\/"},"modified":"2026-04-23T12:45:49","modified_gmt":"2026-04-23T10:45:49","slug":"kortskrivare-magicard-pronto100","status":"publish","type":"product","link":"https:\/\/secureus.se\/pl\/kortskrivare-magicard-pronto100\/","title":{"rendered":"Drukarka kart Magicard Pronto100 - drukarka kart identyfikacyjnych (jednostronna)"},"content":{"rendered":"<header class=\"attribute-sleeve-header center\"><strong>Kompaktowe drukowanie o wysokiej jako\u015bci dzi\u0119ki Magicard Pronto100:<\/strong> Magicard Pronto100 to najmniejsza drukarka do kart identyfikacyjnych na rynku, zaprojektowana z my\u015bl\u0105 o szybkim i wydajnym dostarczaniu doskona\u0142ej jako\u015bci druku. Jest to idealne rozwi\u0105zanie dla firm, kt\u00f3re potrzebuj\u0105 z du\u017c\u0105 precyzj\u0105 produkowa\u0107 dowody osobiste, karty cz\u0142onkowskie lub inne rodzaje kart.<strong>Funkcje i zalety:<\/strong><\/p>\n<ul>\n<li><strong>Kompaktowa konstrukcja:<\/strong> Mniejszy ni\u017c kartka A4, dzi\u0119ki czemu idealnie nadaje si\u0119 do biurek i ma\u0142ych przestrzeni.<\/li>\n<li><strong>Pr\u0119dko\u015b\u0107:<\/strong> Drukarka mo\u017ce wydrukowa\u0107 kolorowe karty w zaledwie 35 sekund, co czyni j\u0105 szybsz\u0105 ni\u017c wielu jej konkurent\u00f3w.<\/li>\n<li><strong>Druk w wysokiej rozdzielczo\u015bci:<\/strong> Dzi\u0119ki wyj\u0105tkowej jako\u015bci druku Pronto100 tworzy wyra\u017ane i wyra\u017ane karty, kt\u00f3re wygl\u0105daj\u0105 profesjonalnie.<\/li>\n<li><strong>\u0141atwo\u015b\u0107 u\u017cycia:<\/strong> \u0141atwa instalacja i obs\u0142uga dzi\u0119ki \u0142atwo dost\u0119pnym elementom steruj\u0105cym.<\/li>\n<\/ul>\n<p><strong>Specyfikacja techniczna:<\/strong><\/p>\n<ul>\n<li><strong>Szybko\u015b\u0107 druku:<\/strong> Do 100 kolorowych kart na godzin\u0119 (jednostronnie).<\/li>\n<li><strong>Pojemno\u015b\u0107:<\/strong> Podawanie r\u0119czne, 50 kart na wej\u015bciu i 50 kart na wyj\u015bciu.<\/li>\n<li><strong>Typ karty:<\/strong> Format ISO 7810, CR80, rozmiar ID-1, kompatybilny z kartami PVC.<\/li>\n<li><strong>Znajomo\u015bci:<\/strong> USB.<\/li>\n<\/ul>\n<p>Dzi\u0119ki po\u0142\u0105czeniu szybko\u015bci, jako\u015bci i kompaktowo\u015bci Magicard Pronto100 jest idealnym rozwi\u0105zaniem dla ka\u017cdego, kto potrzebuje niezawodnego i wydajnego rozwi\u0105zania do drukowania kart identyfikacyjnych.<\/p>\n<\/header>\n<p>&nbsp;<\/p>","protected":false},"excerpt":{"rendered":"<p>Drukarka kart identyfikacyjnych Magicard Pronto100 jest kompaktowa i szybka, a pr\u0119dko\u015b\u0107 drukowania jest o 10% wi\u0119ksza ni\u017c u najbli\u017cszego konkurenta.<\/p>\n<p>Oferuje niezr\u00f3wnan\u0105 jako\u015b\u0107 druku i doskonale nadaje si\u0119 do tworzenia wysokiej jako\u015bci dowod\u00f3w osobistych na r\u00f3\u017cne wydarzenia.<\/p>\n<p>Dzi\u0119ki do\u0142\u0105czonej bezp\u0142atnej wersji oprogramowania EasyBadge Lite jest to ekonomiczne rozwi\u0105zanie spe\u0142niaj\u0105ce wszystkie potrzeby zwi\u0105zane z drukowaniem kart.<\/p>","protected":false},"featured_media":144727,"template":"","meta":{"_acf_changed":false},"product_brand":[],"product_cat":[3208],"product_tag":[2830,3174,4863,3069],"class_list":{"0":"post-53718","1":"product","2":"type-product","3":"status-publish","4":"has-post-thumbnail","6":"product_cat-magicard","7":"product_tag-kortprinter-direct-to-card","8":"product_tag-magicard","9":"product_tag-pf","10":"product_tag-trade-produkt","11":"product_shipping_class-tunga-paket","12":"pa_brands-magicard","13":"pa_fabrikat-kortskrivare-magicard","14":"tm-no-options","16":"first","17":"instock","18":"sale","19":"taxable","20":"shipping-taxable","21":"purchasable","22":"product-type-simple"},"acf":[],"_links":{"self":[{"href":"https:\/\/secureus.se\/pl\/wp-json\/wp\/v2\/product\/53718","targetHints":{"allow":["GET"]}}],"collection":[{"href":"https:\/\/secureus.se\/pl\/wp-json\/wp\/v2\/product"}],"about":[{"href":"https:\/\/secureus.se\/pl\/wp-json\/wp\/v2\/types\/product"}],"wp:featuredmedia":[{"embeddable":true,"href":"https:\/\/secureus.se\/pl\/wp-json\/wp\/v2\/media\/144727"}],"wp:attachment":[{"href":"https:\/\/secureus.se\/pl\/wp-json\/wp\/v2\/media?parent=53718"}],"wp:term":[{"taxonomy":"product_brand","embeddable":true,"href":"https:\/\/secureus.se\/pl\/wp-json\/wp\/v2\/product_brand?post=53718"},{"taxonomy":"product_cat","embeddable":true,"href":"https:\/\/secureus.se\/pl\/wp-json\/wp\/v2\/product_cat?post=53718"},{"taxonomy":"product_tag","embeddable":true,"href":"https:\/\/secureus.se\/pl\/wp-json\/wp\/v2\/product_tag?post=53718"}],"curies":[{"name":"wp","href":"https:\/\/api.w.org\/{rel}","templated":true}]}}