{"id":53731,"date":"2022-06-21T16:57:46","date_gmt":"2022-06-21T14:57:46","guid":{"rendered":"https:\/\/secureus.se\/produkt\/zebra-zxp-series-9-retransfer-plastic-card-printer-single-sided\/"},"modified":"2026-04-30T14:39:06","modified_gmt":"2026-04-30T12:39:06","slug":"kortskrivare-zebra-zxp-series-9","status":"publish","type":"product","link":"https:\/\/secureus.se\/pl\/kortskrivare-zebra-zxp-series-9\/","title":{"rendered":"Drukarka kart Zebra ZXP Series 9 \u2014 drukarka kart identyfikacyjnych retransferowych (jednostronna)"},"content":{"rendered":"<p><strong>Wysokiej jako\u015bci i bezpieczne drukowanie kart identyfikacyjnych za pomoc\u0105 drukarki Zebra ZXP Series 9:<\/strong> Retransferowa drukarka kart identyfikacyjnych Zebra ZXP Series 9 zosta\u0142a zaprojektowana z my\u015bl\u0105 o potrzebach firm wymagaj\u0105cych wysokiego bezpiecze\u0144stwa i niezawodno\u015bci.<\/p>\n<p>Dzi\u0119ki technologii retransferu mo\u017ce produkowa\u0107 trwa\u0142e i ca\u0142kowicie pokryte karty o doskona\u0142ej jako\u015bci obrazu.<\/p>\n<p><strong>Funkcje i zalety:<\/strong><\/p>\n<ul>\n<li><strong>Pr\u0119dko\u015b\u0107:<\/strong> Drukarka mo\u017ce wydrukowa\u0107 do 190 kolorowych kart na godzin\u0119, dzi\u0119ki czemu idealnie nadaje si\u0119 do drukowania du\u017cych nak\u0142ad\u00f3w.<\/li>\n<li><strong>Technika laminowania:<\/strong> Unikalna, bezodpadowa technologia laminowania minimalizuje odpady i koszty, czyni\u0105c j\u0105 bardziej przyjazn\u0105 dla \u015brodowiska i ekonomiczn\u0105.<\/li>\n<li><strong>Elastyczno\u015b\u0107:<\/strong> Dost\u0119pna jako drukarka jednostronna i dwustronna, dostosowana do r\u00f3\u017cnych potrzeb.<\/li>\n<li><strong>Wysokie bezpiecze\u0144stwo:<\/strong> Udoskonalone funkcje bezpiecze\u0144stwa chroni\u0105ce przed fa\u0142szerstwami i nieautoryzowanym dost\u0119pem.<\/li>\n<\/ul>\n<p><strong>Specyfikacja techniczna:<\/strong><\/p>\n<ul>\n<li><strong>Szybko\u015b\u0107 druku:<\/strong> Do 190 kart na godzin\u0119 (druk kolorowy, jednostronny).<\/li>\n<li><strong>Pojemno\u015b\u0107:<\/strong> 150 kart w zasobniku wej\u015bciowym i 100 kart w zasobniku wyj\u015bciowym.<\/li>\n<li><strong>Typ karty:<\/strong> Format ISO 7810, CR80, rozmiar ID-1, kompatybilny z kartami PVC, PET i PC.<\/li>\n<li><strong>Znajomo\u015bci:<\/strong> USB i Ethernet dla \u0142atwej integracji z sieci\u0105.<\/li>\n<\/ul>\n<p>Zebra ZXP Series 9 to idealne rozwi\u0105zanie dla organizacji poszukuj\u0105cych niezawodnego i wydajnego drukowania kart identyfikacyjnych przy wysokim bezpiecze\u0144stwie i jako\u015bci.<\/p>","protected":false},"excerpt":{"rendered":"<p>Drukarka kart identyfikacyjnych Zebra ZXP Series 9 Retransfer jest przeznaczona dla firm wymagaj\u0105cych wysokiego bezpiecze\u0144stwa i wysokiej jako\u015bci wydruk\u00f3w.<\/p>\n<p>Oferuje szybki druk dowod\u00f3w osobistych z pr\u0119dko\u015bci\u0105 do 190 kart na godzin\u0119 i wykorzystuje unikaln\u0105 technologi\u0119 bezodpadowego laminowania.<\/p>\n<p>Dzi\u0119ki bezp\u0142atnej wersji oprogramowania EasyBadge Lite jest to ekonomiczne rozwi\u0105zanie spe\u0142niaj\u0105ce wszystkie potrzeby zwi\u0105zane z drukowaniem kart.<\/p>","protected":false},"featured_media":144320,"template":"","meta":{"_acf_changed":false},"product_brand":[],"product_cat":[3210],"product_tag":[3173,2831,3069,3185],"class_list":{"0":"post-53731","1":"product","2":"type-product","3":"status-publish","4":"has-post-thumbnail","6":"product_cat-zebra","7":"product_tag-enkelsidig-single-side","8":"product_tag-kortprinter-retransfer","9":"product_tag-trade-produkt","10":"product_tag-zebra","11":"product_shipping_class-tunga-paket","12":"pa_brands-zebra","13":"pa_fabrikat-kortskrivare-zebra","14":"tm-no-options","16":"first","17":"outofstock","18":"sale","19":"taxable","20":"shipping-taxable","21":"purchasable","22":"product-type-simple"},"acf":[],"_links":{"self":[{"href":"https:\/\/secureus.se\/pl\/wp-json\/wp\/v2\/product\/53731","targetHints":{"allow":["GET"]}}],"collection":[{"href":"https:\/\/secureus.se\/pl\/wp-json\/wp\/v2\/product"}],"about":[{"href":"https:\/\/secureus.se\/pl\/wp-json\/wp\/v2\/types\/product"}],"wp:featuredmedia":[{"embeddable":true,"href":"https:\/\/secureus.se\/pl\/wp-json\/wp\/v2\/media\/144320"}],"wp:attachment":[{"href":"https:\/\/secureus.se\/pl\/wp-json\/wp\/v2\/media?parent=53731"}],"wp:term":[{"taxonomy":"product_brand","embeddable":true,"href":"https:\/\/secureus.se\/pl\/wp-json\/wp\/v2\/product_brand?post=53731"},{"taxonomy":"product_cat","embeddable":true,"href":"https:\/\/secureus.se\/pl\/wp-json\/wp\/v2\/product_cat?post=53731"},{"taxonomy":"product_tag","embeddable":true,"href":"https:\/\/secureus.se\/pl\/wp-json\/wp\/v2\/product_tag?post=53731"}],"curies":[{"name":"wp","href":"https:\/\/api.w.org\/{rel}","templated":true}]}}