{"id":53732,"date":"2022-06-21T16:57:35","date_gmt":"2022-06-21T14:57:35","guid":{"rendered":"https:\/\/secureus.se\/produkt\/zebra-zxp-series-9-retransfer-plastic-card-printer-dual-sided\/"},"modified":"2025-08-15T22:54:34","modified_gmt":"2025-08-15T20:54:34","slug":"kortskrivare-zebra-zxp-series-9-duplex","status":"publish","type":"product","link":"https:\/\/secureus.se\/pl\/kortskrivare-zebra-zxp-series-9-duplex\/","title":{"rendered":"Drukarka kart Zebra ZXP Series 9 \u2014 drukarka kart identyfikacyjnych z retransferem (dwustronna)"},"content":{"rendered":"<p><strong>Bezpieczne i wydajne drukowanie kart identyfikacyjnych za pomoc\u0105 Zebra ZXP Series 9:<\/strong> Zebra ZXP Series 9 to zaawansowana drukarka kart retransferowych, idealna dla firm wymagaj\u0105cych wysokiego bezpiecze\u0144stwa i niezawodno\u015bci.<\/p>\n<p>Dzi\u0119ki mo\u017cliwo\u015bci tworzenia kart fotograficznych i du\u017cej szybko\u015bci drukowania, drukarka ta jest doskona\u0142ym rozwi\u0105zaniem w przypadku dowod\u00f3w osobistych i kart bezpiecze\u0144stwa.<\/p>\n<p><strong>Funkcje i zalety:<\/strong><\/p>\n<ul>\n<li><strong>Wysoka pr\u0119dko\u015b\u0107:<\/strong> Mo\u017ce drukowa\u0107 do 190 kolorowych kart na godzin\u0119, dzi\u0119ki czemu idealnie nadaje si\u0119 do drukowania du\u017cych nak\u0142ad\u00f3w.<\/li>\n<li><strong>Technologia retransferu:<\/strong> Tworzy trwa\u0142e i ca\u0142kowicie pokryte karty o wyj\u0105tkowej jako\u015bci obrazu, zmniejszaj\u0105c ryzyko podrabiania.<\/li>\n<li><strong>Laminowanie bezodpadowe:<\/strong> Unikalna technologia laminowania minimalizuje odpady i koszty, dzi\u0119ki czemu jest bardziej przyjazna dla \u015brodowiska i ekonomiczna.<\/li>\n<li><strong>Elastyczno\u015b\u0107:<\/strong> Dost\u0119pne w opcji jednostronnej i dwustronnej, aby dopasowa\u0107 si\u0119 do r\u00f3\u017cnych potrzeb.<\/li>\n<\/ul>\n<p><strong>Specyfikacja techniczna:<\/strong><\/p>\n<ul>\n<li><strong>Szybko\u015b\u0107 druku:<\/strong> Do 190 kart na godzin\u0119 (druk kolorowy, dwustronny).<\/li>\n<li><strong>Pojemno\u015b\u0107:<\/strong> 150 kart w zasobniku wej\u015bciowym i 100 kart w zasobniku wyj\u015bciowym.<\/li>\n<li><strong>Typ karty:<\/strong> Format ISO 7810, CR80, rozmiar ID-1, kompatybilny z kartami PVC, PET i PC.<\/li>\n<li><strong>Znajomo\u015bci:<\/strong> USB i Ethernet z opcjonaln\u0105 funkcj\u0105 Wi-Fi.<\/li>\n<\/ul>\n<p>Zebra ZXP Series 9 to niezawodne i wydajne rozwi\u0105zanie dla organizacji poszukuj\u0105cych wysokiej jako\u015bci rozwi\u0105zania do drukowania kart identyfikacyjnych, ze szczeg\u00f3lnym naciskiem na bezpiecze\u0144stwo i szybko\u015b\u0107.<\/p>","protected":false},"excerpt":{"rendered":"<p>Drukarka kart identyfikacyjnych Zebra ZXP Series 9 Retransfer jest przeznaczona dla firm wymagaj\u0105cych wysokiego bezpiecze\u0144stwa i szybkiego drukowania.<\/p>\n<p>Drukarka ta, drukuj\u0105ca karty w pe\u0142nym kolorze z szybko\u015bci\u0105 do 190 kart na godzin\u0119, oferuje wyj\u0105tkow\u0105 jako\u015b\u0107 druku i trwa\u0142o\u015b\u0107.<\/p>\n<p>Unikalna, bezodpadowa technologia laminowania zapewnia ekonomiczne rozwi\u0105zanie do drukowania wszelkich dowod\u00f3w osobistych.<\/p>","protected":false},"featured_media":144755,"template":"","meta":{"_acf_changed":false},"product_brand":[],"product_cat":[3210],"product_tag":[3172,2831,3069,3185],"class_list":{"0":"post-53732","1":"product","2":"type-product","3":"status-publish","4":"has-post-thumbnail","6":"product_cat-zebra","7":"product_tag-dubbelsidig-dual-side","8":"product_tag-kortprinter-retransfer","9":"product_tag-trade-produkt","10":"product_tag-zebra","11":"product_shipping_class-tunga-paket","12":"pa_brands-zebra","13":"pa_fabrikat-kortskrivare-zebra","14":"tm-no-options","16":"first","17":"outofstock","18":"sale","19":"taxable","20":"shipping-taxable","21":"purchasable","22":"product-type-simple"},"acf":[],"_links":{"self":[{"href":"https:\/\/secureus.se\/pl\/wp-json\/wp\/v2\/product\/53732","targetHints":{"allow":["GET"]}}],"collection":[{"href":"https:\/\/secureus.se\/pl\/wp-json\/wp\/v2\/product"}],"about":[{"href":"https:\/\/secureus.se\/pl\/wp-json\/wp\/v2\/types\/product"}],"wp:featuredmedia":[{"embeddable":true,"href":"https:\/\/secureus.se\/pl\/wp-json\/wp\/v2\/media\/144755"}],"wp:attachment":[{"href":"https:\/\/secureus.se\/pl\/wp-json\/wp\/v2\/media?parent=53732"}],"wp:term":[{"taxonomy":"product_brand","embeddable":true,"href":"https:\/\/secureus.se\/pl\/wp-json\/wp\/v2\/product_brand?post=53732"},{"taxonomy":"product_cat","embeddable":true,"href":"https:\/\/secureus.se\/pl\/wp-json\/wp\/v2\/product_cat?post=53732"},{"taxonomy":"product_tag","embeddable":true,"href":"https:\/\/secureus.se\/pl\/wp-json\/wp\/v2\/product_tag?post=53732"}],"curies":[{"name":"wp","href":"https:\/\/api.w.org\/{rel}","templated":true}]}}