{"id":53733,"date":"2022-06-21T16:57:28","date_gmt":"2022-06-21T14:57:28","guid":{"rendered":"https:\/\/secureus.se\/produkt\/fargo-hdp6600-retransfer-plastic-card-printer-single-sided\/"},"modified":"2026-04-23T12:46:09","modified_gmt":"2026-04-23T10:46:09","slug":"kortskrivare-fargo-hdp6600","status":"publish","type":"product","link":"https:\/\/secureus.se\/pl\/kortskrivare-fargo-hdp6600\/","title":{"rendered":"Drukarka kart Fargo HDP6600 - Drukarka kart identyfikacyjnych z retransferem (jednostronna)"},"content":{"rendered":"<p><strong>Wydajne i wysokiej jako\u015bci drukowanie dowod\u00f3w osobistych za pomoc\u0105 Fargo HDP6600:<\/strong> Fargo HDP6600 to wiod\u0105ca drukarka kart retransferowych, kt\u00f3ra \u0142\u0105czy w sobie sze\u015b\u0107 generacji sprawdzonej technologii z szeregiem innowacyjnych funkcji.<\/p>\n<p>Oferuje niezr\u00f3wnan\u0105 wydajno\u015b\u0107 i niezawodno\u015b\u0107, co czyni go oczywistym wyborem dla firm, kt\u00f3re potrzebuj\u0105 szybkiego i bezpiecznego drukowania kart identyfikacyjnych.<\/p>\n<p><strong>Funkcje i zalety:<\/strong><\/p>\n<ul>\n<li><strong>Szybki wydruk:<\/strong> Pierwsza karta jest gotowa w czasie kr\u00f3tszym ni\u017c 60 sekund, co czyni j\u0105 idealn\u0105 do produkcji wielkoseryjnej.<\/li>\n<li><strong>Niezr\u00f3wnana jako\u015b\u0107 druku:<\/strong> Dzi\u0119ki rozdzielczo\u015bci 600 dpi HDP6600 zapewnia ostre obrazy i tekst najwy\u017cszej jako\u015bci.<\/li>\n<li><strong>Trwa\u0142o\u015b\u0107:<\/strong> Technologia retransferu zapewnia pe\u0142ne pokrycie kart, co zwi\u0119ksza ich trwa\u0142o\u015b\u0107.<\/li>\n<li><strong>Op\u0142acalne:<\/strong> Unikalna technologia laminowania minimalizuje odpady i obni\u017ca koszty materia\u0142\u00f3w.<\/li>\n<\/ul>\n<p><strong>Specyfikacja techniczna:<\/strong><\/p>\n<ul>\n<li><strong>Szybko\u015b\u0107 druku:<\/strong> Do 230 kart na godzin\u0119 (druk kolorowy, jednostronny).<\/li>\n<li><strong>Pojemno\u015b\u0107:<\/strong> 100 kart w zasobniku wej\u015bciowym i 200 kart w zasobniku wyj\u015bciowym.<\/li>\n<li><strong>Typ karty:<\/strong> Format ISO 7810, CR80, rozmiar ID-1, kompatybilny z kartami PVC, PET i PC.<\/li>\n<li><strong>Znajomo\u015bci:<\/strong> USB 2.0 i Ethernet.<\/li>\n<\/ul>\n<p>Dzi\u0119ki trzyletniej gwarancji i wytrzyma\u0142ej konstrukcji Fargo HDP6600 jest niezawodnym i wydajnym rozwi\u0105zaniem spe\u0142niaj\u0105cym wszystkie potrzeby w zakresie drukowania kart identyfikacyjnych.<\/p>","protected":false},"excerpt":{"rendered":"<p>Drukarka do retransferowych kart identyfikacyjnych Fargo HDP6600 to najbardziej zaawansowana drukarka na rynku, zaprojektowana z my\u015bl\u0105 o szybkiej i wydajnej produkcji wysokiej jako\u015bci kart identyfikacyjnych.<\/p>\n<p>Dzi\u0119ki czasowi druku poni\u017cej 60 sekund na kart\u0119 i trzyletniej gwarancji jest to idealne rozwi\u0105zanie dla firm, kt\u00f3re wymagaj\u0105 zar\u00f3wno szybko\u015bci, jak i jako\u015bci.<\/p>\n<p>Drukarka z \u0142atwo\u015bci\u0105 obs\u0142uguje wszystko, od kart dost\u0119pu po karty formularzy.<\/p>","protected":false},"featured_media":144102,"template":"","meta":{"_acf_changed":false},"product_brand":[],"product_cat":[3206],"product_tag":[2830,3177,4863,2831,3069],"class_list":{"0":"post-53733","1":"product","2":"type-product","3":"status-publish","4":"has-post-thumbnail","6":"product_cat-fargo","7":"product_tag-kortprinter-direct-to-card","8":"product_tag-fargo","9":"product_tag-pf","10":"product_tag-kortprinter-retransfer","11":"product_tag-trade-produkt","12":"product_shipping_class-tunga-paket","13":"pa_brands-fargo","14":"pa_fabrikat-kortskrivare-fargo","15":"tm-no-options","17":"first","18":"instock","19":"sale","20":"taxable","21":"shipping-taxable","22":"purchasable","23":"product-type-simple"},"acf":[],"_links":{"self":[{"href":"https:\/\/secureus.se\/pl\/wp-json\/wp\/v2\/product\/53733","targetHints":{"allow":["GET"]}}],"collection":[{"href":"https:\/\/secureus.se\/pl\/wp-json\/wp\/v2\/product"}],"about":[{"href":"https:\/\/secureus.se\/pl\/wp-json\/wp\/v2\/types\/product"}],"wp:featuredmedia":[{"embeddable":true,"href":"https:\/\/secureus.se\/pl\/wp-json\/wp\/v2\/media\/144102"}],"wp:attachment":[{"href":"https:\/\/secureus.se\/pl\/wp-json\/wp\/v2\/media?parent=53733"}],"wp:term":[{"taxonomy":"product_brand","embeddable":true,"href":"https:\/\/secureus.se\/pl\/wp-json\/wp\/v2\/product_brand?post=53733"},{"taxonomy":"product_cat","embeddable":true,"href":"https:\/\/secureus.se\/pl\/wp-json\/wp\/v2\/product_cat?post=53733"},{"taxonomy":"product_tag","embeddable":true,"href":"https:\/\/secureus.se\/pl\/wp-json\/wp\/v2\/product_tag?post=53733"}],"curies":[{"name":"wp","href":"https:\/\/api.w.org\/{rel}","templated":true}]}}