{"id":53734,"date":"2022-06-21T16:57:25","date_gmt":"2022-06-21T14:57:25","guid":{"rendered":"https:\/\/secureus.se\/produkt\/magicard-prima-801-uno-retransfer-id-card-printer-single-sided\/"},"modified":"2026-04-08T16:43:17","modified_gmt":"2026-04-08T14:43:17","slug":"kortskrivare-magicard-prima-801-uno","status":"publish","type":"product","link":"https:\/\/secureus.se\/pl\/kortskrivare-magicard-prima-801-uno\/","title":{"rendered":"Drukarka kart Magicard Prima 8 Uno \u2013 drukarka kart identyfikacyjnych Retransfer (jednostronna)"},"content":{"rendered":"<h4 data-start=\"367\" data-end=\"396\">Zainspirowany sukcesem<\/h4>\n<p data-start=\"397\" data-end=\"566\">Magicard Prima8 bazuje na sprawdzonych rozwi\u0105zaniach swojego poprzednika, Magicard Prima4, i przenosi drukowanie kart na nowy poziom, zapewniaj\u0105c wyj\u0105tkow\u0105 jako\u015b\u0107 wydruku.<\/p>\n<h4 data-start=\"568\" data-end=\"604\">Imponuj\u0105ca jako\u015b\u0107 druku<\/h4>\n<ul data-start=\"605\" data-end=\"876\">\n<li data-start=\"605\" data-end=\"749\"><strong data-start=\"607\" data-end=\"634\">Obrazy fotorealistyczne:<\/strong> Wykorzystuje szerokie spektrum kolor\u00f3w, aby tworzy\u0107 obrazy o niesamowitym poziomie szczeg\u00f3\u0142owo\u015bci, idealne do dok\u0142adnej identyfikacji.<\/li>\n<li data-start=\"750\" data-end=\"876\"><strong data-start=\"752\" data-end=\"774\">Efekty b\u0142yszcz\u0105ce:<\/strong> Umo\u017cliwia tworzenie b\u0142yszcz\u0105cych wydruk\u00f3w o wysokiej rozdzielczo\u015bci \u2013 drukowanych na ca\u0142ej powierzchni karty, co zapewnia profesjonalne wyko\u0144czenie.<\/li>\n<\/ul>\n<h4 data-start=\"878\" data-end=\"901\">Bezpiecze\u0144stwo w centrum uwagi<\/h4>\n<ul data-start=\"902\" data-end=\"1113\">\n<li data-start=\"902\" data-end=\"1012\"><strong data-start=\"904\" data-end=\"938\">Niestandardowe funkcje bezpiecze\u0144stwa:<\/strong> Mo\u017cliwo\u015b\u0107 zastosowania tuszu UV, kt\u00f3ry zapewnia dodatkow\u0105 ochron\u0119 przed fa\u0142szerstwem.<\/li>\n<li data-start=\"1013\" data-end=\"1113\"><strong data-start=\"1015\" data-end=\"1032\">Opcja:<\/strong> Dost\u0119pne w wersjach jedno- i dwustronnych, aby sprosta\u0107 r\u00f3\u017cnym potrzebom w zakresie bezpiecze\u0144stwa.<\/li>\n<\/ul>\n<h4 data-start=\"1115\" data-end=\"1150\">Gwarancja i niezawodno\u015b\u0107<\/h4>\n<ul data-start=\"1151\" data-end=\"1261\">\n<li data-start=\"1151\" data-end=\"1261\"><strong data-start=\"1153\" data-end=\"1186\">3-letnia gwarancja UltraCoverPlus:<\/strong> Zapewnia dodatkowe bezpiecze\u0144stwo i potwierdza wysok\u0105 niezawodno\u015b\u0107 produktu.<\/li>\n<\/ul>\n<p data-start=\"1263\" data-end=\"1391\">Magicard Prima8 to oczywisty wyb\u00f3r dla firm i instytucji rz\u0105dowych, kt\u00f3re wymagaj\u0105 bezpiecznego, wysokiej jako\u015bci i elastycznego druku kart.<\/p>","protected":false},"excerpt":{"rendered":"<p><strong data-start=\"23\" data-end=\"86\">Magicard Prima8 Jednostronna drukarka kart<\/strong><br data-start=\"86\" data-end=\"89\" \/>Niezawodna i wysokiej jako\u015bci drukarka kart, kt\u00f3ra zapewnia fotorealistyczne wydruki o szerokiej gamie kolor\u00f3w, zoptymalizowane pod k\u0105tem zastosowa\u0144 jednostronnych. Wyposa\u017cone w zaawansowane funkcje bezpiecze\u0144stwa, takie jak tusz UV zapewniaj\u0105cy dodatkow\u0105 ochron\u0119.<\/p>","protected":false},"featured_media":143781,"template":"","meta":{"_acf_changed":false},"product_brand":[],"product_cat":[3208],"product_tag":[3174,4863,2831,3069],"class_list":{"0":"post-53734","1":"product","2":"type-product","3":"status-publish","4":"has-post-thumbnail","6":"product_cat-magicard","7":"product_tag-magicard","8":"product_tag-pf","9":"product_tag-kortprinter-retransfer","10":"product_tag-trade-produkt","11":"product_shipping_class-tunga-paket","12":"pa_brands-magicard","13":"pa_fabrikat-kortskrivare-magicard","14":"tm-no-options","16":"first","17":"outofstock","18":"sale","19":"taxable","20":"shipping-taxable","21":"purchasable","22":"product-type-simple"},"acf":[],"_links":{"self":[{"href":"https:\/\/secureus.se\/pl\/wp-json\/wp\/v2\/product\/53734","targetHints":{"allow":["GET"]}}],"collection":[{"href":"https:\/\/secureus.se\/pl\/wp-json\/wp\/v2\/product"}],"about":[{"href":"https:\/\/secureus.se\/pl\/wp-json\/wp\/v2\/types\/product"}],"wp:featuredmedia":[{"embeddable":true,"href":"https:\/\/secureus.se\/pl\/wp-json\/wp\/v2\/media\/143781"}],"wp:attachment":[{"href":"https:\/\/secureus.se\/pl\/wp-json\/wp\/v2\/media?parent=53734"}],"wp:term":[{"taxonomy":"product_brand","embeddable":true,"href":"https:\/\/secureus.se\/pl\/wp-json\/wp\/v2\/product_brand?post=53734"},{"taxonomy":"product_cat","embeddable":true,"href":"https:\/\/secureus.se\/pl\/wp-json\/wp\/v2\/product_cat?post=53734"},{"taxonomy":"product_tag","embeddable":true,"href":"https:\/\/secureus.se\/pl\/wp-json\/wp\/v2\/product_tag?post=53734"}],"curies":[{"name":"wp","href":"https:\/\/api.w.org\/{rel}","templated":true}]}}