{"id":53738,"date":"2022-06-21T16:57:14","date_gmt":"2022-06-21T14:57:14","guid":{"rendered":"https:\/\/secureus.se\/produkt\/fargo-dtc1500-plastic-card-printer-single-sided\/"},"modified":"2026-03-26T10:13:52","modified_gmt":"2026-03-26T09:13:52","slug":"kortskrivare-fargo-dtc1500","status":"publish","type":"product","link":"https:\/\/secureus.se\/pl\/kortskrivare-fargo-dtc1500\/","title":{"rendered":"Drukarka kart Fargo DTC1500 - Drukarka kart identyfikacyjnych (jednostronna)"},"content":{"rendered":"<div class=\"long_desc\">\n<p><strong>Wydajne i bezpieczne drukowanie dowod\u00f3w osobistych za pomoc\u0105 Fargo DTC1500:<\/strong> Fargo DTC1500 to najnowsza drukarka kart identyfikacyjnych z serii Fargo, zaprojektowana z my\u015bl\u0105 o produkcji wysokiej jako\u015bci kart identyfikacyjnych przy niskich kosztach.<\/p>\n<p>Jest szczeg\u00f3lnie odpowiedni dla instytucji takich jak uniwersytety i szko\u0142y, a tak\u017ce ma\u0142ych i \u015brednich firm, kt\u00f3re potrzebuj\u0105 elastycznego i niezawodnego rozwi\u0105zania do drukowania dowod\u00f3w osobistych.<\/p>\n<p><strong>Funkcje i zalety:<\/strong><\/p>\n<ul>\n<li><strong>Niski koszt materia\u0142\u00f3w eksploatacyjnych:<\/strong> W urz\u0105dzeniu DTC1500 zastosowano materia\u0142y eksploatacyjne o du\u017cej pojemno\u015bci, co obni\u017ca koszt karty i ca\u0142kowity koszt posiadania.<\/li>\n<li><strong>Wbudowane zabezpieczenia:<\/strong> Konfigurowalny znak wodny umo\u017cliwia utworzenie trwa\u0142ego wzoru zabezpieczaj\u0105cego na nak\u0142adce karty, co sprawia, \u017ce jego podrobienie jest prawie niemo\u017cliwe.<\/li>\n<li><strong>Gwarancja:<\/strong> Trzyletnia gwarancja zapewnia bezpiecze\u0144stwo i ochron\u0119 podczas d\u0142ugotrwa\u0142ego u\u017cytkowania.<\/li>\n<\/ul>\n<p><strong>Specyfikacja techniczna:<\/strong><\/p>\n<ul>\n<li><strong>Szybko\u015b\u0107 druku:<\/strong> Do 140 kolorowych kart na godzin\u0119 (jednostronnie).<\/li>\n<li><strong>Pojemno\u015b\u0107:<\/strong> 100 kart w zasobniku wej\u015bciowym i 100 kart w zasobniku wyj\u015bciowym.<\/li>\n<li><strong>Typ karty:<\/strong> Format ISO 7810, CR80, rozmiar ID-1, kompatybilny z kartami PVC, PET i PC.<\/li>\n<li><strong>Znajomo\u015bci:<\/strong> USB i Ethernet.<\/li>\n<\/ul>\n<p>Fargo DTC1500 \u0142\u0105czy w sobie wysokie bezpiecze\u0144stwo, niski koszt i \u0142atwo\u015b\u0107 obs\u0142ugi, co czyni go doskona\u0142ym rozwi\u0105zaniem dla wszystkich Twoich potrzeb zwi\u0105zanych z drukowaniem dowod\u00f3w osobistych.<\/p>\n<\/div>","protected":false},"excerpt":{"rendered":"<p>Fargo DTC1500 to wszechstronna drukarka do kart identyfikacyjnych, oferuj\u0105ca niedrogie materia\u0142y eksploatacyjne i zaawansowane funkcje bezpiecze\u0144stwa.<\/p>\n<p>Dzi\u0119ki trzyletniej gwarancji i mo\u017cliwo\u015bci dostosowania zabezpiecze\u0144 za pomoc\u0105 wbudowanego znaku wodnego jest to idealne rozwi\u0105zanie dla szk\u00f3\u0142, uniwersytet\u00f3w oraz ma\u0142ych i \u015brednich firm poszukuj\u0105cych niezawodnego i ekonomicznego rozwi\u0105zania do drukowania kart identyfikacyjnych.<\/p>","protected":false},"featured_media":144335,"template":"","meta":{"_acf_changed":false},"product_brand":[],"product_cat":[3206],"product_tag":[2830,3177,4863,3069],"class_list":{"0":"post-53738","1":"product","2":"type-product","3":"status-publish","4":"has-post-thumbnail","6":"product_cat-fargo","7":"product_tag-kortprinter-direct-to-card","8":"product_tag-fargo","9":"product_tag-pf","10":"product_tag-trade-produkt","11":"product_shipping_class-tunga-paket","12":"pa_brands-fargo","13":"pa_fabrikat-kortskrivare-fargo","14":"tm-no-options","16":"first","17":"outofstock","18":"sale","19":"taxable","20":"shipping-taxable","21":"purchasable","22":"product-type-simple"},"acf":[],"_links":{"self":[{"href":"https:\/\/secureus.se\/pl\/wp-json\/wp\/v2\/product\/53738","targetHints":{"allow":["GET"]}}],"collection":[{"href":"https:\/\/secureus.se\/pl\/wp-json\/wp\/v2\/product"}],"about":[{"href":"https:\/\/secureus.se\/pl\/wp-json\/wp\/v2\/types\/product"}],"wp:featuredmedia":[{"embeddable":true,"href":"https:\/\/secureus.se\/pl\/wp-json\/wp\/v2\/media\/144335"}],"wp:attachment":[{"href":"https:\/\/secureus.se\/pl\/wp-json\/wp\/v2\/media?parent=53738"}],"wp:term":[{"taxonomy":"product_brand","embeddable":true,"href":"https:\/\/secureus.se\/pl\/wp-json\/wp\/v2\/product_brand?post=53738"},{"taxonomy":"product_cat","embeddable":true,"href":"https:\/\/secureus.se\/pl\/wp-json\/wp\/v2\/product_cat?post=53738"},{"taxonomy":"product_tag","embeddable":true,"href":"https:\/\/secureus.se\/pl\/wp-json\/wp\/v2\/product_tag?post=53738"}],"curies":[{"name":"wp","href":"https:\/\/api.w.org\/{rel}","templated":true}]}}