{"id":53739,"date":"2022-06-21T17:57:08","date_gmt":"2022-06-21T15:57:08","guid":{"rendered":"https:\/\/secureus.se\/produkt\/fargo-dtc4250e-plastic-card-printer-dual-sided\/"},"modified":"2026-04-23T12:47:14","modified_gmt":"2026-04-23T10:47:14","slug":"kortskrivare-fargo-dtc4250e","status":"publish","type":"product","link":"https:\/\/secureus.se\/pl\/kortskrivare-fargo-dtc4250e\/","title":{"rendered":"Drukarka kart Fargo DTC4250e - Drukarka kart identyfikacyjnych (dwustronna)"},"content":{"rendered":"<div class=\"long_desc\">\n<p><strong>Elastyczny i ekonomiczny druk dowod\u00f3w osobistych za pomoc\u0105 Fargo DTC4250e:<\/strong> Fargo DTC4250e to wszechstronna drukarka kart identyfikacyjnych, kt\u00f3r\u0105 mo\u017cna dostosowa\u0107 do konkretnych potrzeb. Jest to idealne rozwi\u0105zanie dla instytucji takich jak uniwersytety, szko\u0142y oraz ma\u0142e i \u015brednie firmy, kt\u00f3re potrzebuj\u0105 wydajnego i niezawodnego rozwi\u0105zania do drukowania kart identyfikacyjnych.<\/p>\n<p><strong>Funkcje i zalety:<\/strong><\/p>\n<ul>\n<li><strong>Elastyczny projekt:<\/strong> Model podstawowy mo\u017cna szybko rozbudowa\u0107 do druku dwustronnego i zintegrowa\u0107 r\u00f3\u017cne kodery, w tym MIFARE i pasek magnetyczny.<\/li>\n<li><strong>Niski koszt materia\u0142\u00f3w eksploatacyjnych:<\/strong> Materia\u0142y eksploatacyjne o du\u017cej pojemno\u015bci pozwalaj\u0105 zaoszcz\u0119dzi\u0107 pieni\u0105dze w d\u0142u\u017cszej perspektywie.<\/li>\n<li><strong>Wbudowane zabezpieczenia:<\/strong> Konfigurowalny znak wodny zapewnia ochron\u0119 kart przed fa\u0142szowaniem.<\/li>\n<li><strong>\u0141atwo\u015b\u0107 u\u017cycia:<\/strong> Wydajna instalacja, \u0142adowanie i drukowanie dzi\u0119ki rolkom drukuj\u0105cym typu \u201ewszystko w jednym\u201d.<\/li>\n<\/ul>\n<p><strong>Specyfikacja techniczna:<\/strong><\/p>\n<ul>\n<li><strong>Szybko\u015b\u0107 druku:<\/strong> Do 225 kolorowych kart na godzin\u0119 (dwustronnie).<\/li>\n<li><strong>Pojemno\u015b\u0107:<\/strong> 100 kart w zasobniku wej\u015bciowym i 100 kart w zasobniku wyj\u015bciowym.<\/li>\n<li><strong>Typ karty:<\/strong> Format ISO 7810, CR80, rozmiar ID-1, kompatybilny z kartami PVC, PET i PC.<\/li>\n<li><strong>Znajomo\u015bci:<\/strong> USB 2.0 i Ethernet.<\/li>\n<\/ul>\n<p>Fargo DTC4250e oferuje niezawodne i elastyczne rozwi\u0105zanie do drukowania kart identyfikacyjnych, kt\u00f3re mo\u017cna dostosowa\u0107 do przysz\u0142ych potrzeb.<\/p>\n<\/div>","protected":false},"excerpt":{"rendered":"<p>Drukarka kart identyfikacyjnych Fargo DTC4250e umo\u017cliwia elastyczne i wysokiej jako\u015bci drukowanie dowod\u00f3w osobistych, takich jak identyfikatory pracownicze, karty dost\u0119pu i karty cz\u0142onkowskie.<\/p>\n<p>Dzi\u0119ki opcji aktualizacji do druku dwustronnego i integracji koder\u00f3w jest to idealne rozwi\u0105zanie dla ma\u0142ych i \u015brednich firm, szk\u00f3\u0142 i organizacji poszukuj\u0105cych niezawodnego rozwi\u0105zania do drukowania.<\/p>\n<p>Jest obj\u0119ty trzyletni\u0105 gwarancj\u0105 i bezp\u0142atnym oprogramowaniem EasyBadge Lite.<\/p>","protected":false},"featured_media":143802,"template":"","meta":{"_acf_changed":false},"product_brand":[],"product_cat":[3206],"product_tag":[2830,3172,3177,4863,3069],"class_list":{"0":"post-53739","1":"product","2":"type-product","3":"status-publish","4":"has-post-thumbnail","6":"product_cat-fargo","7":"product_tag-kortprinter-direct-to-card","8":"product_tag-dubbelsidig-dual-side","9":"product_tag-fargo","10":"product_tag-pf","11":"product_tag-trade-produkt","12":"product_shipping_class-tunga-paket","13":"pa_brands-fargo","14":"pa_fabrikat-kortskrivare-fargo","15":"tm-no-options","17":"first","18":"instock","19":"sale","20":"taxable","21":"shipping-taxable","22":"purchasable","23":"product-type-simple"},"acf":[],"_links":{"self":[{"href":"https:\/\/secureus.se\/pl\/wp-json\/wp\/v2\/product\/53739","targetHints":{"allow":["GET"]}}],"collection":[{"href":"https:\/\/secureus.se\/pl\/wp-json\/wp\/v2\/product"}],"about":[{"href":"https:\/\/secureus.se\/pl\/wp-json\/wp\/v2\/types\/product"}],"wp:featuredmedia":[{"embeddable":true,"href":"https:\/\/secureus.se\/pl\/wp-json\/wp\/v2\/media\/143802"}],"wp:attachment":[{"href":"https:\/\/secureus.se\/pl\/wp-json\/wp\/v2\/media?parent=53739"}],"wp:term":[{"taxonomy":"product_brand","embeddable":true,"href":"https:\/\/secureus.se\/pl\/wp-json\/wp\/v2\/product_brand?post=53739"},{"taxonomy":"product_cat","embeddable":true,"href":"https:\/\/secureus.se\/pl\/wp-json\/wp\/v2\/product_cat?post=53739"},{"taxonomy":"product_tag","embeddable":true,"href":"https:\/\/secureus.se\/pl\/wp-json\/wp\/v2\/product_tag?post=53739"}],"curies":[{"name":"wp","href":"https:\/\/api.w.org\/{rel}","templated":true}]}}