{"id":53741,"date":"2022-06-21T17:57:00","date_gmt":"2022-06-21T15:57:00","guid":{"rendered":"https:\/\/secureus.se\/produkt\/zebra-zxp-series-7-plastic-card-printer-dual-sided\/"},"modified":"2026-04-08T16:43:46","modified_gmt":"2026-04-08T14:43:46","slug":"kortskrivare-zebra-zxp-series-7","status":"publish","type":"product","link":"https:\/\/secureus.se\/pl\/kortskrivare-zebra-zxp-series-7\/","title":{"rendered":"Drukarka kart Zebra ZXP Series 7 - Drukarka kart identyfikacyjnych (dwustronna)"},"content":{"rendered":"<p><strong>Wysokowydajne drukowanie kart identyfikacyjnych na urz\u0105dzeniu Zebra ZXP Series 7:<\/strong> Zebra ZXP Series 7 to jedna z najbardziej zaawansowanych drukarek kart na rynku, zaprojektowana do obs\u0142ugi wysokonak\u0142adowego drukowania dowod\u00f3w osobistych z obrazami przypominaj\u0105cymi zdj\u0119cia.<\/p>\n<p>Jest idealny dla w\u0142adz, szk\u00f3\u0142 i firm, kt\u00f3re potrzebuj\u0105 wysokiego bezpiecze\u0144stwa i jasnej identyfikacji.<\/p>\n<p><strong>Funkcje i zalety:<\/strong><\/p>\n<ul>\n<li><strong>Jako\u015b\u0107 druku zbli\u017cona do fotograficznej:<\/strong> Dostarcza ostre i kolorowe karty, kt\u00f3re spe\u0142niaj\u0105 wysokie standardy identyfikacji.<\/li>\n<li><strong>Szybko\u015b\u0107 i wydajno\u015b\u0107:<\/strong> Mo\u017ce drukowa\u0107 do 300 kolorowych kart na godzin\u0119, co czyni j\u0105 niezwykle wydajn\u0105 w przypadku du\u017cych wydruk\u00f3w.<\/li>\n<li><strong>Druk dwustronny:<\/strong> Mo\u017cliwo\u015b\u0107 druku dwustronnego w celu maksymalnego wykorzystania powierzchni karty.<\/li>\n<li><strong>Przyjazny dla u\u017cytkownika:<\/strong> Wyposa\u017cone w kolorowe instrukcje i przejrzysty panel sterowania LCD u\u0142atwiaj\u0105cy obs\u0142ug\u0119.<\/li>\n<\/ul>\n<p><strong>Specyfikacja techniczna:<\/strong><\/p>\n<ul>\n<li><strong>Szybko\u015b\u0107 druku:<\/strong> Do 300 kart na godzin\u0119 (druk kolorowy, dwustronny).<\/li>\n<li><strong>Pojemno\u015b\u0107:<\/strong> 200 kart w zasobniku wej\u015bciowym i 100 kart w zasobniku wyj\u015bciowym.<\/li>\n<li><strong>Typ karty:<\/strong> Format ISO 7810, CR80, rozmiar ID-1, kompatybilny z kartami PVC i kompozytowymi.<\/li>\n<li><strong>Znajomo\u015bci:<\/strong> USB 2.0 i Ethernet dla elastycznego po\u0142\u0105czenia.<\/li>\n<\/ul>\n<p>Drukarka Zebra ZXP Series 7 \u0142\u0105czy w sobie wysokie bezpiecze\u0144stwo, szybko\u015b\u0107 i \u0142atwo\u015b\u0107 obs\u0142ugi, co czyni j\u0105 doskona\u0142ym rozwi\u0105zaniem spe\u0142niaj\u0105cym wszystkie potrzeby w zakresie drukowania kart identyfikacyjnych.<\/p>","protected":false},"excerpt":{"rendered":"<p>Drukarka kart identyfikacyjnych Zebra ZXP Series 7 oferuje wyj\u0105tkow\u0105 jako\u015b\u0107 i szybko\u015b\u0107 druku, dzi\u0119ki czemu idealnie nadaje si\u0119 do drukowania wysokonak\u0142adowych kart identyfikacyjnych przypominaj\u0105cych zdj\u0119cia.<\/p>\n<p>Dzi\u0119ki mo\u017cliwo\u015bci druku po obu stronach karty oraz opcjom \u0142\u0105czno\u015bci, takim jak USB i Ethernet, jest to idealne rozwi\u0105zanie dla firm, kt\u00f3re potrzebuj\u0105 bezpiecznej i niezawodnej identyfikacji.<\/p>","protected":false},"featured_media":144121,"template":"","meta":{"_acf_changed":false},"product_brand":[],"product_cat":[3210],"product_tag":[2830,3172,4863,3069,3185],"class_list":{"0":"post-53741","1":"product","2":"type-product","3":"status-publish","4":"has-post-thumbnail","6":"product_cat-zebra","7":"product_tag-kortprinter-direct-to-card","8":"product_tag-dubbelsidig-dual-side","9":"product_tag-pf","10":"product_tag-trade-produkt","11":"product_tag-zebra","12":"product_shipping_class-tunga-paket","13":"pa_brands-zebra","14":"pa_fabrikat-kortskrivare-zebra","15":"tm-no-options","17":"first","18":"outofstock","19":"sale","20":"taxable","21":"shipping-taxable","22":"purchasable","23":"product-type-simple"},"acf":[],"_links":{"self":[{"href":"https:\/\/secureus.se\/pl\/wp-json\/wp\/v2\/product\/53741","targetHints":{"allow":["GET"]}}],"collection":[{"href":"https:\/\/secureus.se\/pl\/wp-json\/wp\/v2\/product"}],"about":[{"href":"https:\/\/secureus.se\/pl\/wp-json\/wp\/v2\/types\/product"}],"wp:featuredmedia":[{"embeddable":true,"href":"https:\/\/secureus.se\/pl\/wp-json\/wp\/v2\/media\/144121"}],"wp:attachment":[{"href":"https:\/\/secureus.se\/pl\/wp-json\/wp\/v2\/media?parent=53741"}],"wp:term":[{"taxonomy":"product_brand","embeddable":true,"href":"https:\/\/secureus.se\/pl\/wp-json\/wp\/v2\/product_brand?post=53741"},{"taxonomy":"product_cat","embeddable":true,"href":"https:\/\/secureus.se\/pl\/wp-json\/wp\/v2\/product_cat?post=53741"},{"taxonomy":"product_tag","embeddable":true,"href":"https:\/\/secureus.se\/pl\/wp-json\/wp\/v2\/product_tag?post=53741"}],"curies":[{"name":"wp","href":"https:\/\/api.w.org\/{rel}","templated":true}]}}